{"id":990,"date":"2010-11-11T15:13:53","date_gmt":"2010-11-11T15:13:53","guid":{"rendered":"http:\/\/www.bvvizela.pt\/site\/"},"modified":"2017-11-28T16:58:21","modified_gmt":"2017-11-28T16:58:21","slug":"accoes-de-formacao","status":"publish","type":"page","link":"https:\/\/www.bvvizela.pt\/site\/informacoes\/accoes-de-formacao\/","title":{"rendered":"Ac\u00e7\u00f5es de Forma\u00e7\u00e3o"},"content":{"rendered":"<p><strong>2010-11-09<\/strong><\/p>\n<p>Nos dias 9 e 10 de Novembro compareceram nas instala\u00e7\u00f5es dos Bombeiros um grupo de forma\u00e7\u00e3o que decorre no Centro Social e Paroquial de Barrosas \u2013 St\u00aa Eul\u00e1lia.<\/p>\n<p>Na sua visita \u00e0s instala\u00e7\u00f5es dos Bombeiros de Vizela foi tamb\u00e9m dada uma palestra sobre como proceder quando ligam 112 e alertados as informa\u00e7\u00f5es essenciais para um r\u00e1pido e eficaz socorro. Al\u00e9m disso ensinaram-se alguns procedimentos em primeiros socorros.<\/p>\n<p>********************************************************************************************************************<\/p>\n<p><strong>2010-11-18<\/strong><\/p>\n<p style=\"text-align: center;\"><strong>Forma\u00e7\u00e3o de extintores<\/strong><\/p>\n<p>No dia 18 de Novembro de 2010 os Bombeiros de Vizela estiveram na empresa de estamparia Costampa, em Infias, para uma forma\u00e7\u00e3o de extintores.<\/p>\n<p>A forma\u00e7\u00e3o contou com dois bombeiros e foram cerca de 40 trabalhadores da empresa de estamparia que assistiram e participaram na forma\u00e7\u00e3o de extintores e no seu manuseio. Nesta forma\u00e7\u00e3o efectuou-se uma breve palestra aos participantes de forma a obterem uma base te\u00f3rica dos extintores (tipos\/manuseio\/classe de fogo\/exposi\u00e7\u00e3o) e uma outra pr\u00e1tica onde os participantes tiveram a oportunidade de usar o extintor com fogo real controlado.<\/p>\n<p>Esta forma\u00e7\u00e3o mostrou aos participantes os m\u00e9todos de actua\u00e7\u00e3o e os poss\u00edveis perigos e cuidados a ter na utiliza\u00e7\u00e3o de extintores e praticaram regras de seguran\u00e7a.<\/p>\n<p>Todas as regras de seguran\u00e7a foram tidas em conta durante toda a forma\u00e7\u00e3o, designadamente na exposi\u00e7\u00e3o e demonstra\u00e7\u00e3o.<\/p>\nngg_shortcode_0_placeholder\n<p>********************************************************************************************************************<\/p>\n<p style=\"text-align: left;\"><strong>2011-01-29<\/strong><\/p>\n<p style=\"text-align: center;\"><strong>Forma\u00e7\u00e3o de SD<\/strong><\/p>\n<p>Sendo a forma\u00e7\u00e3o uma pedra basilar na actividade dos bombeiros, no passado dia 29 de Janeiro de 2011, 10 elementos dos Bombeiros Volunt\u00e1rios de Vizela receberam forma\u00e7\u00e3o complementar em t\u00e9cnicas de desencarceramento.<\/p>\n<p>A forma\u00e7\u00e3o foi ministrada por Formador da Escola Nacional de Bombeiros, na \u00e1rea de T\u00e9cnicas de Salvamento e Desencarceramento, que muito amavelmente veio \u00e0 Cidade Termal mostrar aos nossos Bombeiros t\u00e9cnicas novas em Desencarceramento.<\/p>\n<p>A forma\u00e7\u00e3o teve a dura\u00e7\u00e3o de 5h, mas fica a sensa\u00e7\u00e3o de, apesar de terem sido insuficientes, ter sido muito proveitosa e muito importante para a actividade dos bombeiros.<\/p>\n<p>No fim-de-semana de 11, 12 e 13 de Fevereiro, come\u00e7ar\u00e1 um novo curso de T\u00e9cnicas de Salvamento e Desencarceramento para mais 10 elementos desta corpora\u00e7\u00e3o, com a dura\u00e7\u00e3o total de 50 horas.<\/p>\nngg_shortcode_1_placeholder\n","protected":false},"excerpt":{"rendered":"<p>2010-11-09 Nos dias 9 e 10 de Novembro compareceram nas instala\u00e7\u00f5es dos Bombeiros um grupo de forma\u00e7\u00e3o que decorre no Centro Social e Paroquial de Barrosas \u2013 St\u00aa Eul\u00e1lia. Na sua visita \u00e0s instala\u00e7\u00f5es dos Bombeiros de Vizela foi tamb\u00e9m<\/p>\n","protected":false},"author":2,"featured_media":0,"parent":71,"menu_order":0,"comment_status":"closed","ping_status":"closed","template":"","meta":{"ngg_post_thumbnail":0,"footnotes":""},"class_list":["post-990","page","type-page","status-publish","hentry"],"_links":{"self":[{"href":"https:\/\/www.bvvizela.pt\/site\/wp-json\/wp\/v2\/pages\/990","targetHints":{"allow":["GET"]}}],"collection":[{"href":"https:\/\/www.bvvizela.pt\/site\/wp-json\/wp\/v2\/pages"}],"about":[{"href":"https:\/\/www.bvvizela.pt\/site\/wp-json\/wp\/v2\/types\/page"}],"author":[{"embeddable":true,"href":"https:\/\/www.bvvizela.pt\/site\/wp-json\/wp\/v2\/users\/2"}],"replies":[{"embeddable":true,"href":"https:\/\/www.bvvizela.pt\/site\/wp-json\/wp\/v2\/comments?post=990"}],"version-history":[{"count":8,"href":"https:\/\/www.bvvizela.pt\/site\/wp-json\/wp\/v2\/pages\/990\/revisions"}],"predecessor-version":[{"id":4633,"href":"https:\/\/www.bvvizela.pt\/site\/wp-json\/wp\/v2\/pages\/990\/revisions\/4633"}],"up":[{"embeddable":true,"href":"https:\/\/www.bvvizela.pt\/site\/wp-json\/wp\/v2\/pages\/71"}],"wp:attachment":[{"href":"https:\/\/www.bvvizela.pt\/site\/wp-json\/wp\/v2\/media?parent=990"}],"curies":[{"name":"wp","href":"https:\/\/api.w.org\/{rel}","templated":true}]}}