{"id":77,"date":"2010-04-30T16:46:17","date_gmt":"2010-04-30T15:46:17","guid":{"rendered":"http:\/\/www.bvvizela.pt\/site\/?page_id=77"},"modified":"2017-11-28T16:59:40","modified_gmt":"2017-11-28T16:59:40","slug":"legislacao-bombeiros","status":"publish","type":"page","link":"https:\/\/www.bvvizela.pt\/site\/informacoes\/legislacao-bombeiros\/","title":{"rendered":"Legisla\u00e7\u00e3o Bombeiros"},"content":{"rendered":"<p>Toda a legisla\u00e7\u00e3o encontra-se disponivel no site da Autoridade Nacional de Protec\u00e7\u00e3o Civil.<\/p>\n<p>Pode consulta-la <a href=\"http:\/\/www.prociv.pt\/Legislacao\/Pages\/LegislacaoEstruturante.aspx\" target=\"_blank\" rel=\"noopener\">aqui<\/a>.<\/p>\nngg_shortcode_0_placeholder\n","protected":false},"excerpt":{"rendered":"<p>Toda a legisla\u00e7\u00e3o encontra-se disponivel no site da Autoridade Nacional de Protec\u00e7\u00e3o Civil. Pode consulta-la aqui.<\/p>\n","protected":false},"author":6,"featured_media":0,"parent":71,"menu_order":2,"comment_status":"closed","ping_status":"closed","template":"","meta":{"ngg_post_thumbnail":0,"footnotes":""},"class_list":["post-77","page","type-page","status-publish","hentry"],"_links":{"self":[{"href":"https:\/\/www.bvvizela.pt\/site\/wp-json\/wp\/v2\/pages\/77","targetHints":{"allow":["GET"]}}],"collection":[{"href":"https:\/\/www.bvvizela.pt\/site\/wp-json\/wp\/v2\/pages"}],"about":[{"href":"https:\/\/www.bvvizela.pt\/site\/wp-json\/wp\/v2\/types\/page"}],"author":[{"embeddable":true,"href":"https:\/\/www.bvvizela.pt\/site\/wp-json\/wp\/v2\/users\/6"}],"replies":[{"embeddable":true,"href":"https:\/\/www.bvvizela.pt\/site\/wp-json\/wp\/v2\/comments?post=77"}],"version-history":[{"count":11,"href":"https:\/\/www.bvvizela.pt\/site\/wp-json\/wp\/v2\/pages\/77\/revisions"}],"predecessor-version":[{"id":4645,"href":"https:\/\/www.bvvizela.pt\/site\/wp-json\/wp\/v2\/pages\/77\/revisions\/4645"}],"up":[{"embeddable":true,"href":"https:\/\/www.bvvizela.pt\/site\/wp-json\/wp\/v2\/pages\/71"}],"wp:attachment":[{"href":"https:\/\/www.bvvizela.pt\/site\/wp-json\/wp\/v2\/media?parent=77"}],"curies":[{"name":"wp","href":"https:\/\/api.w.org\/{rel}","templated":true}]}}