{"id":73,"date":"2010-04-30T16:45:38","date_gmt":"2010-04-30T15:45:38","guid":{"rendered":"http:\/\/www.bvvizela.pt\/site\/?page_id=73"},"modified":"2017-11-28T16:58:57","modified_gmt":"2017-11-28T16:58:57","slug":"emergencia-122","status":"publish","type":"page","link":"https:\/\/www.bvvizela.pt\/site\/informacoes\/emergencia-122\/","title":{"rendered":"Emerg\u00eancia 112"},"content":{"rendered":"ngg_shortcode_0_placeholder\n<p><strong>PORQU\u00ca LIGAR 112<\/strong><\/p>\n<p>Todos n\u00f3s somos parte do Sistema Integrado de Emerg\u00eancia M\u00e9dica (SIEM) e por isso \u00e9 fundamental que cada um de n\u00f3s compreenda o seu funcionamento.<\/p>\n<p>Sempre que precisar de ajuda deve ligar <strong>112<\/strong>. A sua chamada vai ser atendida por um agente da autoridade que, dependendo do seu pedido, reencaminhar\u00e1 para a institui\u00e7\u00e3o de apoio.<\/p>\n<p>Assim, sempre que ligar 112 informe apenas do que precisa, ou fa\u00e7a uma breve descri\u00e7\u00e3o (ex. preciso de uma ambul\u00e2ncia \u2013 ser\u00e1 reencaminhada para o Centro de Orienta\u00e7\u00e3o de Doentes Urgentes \u2013 CODU. Ou preciso da GNR\/PSP e a chamada ser\u00e1 reencaminhada para as for\u00e7as de seguran\u00e7a local).<\/p>\n<p>Ao ligar 112 ser\u00e1 feita uma triagem para desta forma se puder enviar os meios necess\u00e1rios \u00e1 situa\u00e7\u00e3o que se encontra, por exemplo, apenas uma ambul\u00e2ncia e\/ou tamb\u00e9m o Ve\u00edculo M\u00e9dico de Emerg\u00eancia e Reanima\u00e7\u00e3o \u2013 VMER. Desta forma est\u00e3o a aproveitar-se os recursos necess\u00e1rios e indispens\u00e1veis \u00e1 situa\u00e7\u00e3o e ainda diminuir\u00e1 os recursos financeiros.<\/p>\n<p>Para a efic\u00e1cia das ac\u00e7\u00f5es sejam produtivas e vis\u00edveis \u00e9 necess\u00e1rio que todos saibamos ter em considera\u00e7\u00e3o o seguinte:<\/p>\n<ul>\n<li>Contacto de onde est\u00e1 a ligar (caso seja preciso ligar de volta)<\/li>\n<li>Local, se poss\u00edvel com pontos de refer\u00eancia<\/li>\n<li>Situa\u00e7\u00e3o (acidente, queda, doen\u00e7a s\u00fabita (desmaios, dores, convuls\u00f5es), intoxica\u00e7\u00e3o, afogamento, queimadura, atropelamento, acidente de trabalho)<\/li>\n<li>N\u00ba de v\u00edtimas<\/li>\n<li>Queixas principais (se conscientes, se falam, se conseguem andar)<\/li>\n<li>Doen\u00e7as conhecidas<\/li>\n<li>Aguardar pelas instru\u00e7\u00f5es do operador (poder\u00e1 dar informa\u00e7\u00e3o que pode ser muito \u00fatil e que at\u00e9 podem salvar a vitima, por exemplo colocar a vitima de lado para poder respirar por ela. Ao mesmo tempo enviar\u00e1 o aux\u00edlio mais apropriado.)<\/li>\n<li>Esteja sempre atento \u00e1 chegada do aux\u00edlio e indique o local.<\/li>\n<\/ul>\n<p>Lembre-se que est\u00e1 sempre um m\u00e9dico respons\u00e1vel pelo envio do apoio.<\/p>\n<p style=\"text-align: center;\">&nbsp;<\/p>\n","protected":false},"excerpt":{"rendered":"<p>PORQU\u00ca LIGAR 112 Todos n\u00f3s somos parte do Sistema Integrado de Emerg\u00eancia M\u00e9dica (SIEM) e por isso \u00e9 fundamental que cada um de n\u00f3s compreenda o seu funcionamento. Sempre que precisar de ajuda deve ligar 112. A sua chamada vai<\/p>\n","protected":false},"author":6,"featured_media":0,"parent":71,"menu_order":0,"comment_status":"closed","ping_status":"closed","template":"","meta":{"ngg_post_thumbnail":0,"footnotes":""},"class_list":["post-73","page","type-page","status-publish","hentry"],"_links":{"self":[{"href":"https:\/\/www.bvvizela.pt\/site\/wp-json\/wp\/v2\/pages\/73","targetHints":{"allow":["GET"]}}],"collection":[{"href":"https:\/\/www.bvvizela.pt\/site\/wp-json\/wp\/v2\/pages"}],"about":[{"href":"https:\/\/www.bvvizela.pt\/site\/wp-json\/wp\/v2\/types\/page"}],"author":[{"embeddable":true,"href":"https:\/\/www.bvvizela.pt\/site\/wp-json\/wp\/v2\/users\/6"}],"replies":[{"embeddable":true,"href":"https:\/\/www.bvvizela.pt\/site\/wp-json\/wp\/v2\/comments?post=73"}],"version-history":[{"count":17,"href":"https:\/\/www.bvvizela.pt\/site\/wp-json\/wp\/v2\/pages\/73\/revisions"}],"predecessor-version":[{"id":4635,"href":"https:\/\/www.bvvizela.pt\/site\/wp-json\/wp\/v2\/pages\/73\/revisions\/4635"}],"up":[{"embeddable":true,"href":"https:\/\/www.bvvizela.pt\/site\/wp-json\/wp\/v2\/pages\/71"}],"wp:attachment":[{"href":"https:\/\/www.bvvizela.pt\/site\/wp-json\/wp\/v2\/media?parent=73"}],"curies":[{"name":"wp","href":"https:\/\/api.w.org\/{rel}","templated":true}]}}