{"id":67,"date":"2010-04-30T16:44:29","date_gmt":"2010-04-30T15:44:29","guid":{"rendered":"http:\/\/www.bvvizela.pt\/site\/?page_id=67"},"modified":"2018-04-07T00:43:15","modified_gmt":"2018-04-06T23:43:15","slug":"fanfarra","status":"publish","type":"page","link":"https:\/\/www.bvvizela.pt\/site\/grupos-autonomos-seccoes\/fanfarra\/","title":{"rendered":"Fanfarra"},"content":{"rendered":"<h4>ngg_shortcode_0_placeholder<\/h4>\n<p>A fanfarra da Real Associa\u00e7\u00e3o Humanit\u00e1ria dos Bombeiros Volunt\u00e1rios de Vizela foi fundada no ano de 1975, inicialmente era apenas constitu\u00edda por Clarins e acompanhados pela Banda Filarm\u00f3nica Vizelense, intimamente ligada desde as suas origens e mais tarde \u00e9 refor\u00e7ada com a entrada de instrumentos de percuss\u00e3o.<\/p>\n<p>J\u00e1 foi reconhecida em v\u00e1rios eventos, recebendo v\u00e1rios pr\u00e9mios no \u00e2mbito dos Bombeiros, nomeadamente ta\u00e7as de 1\u00ba e 2\u00ba lugar em concursos de fanfarras e varias recorda\u00e7\u00f5es de encontros entre fanfarras que tem mantido presen\u00e7a, numa m\u00e9dia de 3 participa\u00e7\u00f5es por ano.<\/p>\n<p>O seu ultimo ponto alto foi a realiza\u00e7\u00e3o e organiza\u00e7\u00e3o um desfile de fanfarras em Vizela, a 12 de Maio de 2007 para celebrar os 130\u00ba anivers\u00e1rio da R. A. H. dos Bombeiros Volunt\u00e1rios de Vizela e com a despedida do chefe Ant\u00f3nio Pedrosa Barbosa e a inicia\u00e7\u00e3o da chefia pelo seu filho Ant\u00f3nio Jo\u00e3o Ribeiro Barbosa atual chefe da fanfarra.<\/p>\n<h4><strong>A nossa fanfarra:<\/strong><\/h4>\nngg_shortcode_1_placeholder\n<p><span style=\"text-decoration: underline;\"><strong>Elementos:<\/strong><\/span><\/p>\n<table style=\"height: 787px;\" border=\"3\" width=\"438\" cellspacing=\"0\" cellpadding=\"0\">\n<tbody>\n<tr>\n<td valign=\"bottom\" width=\"273\"><strong>Nome<\/strong><\/td>\n<td valign=\"bottom\" width=\"131\"><strong>Instrumento<\/strong><\/td>\n<td valign=\"bottom\" width=\"130\"><strong>Ano de Admiss\u00e3o<\/strong><\/td>\n<\/tr>\n<tr>\n<td valign=\"top\" width=\"273\">Ant\u00f3nio Jo\u00e3o Ribeiro Barbosa<\/td>\n<td valign=\"top\" width=\"131\">Chefe<\/td>\n<td valign=\"top\" width=\"130\">1982<\/td>\n<\/tr>\n<tr>\n<td valign=\"top\" width=\"273\">S\u00e9rgio Augusto Silva Ribeiro<\/td>\n<td valign=\"top\" width=\"131\">Gui\u00e3o<\/td>\n<td valign=\"top\" width=\"130\">&nbsp;<\/td>\n<\/tr>\n<tr>\n<td valign=\"top\" width=\"273\">Armindo Manuel Gon\u00e7alves Ribeiro<\/td>\n<td valign=\"top\" width=\"131\">Bombo<\/td>\n<td valign=\"top\" width=\"130\">1992<\/td>\n<\/tr>\n<tr>\n<td valign=\"top\" width=\"273\">Tiago Romeu Freitas Gra\u00e7a<\/td>\n<td valign=\"top\" width=\"131\">Bombo<\/td>\n<td valign=\"top\" width=\"130\">2002<\/td>\n<\/tr>\n<tr>\n<td valign=\"top\" width=\"273\">David Jos\u00e9 Sousa Silva<\/td>\n<td valign=\"top\" width=\"131\">Bombo<\/td>\n<td valign=\"top\" width=\"130\">2002<\/td>\n<\/tr>\n<tr>\n<td valign=\"top\" width=\"273\">Jos\u00e9 Abel Machado Pacheco<\/td>\n<td valign=\"top\" width=\"131\">Timbal\u00e3o<\/td>\n<td valign=\"top\" width=\"130\">1989<\/td>\n<\/tr>\n<tr>\n<td valign=\"top\" width=\"273\">Ad\u00e3o Carlos Ribeiro de Freitas<\/td>\n<td valign=\"top\" width=\"131\">Timbal\u00e3o<\/td>\n<td valign=\"top\" width=\"130\">1989<\/td>\n<\/tr>\n<tr>\n<td valign=\"top\" width=\"273\">Jos\u00e9 Miguel Soares Ribeiro<\/td>\n<td valign=\"top\" width=\"131\">Timbal\u00e3o<\/td>\n<td valign=\"top\" width=\"130\">1999<\/td>\n<\/tr>\n<tr>\n<td valign=\"top\" width=\"273\">Jorge Fernando Lopes Ferreira Alves<\/td>\n<td valign=\"top\" width=\"131\">Timbal\u00e3o<\/td>\n<td valign=\"top\" width=\"130\">2007<\/td>\n<\/tr>\n<tr>\n<td valign=\"top\" width=\"273\">Joaquim Fernando Castro Baptista<\/td>\n<td valign=\"top\" width=\"131\">Tarola<\/td>\n<td valign=\"top\" width=\"130\">1979<\/td>\n<\/tr>\n<tr>\n<td valign=\"top\" width=\"273\">Marco Ant\u00f3nio da Costa Dias<\/td>\n<td valign=\"top\" width=\"131\">Tarola<\/td>\n<td valign=\"top\" width=\"130\">1985<\/td>\n<\/tr>\n<tr>\n<td valign=\"top\" width=\"273\">Leandro Henriques Amaral Dias<\/td>\n<td valign=\"top\" width=\"131\">Tarola<\/td>\n<td valign=\"top\" width=\"130\">1992<\/td>\n<\/tr>\n<tr>\n<td valign=\"top\" width=\"273\">Romeu Filipe Silva Pinto<\/td>\n<td valign=\"top\" width=\"131\">Tarola<\/td>\n<td valign=\"top\" width=\"130\">1995<\/td>\n<\/tr>\n<tr>\n<td valign=\"top\" width=\"273\">Lu\u00eds Carlos Peixoto Coelho<\/td>\n<td valign=\"top\" width=\"131\">Pratos<\/td>\n<td valign=\"top\" width=\"130\">2011<\/td>\n<\/tr>\n<tr>\n<td valign=\"top\" width=\"273\">Diogo Rafael Castro Leite<\/td>\n<td valign=\"top\" width=\"131\">Caixa<\/td>\n<td valign=\"top\" width=\"130\">2009<\/td>\n<\/tr>\n<tr>\n<td valign=\"top\" width=\"273\">Maria de Lurdes Ribeiro Ferreira<\/td>\n<td valign=\"top\" width=\"131\">Caixa<\/td>\n<td valign=\"top\" width=\"130\">2007<\/td>\n<\/tr>\n<tr>\n<td valign=\"top\" width=\"273\">Barbara Marta Silva Ferreira<\/td>\n<td valign=\"top\" width=\"131\">Caixa<\/td>\n<td valign=\"top\" width=\"130\">2011<\/td>\n<\/tr>\n<tr>\n<td valign=\"top\" width=\"273\">Manuel Leite Ribeiro<\/td>\n<td valign=\"top\" width=\"131\">Caixa<\/td>\n<td valign=\"top\" width=\"130\">2011<\/td>\n<\/tr>\n<tr>\n<td valign=\"top\" width=\"273\">Ricardina Manuela Cunha Moreira<\/td>\n<td valign=\"top\" width=\"131\">Caixa<\/td>\n<td valign=\"top\" width=\"130\">2011<\/td>\n<\/tr>\n<tr>\n<td valign=\"top\" width=\"273\">Jo\u00e3o Tiago Ribeiro Faria<\/td>\n<td valign=\"top\" width=\"131\">Caixa<\/td>\n<td valign=\"top\" width=\"130\">2011<\/td>\n<\/tr>\n<tr>\n<td valign=\"top\" width=\"273\">Telma Catarina Cunha Barbosa<\/td>\n<td valign=\"top\" width=\"131\">Caixa<\/td>\n<td valign=\"top\" width=\"130\">2011<\/td>\n<\/tr>\n<tr>\n<td valign=\"top\" width=\"273\">Francisco Miguel Alves Ribeiro<\/td>\n<td valign=\"top\" width=\"131\">Caixa<\/td>\n<td valign=\"top\" width=\"130\">2011<\/td>\n<\/tr>\n<tr>\n<td valign=\"top\" width=\"273\">Andreia Patr\u00edcia Sousa Dias<\/td>\n<td valign=\"top\" width=\"131\">Caixa<\/td>\n<td valign=\"top\" width=\"130\">2011<\/td>\n<\/tr>\n<tr>\n<td valign=\"top\" width=\"273\">Miguel \u00c2ngelo Azevedo da Silva<\/td>\n<td valign=\"top\" width=\"131\">Caixa<\/td>\n<td valign=\"top\" width=\"130\">2013<\/td>\n<\/tr>\n<tr>\n<td valign=\"top\" width=\"273\">Jos\u00e9 Miguel Sousa Barbosa<\/td>\n<td valign=\"top\" width=\"131\">Caixa<\/td>\n<td valign=\"top\" width=\"130\">2013<\/td>\n<\/tr>\n<tr>\n<td valign=\"top\" width=\"273\">Jo\u00e3o Paulo Oliveira Machado<\/td>\n<td valign=\"top\" width=\"131\">Caixa<\/td>\n<td valign=\"top\" width=\"130\">2011<\/td>\n<\/tr>\n<tr>\n<td valign=\"top\" width=\"273\">Ana Catarina Machado Gon\u00e7alves<\/td>\n<td valign=\"top\" width=\"131\">Caixa<\/td>\n<td valign=\"top\" width=\"130\">2011<\/td>\n<\/tr>\n<tr>\n<td valign=\"top\" width=\"273\">Diogo Filipe Castro Pinto<\/td>\n<td valign=\"top\" width=\"131\">Caixa<\/td>\n<td valign=\"top\" width=\"130\">2011<\/td>\n<\/tr>\n<tr>\n<td valign=\"top\" width=\"273\">Leandro Pinto Amaral Dias<\/td>\n<td valign=\"top\" width=\"131\">Caixa<\/td>\n<td valign=\"top\" width=\"130\">2011<\/td>\n<\/tr>\n<tr>\n<td valign=\"top\" width=\"273\">Raquel Patr\u00edcia Abreu Ribeiro<\/td>\n<td valign=\"top\" width=\"131\">Lira<\/td>\n<td valign=\"top\" width=\"130\">2013<\/td>\n<\/tr>\n<tr>\n<td valign=\"top\" width=\"273\">Ad\u00e3o Fernando de Freitas Alves<\/td>\n<td valign=\"top\" width=\"131\">Clarim<\/td>\n<td valign=\"top\" width=\"130\">1982<\/td>\n<\/tr>\n<tr>\n<td valign=\"top\" width=\"273\">Rui Daniel Ribeiro Barbosa<\/td>\n<td valign=\"top\" width=\"131\">Clarim<\/td>\n<td valign=\"top\" width=\"130\">1986<\/td>\n<\/tr>\n<tr>\n<td valign=\"top\" width=\"273\">Adelino Alves Ribeiro<\/td>\n<td valign=\"top\" width=\"131\">Clarim<\/td>\n<td valign=\"top\" width=\"130\">1985<\/td>\n<\/tr>\n<tr>\n<td valign=\"top\" width=\"273\">Manuel Augusto Lopes Ribeiro<\/td>\n<td valign=\"top\" width=\"131\">Clarim<\/td>\n<td valign=\"top\" width=\"130\">1986<\/td>\n<\/tr>\n<tr>\n<td valign=\"top\" width=\"273\">Ant\u00f3nio Rui Ferreira Ribeiro<\/td>\n<td valign=\"top\" width=\"131\">Clarim<\/td>\n<td valign=\"top\" width=\"130\">1994<\/td>\n<\/tr>\n<tr>\n<td valign=\"top\" width=\"273\">Jos\u00e9 Emanuel Macedo Nogueira<\/td>\n<td valign=\"top\" width=\"131\">Clarim<\/td>\n<td valign=\"top\" width=\"130\">2011<\/td>\n<\/tr>\n<tr>\n<td valign=\"top\" width=\"273\">Bruno Miguel Pinto Barbosa<\/td>\n<td valign=\"top\" width=\"131\">Clarim<\/td>\n<td valign=\"top\" width=\"130\">2001<\/td>\n<\/tr>\n<tr>\n<td valign=\"top\" width=\"273\">Jo\u00e3o Pedro Br\u00e1s Pinheiro<\/td>\n<td valign=\"top\" width=\"131\">Clarim<\/td>\n<td valign=\"top\" width=\"130\">2005<\/td>\n<\/tr>\n<tr>\n<td valign=\"top\" width=\"273\">Sara Teresa Gon\u00e7alves Ferreira<\/td>\n<td valign=\"top\" width=\"131\">Clarim<\/td>\n<td valign=\"top\" width=\"130\">2007<\/td>\n<\/tr>\n<tr>\n<td valign=\"top\" width=\"273\">Hugo Miguel Pinto Ferreira<\/td>\n<td valign=\"top\" width=\"131\">Clarim<\/td>\n<td valign=\"top\" width=\"130\">2009<\/td>\n<\/tr>\n<tr>\n<td valign=\"top\" width=\"273\">Sim\u00e3o Pedro Silva Cunha<\/td>\n<td valign=\"top\" width=\"131\">Clarim<\/td>\n<td valign=\"top\" width=\"130\">2009<\/td>\n<\/tr>\n<tr>\n<td valign=\"top\" width=\"273\">Nuno Miguel Fernandes Barbosa<\/td>\n<td valign=\"top\" width=\"131\">Clarim<\/td>\n<td valign=\"top\" width=\"130\">2013<\/td>\n<\/tr>\n<tr>\n<td valign=\"top\" width=\"273\">Alice Marcela da Silva Sousa<\/td>\n<td valign=\"top\" width=\"131\">Clarim<\/td>\n<td valign=\"top\" width=\"130\">2011<\/td>\n<\/tr>\n<tr>\n<td valign=\"top\" width=\"273\">Artur da Silva Peixoto<\/td>\n<td valign=\"top\" width=\"131\">Baixo<\/td>\n<td valign=\"top\" width=\"130\">1974<\/td>\n<\/tr>\n<tr>\n<td valign=\"top\" width=\"273\">David da Fonseca Abreu<\/td>\n<td valign=\"top\" width=\"131\">Baixo<\/td>\n<td valign=\"top\" width=\"130\">2002<\/td>\n<\/tr>\n<tr>\n<td valign=\"top\" width=\"273\">Paulo Filipe Sousa Vale<\/td>\n<td valign=\"top\" width=\"131\">Baixo<\/td>\n<td valign=\"top\" width=\"130\">2004<\/td>\n<\/tr>\n<tr>\n<td valign=\"top\" width=\"273\">Leandro Edgar Correia da Costa<\/td>\n<td valign=\"top\" width=\"131\">Baixo<\/td>\n<td valign=\"top\" width=\"130\">2009<\/td>\n<\/tr>\n<tr>\n<td valign=\"top\" width=\"273\">Jo\u00e3o Manuel Ribeiro Oliveira<\/td>\n<td valign=\"top\" width=\"131\">Sousafone<\/td>\n<td valign=\"top\" width=\"130\">2007<\/td>\n<\/tr>\n<tr>\n<td valign=\"top\" width=\"273\">Bruno Alexandre Vale Carvalho<\/td>\n<td valign=\"top\" width=\"131\">Sousafone<\/td>\n<td valign=\"top\" width=\"130\">2011<\/td>\n<\/tr>\n<\/tbody>\n<\/table>\n<p>&nbsp;<br \/>\n<span style=\"text-decoration: underline;\"><strong>Sala de Fanfarra:<\/strong><\/span><\/p>\nngg_shortcode_2_placeholder\n<h4><span style=\"text-decoration: underline;\"><strong>Actua\u00e7\u00f5es:<\/strong><\/span><\/h4>\n<p><a href=\"http:\/\/www.youtube.com\/watch?v=PzVdS3tc7Cw\" target=\"_blank\" rel=\"noopener\">Actua\u00e7\u00e3o da Fanfarra em Fafe<\/a>, no passado m\u00eas de Maio<\/p>\n<p><strong>2011-07-23<\/strong><\/p>\n<div>\n<p>A fanfarra dos Bombeiros Volunt\u00e1rios de Vizela participou, no dia 23 de Julho, na apresenta\u00e7\u00e3o do CD M\u00farmurios do Vizela, do maestro Chic\u00f3ria. Foi uma noite magnifica!<\/p>\n<p>Ficam as fotos para recordar.<\/p>\nngg_shortcode_3_placeholder\n<p><strong>Marchas de Vizela 2011<\/strong><\/p>\nngg_shortcode_4_placeholder\n<p><a href=\"http:\/\/www.youtube.com\/watch?v=BTYrnF5G3bE\" target=\"_blank\" rel=\"noopener\">http:\/\/www.youtube.com\/watch?v=BTYrnF5G3bE<\/a><\/p>\n<p><strong>Pr\u00f3ximas Sa\u00eddas:<\/strong><strong><br \/>\n<\/strong><\/p>\n<\/div>\n","protected":false},"excerpt":{"rendered":"<p>A fanfarra da Real Associa\u00e7\u00e3o Humanit\u00e1ria dos Bombeiros Volunt\u00e1rios de Vizela foi fundada no ano de 1975, inicialmente era apenas constitu\u00edda por Clarins e acompanhados pela Banda Filarm\u00f3nica Vizelense, intimamente ligada desde as suas origens e mais tarde \u00e9 refor\u00e7ada<\/p>\n","protected":false},"author":6,"featured_media":0,"parent":7,"menu_order":1,"comment_status":"closed","ping_status":"closed","template":"","meta":{"ngg_post_thumbnail":0,"footnotes":""},"class_list":["post-67","page","type-page","status-publish","hentry"],"_links":{"self":[{"href":"https:\/\/www.bvvizela.pt\/site\/wp-json\/wp\/v2\/pages\/67","targetHints":{"allow":["GET"]}}],"collection":[{"href":"https:\/\/www.bvvizela.pt\/site\/wp-json\/wp\/v2\/pages"}],"about":[{"href":"https:\/\/www.bvvizela.pt\/site\/wp-json\/wp\/v2\/types\/page"}],"author":[{"embeddable":true,"href":"https:\/\/www.bvvizela.pt\/site\/wp-json\/wp\/v2\/users\/6"}],"replies":[{"embeddable":true,"href":"https:\/\/www.bvvizela.pt\/site\/wp-json\/wp\/v2\/comments?post=67"}],"version-history":[{"count":92,"href":"https:\/\/www.bvvizela.pt\/site\/wp-json\/wp\/v2\/pages\/67\/revisions"}],"predecessor-version":[{"id":5367,"href":"https:\/\/www.bvvizela.pt\/site\/wp-json\/wp\/v2\/pages\/67\/revisions\/5367"}],"up":[{"embeddable":true,"href":"https:\/\/www.bvvizela.pt\/site\/wp-json\/wp\/v2\/pages\/7"}],"wp:attachment":[{"href":"https:\/\/www.bvvizela.pt\/site\/wp-json\/wp\/v2\/media?parent=67"}],"curies":[{"name":"wp","href":"https:\/\/api.w.org\/{rel}","templated":true}]}}