{"id":6131,"date":"2020-02-27T13:43:16","date_gmt":"2020-02-27T13:43:16","guid":{"rendered":"https:\/\/www.bvvizela.pt\/site\/?page_id=6131"},"modified":"2020-02-27T13:43:58","modified_gmt":"2020-02-27T13:43:58","slug":"nota-de-falecimento","status":"publish","type":"page","link":"https:\/\/www.bvvizela.pt\/site\/nota-de-falecimento\/","title":{"rendered":"NOTA DE FALECIMENTO"},"content":{"rendered":"\n<p>\u00c9 com profunda tristeza e sentido pesar, que damos a conhecer o falecimento do senhor Ant\u00f3nio Carlos Pinto Fernandes, membro do actual Conselho Fiscal dos Corpos Sociais da Real Associa\u00e7\u00e3o Humanit\u00e1ria de Bombeiros Volunt\u00e1rios Vizela e que era tamb\u00e9m o fotografo oficial de h\u00e1 40 anos a esta parte, dos soldados da paz vizelenses. Homem simples e amigo do seu amigo, em\u00e9rito membro de v\u00e1rias associa\u00e7\u00f5es filantr\u00f3picas, ficar\u00e1 para sempre nos nossos cora\u00e7\u00f5es. Neste momento de dor, endere\u00e7amos \u00e0 fam\u00edlia enlutada, amigos e companheiros, as sentidas condol\u00eancias pela perda do seu ente querido. De momento, n\u00e3o dispomos ainda de mais informa\u00e7\u00f5es, que logo ser\u00e3o confirmadas.<\/p>\n\n\n\n<p>Descansa em paz, bombeiro sem farda.<br \/><br \/> A Dire\u00e7\u00e3o &#8211; O Comando<\/p>\n","protected":false},"excerpt":{"rendered":"<p>\u00c9 com profunda tristeza e sentido pesar, que damos a conhecer o falecimento do senhor Ant\u00f3nio Carlos Pinto Fernandes, membro do actual Conselho Fiscal dos Corpos Sociais da Real Associa\u00e7\u00e3o Humanit\u00e1ria de Bombeiros Volunt\u00e1rios Vizela e que era tamb\u00e9m o<\/p>\n","protected":false},"author":5,"featured_media":0,"parent":0,"menu_order":0,"comment_status":"closed","ping_status":"closed","template":"","meta":{"ngg_post_thumbnail":0,"footnotes":""},"class_list":["post-6131","page","type-page","status-publish","hentry"],"_links":{"self":[{"href":"https:\/\/www.bvvizela.pt\/site\/wp-json\/wp\/v2\/pages\/6131","targetHints":{"allow":["GET"]}}],"collection":[{"href":"https:\/\/www.bvvizela.pt\/site\/wp-json\/wp\/v2\/pages"}],"about":[{"href":"https:\/\/www.bvvizela.pt\/site\/wp-json\/wp\/v2\/types\/page"}],"author":[{"embeddable":true,"href":"https:\/\/www.bvvizela.pt\/site\/wp-json\/wp\/v2\/users\/5"}],"replies":[{"embeddable":true,"href":"https:\/\/www.bvvizela.pt\/site\/wp-json\/wp\/v2\/comments?post=6131"}],"version-history":[{"count":2,"href":"https:\/\/www.bvvizela.pt\/site\/wp-json\/wp\/v2\/pages\/6131\/revisions"}],"predecessor-version":[{"id":6275,"href":"https:\/\/www.bvvizela.pt\/site\/wp-json\/wp\/v2\/pages\/6131\/revisions\/6275"}],"wp:attachment":[{"href":"https:\/\/www.bvvizela.pt\/site\/wp-json\/wp\/v2\/media?parent=6131"}],"curies":[{"name":"wp","href":"https:\/\/api.w.org\/{rel}","templated":true}]}}