{"id":60,"date":"2010-04-30T16:41:52","date_gmt":"2010-04-30T15:41:52","guid":{"rendered":"http:\/\/www.bvvizela.pt\/site\/?page_id=60"},"modified":"2025-10-15T14:49:54","modified_gmt":"2025-10-15T13:49:54","slug":"protocolos","status":"publish","type":"page","link":"https:\/\/www.bvvizela.pt\/site\/socios\/protocolos\/","title":{"rendered":"Protocolos"},"content":{"rendered":"<h1 style=\"margin-bottom: 10.0pt; text-align: center; line-height: 115%;\" align=\"center\"><span style=\"color: #000000;\">Vantagens dos S\u00f3cios<\/span><\/h1>\n<div dir=\"auto\">\n<p>Para beneficiar dos descontos apresentados nesta p\u00e1ginas, os s\u00f3cios dos bombeiros devem ter as quotas em dia, apresentar o cart\u00e3o de s\u00f3cio, assim como o cart\u00e3o de cidad\u00e3o.<\/p>\n<p><strong>Hospital da Luz &#8211; Guimar\u00e3es (Alameda dos Desportos Santiago de Candoso, Guimar\u00e3es)<\/strong><br \/>\n20% em tratamentos de medicina dent\u00e1ria, exceto material de pr\u00f3tese e de implante;<br \/>\n5% em pr\u00f3teses dent\u00e1rias;<br \/>\n20% em consultas de atendimento urgente e medicina geral e familiar;<br \/>\n15% em exames complementares de diagn\u00f3stico;<br \/>\n15% em consultas m\u00e9dicas programadas de especialidade;<br \/>\n10% em internamento e cirurgia.<\/p>\n<\/div>\n<p class=\"cvGsUA direction-ltr align-start para-style-body\"><strong><span class=\"OYPEnA text-decoration-none text-strikethrough-none\">Cuidar M &#8211; Cl\u00ednica de S\u00e3o Jo\u00e3o (Praceta Salvador Caeiro Braz 43, Vizela)<br \/>\n<\/span><\/strong><span class=\"OYPEnA text-decoration-none text-strikethrough-none\">15% desconto sobre tabela de pre\u00e7os das especialidades;<br \/>\n<\/span><span class=\"OYPEnA text-decoration-none text-strikethrough-none\">10% desconto em tratamentos de fisioterapia, terapia da fala, osteoetiopatia, nutri\u00e7\u00e3o e psicologia.<\/span><\/p>\n<p><strong>Albusdent<\/strong><br \/>\n5% desconto em tratamentos e exames<\/p>\n<p><strong>Duo Sa\u00fade (<\/strong><span class=\"OYPEnA text-decoration-none text-strikethrough-none\"><strong>Estrada Nacional 105, 625 Loja 8 Nespereira)<\/strong><br \/>\n<\/span><span class=\"OYPEnA text-decoration-none text-strikethrough-none\">10% de desconto em todas as val\u00eancias (m\u00e1ximo 10 consultas ano, 5 consultas por val\u00eancia)<\/span><\/p>\n<p><strong>Policl\u00ednica de Vizela<\/strong><br \/>\n40% desconto em tratamentos e enfermagem<br \/>\n10% desconto na 1\u00aa mensalidade da Academia<br \/>\n10% desconto em consultas de nutri\u00e7\u00e3o, hipnose, osteopatia, terapia da fala e psicomotricidade<br \/>\n15% desconto consultas de cl\u00ednica geral e psicologia<\/p>\n<p><strong>Royal College de Vizela<\/strong><br \/>\n10% de descontos nas mensalidades dos cursos de l\u00ednguas<\/p>\n<p><strong>Optic\u00e1lia<\/strong><br \/>\n<span class=\"OYPEnA text-decoration-none text-strikethrough-none\">30% desconto em \u00f3culos graduados;<br \/>\n<\/span><span class=\"OYPEnA text-decoration-none text-strikethrough-none\">50% desconto em arma\u00e7\u00f5es de \u00f3culos de sol marcas Optic\u00e1lia;<br \/>\n<\/span><span class=\"OYPEnA text-decoration-none text-strikethrough-none\">30% desconto \u00f3culos de sol;<br \/>\n<\/span><span class=\"OYPEnA text-decoration-none text-strikethrough-none\">20% desconto em produtos de contactologia.<\/span><\/p>\n<div dir=\"auto\">\n<p><strong>Mais \u00d3ptica (F\u00f3rum Vizela, loja 9, Vizela)<br \/>\n<\/strong><span class=\"OYPEnA text-decoration-none text-strikethrough-none\">25% desconto em \u00f3culos novos:<br \/>\n<\/span><span class=\"OYPEnA text-decoration-none text-strikethrough-none\">50% desconto em \u00f3culos do filho;<br \/>\n<\/span><span class=\"OYPEnA text-decoration-none text-strikethrough-none\">40% desconto no 2\u00ba par de \u00f3culos;<br \/>\n<\/span>25% desconto em \u00f3culos de sol;<br \/>\n<span class=\"OYPEnA text-decoration-none text-strikethrough-none\">40% desconto no 2\u00ba par de \u00f3culos de sol;<br \/>\n<\/span><span class=\"OYPEnA text-decoration-none text-strikethrough-none\">50% desconto em adapta\u00e7\u00f5es binaurais.<br \/>\n<\/span><span class=\"OYPEnA text-decoration-none text-strikethrough-none\">Condi\u00e7\u00f5es: Possuir Cart\u00e3o Privilege &#8211; 9\u20ac anuidade<\/span><\/p>\n<p><strong>A minha \u00f3ptica (Rua Nova do F\u00f3rum n\u00ba 304, Vizela)<br \/>\n<\/strong>Servi\u00e7os gratuitos: consultas de optometria, tonometria, topografia corneal, adapta\u00e7\u00e3o de lentes de contato, repara\u00e7\u00e3o e manuten\u00e7\u00e3o de \u00f3culos.<br \/>\n25% desconto em arma\u00e7\u00f5es<br \/>\n25% desconto em lentes<br \/>\n10% desconto em lentes de contato<br \/>\n10% desconto em solu\u00e7\u00f5es para lentes de contato<br \/>\n20% desconto em \u00f3culos de sol<\/p>\n<\/div>\n<p><strong>Multi\u00f3pticas (F\u00f3rum Vizela, loja 12, Vizela)<br \/>\n<\/strong><span class=\"OYPEnA text-decoration-none text-strikethrough-none\">Exames gratuitos de optometria e contactologia;<br \/>\n<\/span><span class=\"OYPEnA text-decoration-none text-strikethrough-none\">20% desconto em produtos \u00f3ticos;<br \/>\n<\/span><span class=\"OYPEnA text-decoration-none text-strikethrough-none\">30% desconto com apresenta\u00e7\u00e3o do cart\u00e3o Advance Care;<br \/>\n<\/span><span class=\"OYPEnA text-decoration-none text-strikethrough-none\">Vale de desconto 100\u20ac ap\u00f3s 1\u00aa compra.<\/span><\/p>\n<div dir=\"auto\">\n<p><strong>Vizela Fitness (Rua Dr. Ab\u00edlio Torres 315, Vizela)<\/strong><br \/>\nOferta de inscri\u00e7\u00e3o + 50% na 1\u00aa mensalidade<\/p>\n<\/div>\n<p><strong>ActualFit Health &amp; Spa (Centro Empresarial Albino Sim\u00f5es, Frac\u00e7\u00f5es, R. Guilherme Caldas Peixoto, Vizela)<\/strong><br \/>\n7,5% de desconto sobre o valor fixado no pre\u00e7\u00e1rio em vigor (percentagem n\u00e3o acumul\u00e1vel com desconto de fam\u00edlia nem descontos similares). O pagamento da mensalidade ter\u00e1 de ser efetuado atrav\u00e9s de d\u00e9bito direto com fideliza\u00e7\u00e3o de um ano.<\/p>\n","protected":false},"excerpt":{"rendered":"<p>Vantagens dos S\u00f3cios Para beneficiar dos descontos apresentados nesta p\u00e1ginas, os s\u00f3cios dos bombeiros devem ter as quotas em dia, apresentar o cart\u00e3o de s\u00f3cio, assim como o cart\u00e3o de cidad\u00e3o. Hospital da Luz &#8211; Guimar\u00e3es (Alameda dos Desportos Santiago<\/p>\n","protected":false},"author":6,"featured_media":0,"parent":11,"menu_order":4,"comment_status":"closed","ping_status":"closed","template":"","meta":{"ngg_post_thumbnail":0,"footnotes":""},"class_list":["post-60","page","type-page","status-publish","hentry"],"_links":{"self":[{"href":"https:\/\/www.bvvizela.pt\/site\/wp-json\/wp\/v2\/pages\/60","targetHints":{"allow":["GET"]}}],"collection":[{"href":"https:\/\/www.bvvizela.pt\/site\/wp-json\/wp\/v2\/pages"}],"about":[{"href":"https:\/\/www.bvvizela.pt\/site\/wp-json\/wp\/v2\/types\/page"}],"author":[{"embeddable":true,"href":"https:\/\/www.bvvizela.pt\/site\/wp-json\/wp\/v2\/users\/6"}],"replies":[{"embeddable":true,"href":"https:\/\/www.bvvizela.pt\/site\/wp-json\/wp\/v2\/comments?post=60"}],"version-history":[{"count":56,"href":"https:\/\/www.bvvizela.pt\/site\/wp-json\/wp\/v2\/pages\/60\/revisions"}],"predecessor-version":[{"id":6935,"href":"https:\/\/www.bvvizela.pt\/site\/wp-json\/wp\/v2\/pages\/60\/revisions\/6935"}],"up":[{"embeddable":true,"href":"https:\/\/www.bvvizela.pt\/site\/wp-json\/wp\/v2\/pages\/11"}],"wp:attachment":[{"href":"https:\/\/www.bvvizela.pt\/site\/wp-json\/wp\/v2\/media?parent=60"}],"curies":[{"name":"wp","href":"https:\/\/api.w.org\/{rel}","templated":true}]}}