{"id":46,"date":"2010-04-30T16:32:22","date_gmt":"2010-04-30T15:32:22","guid":{"rendered":"http:\/\/www.bvvizela.pt\/site\/?page_id=46"},"modified":"2017-11-28T16:54:52","modified_gmt":"2017-11-28T16:54:52","slug":"quadro-de-honra","status":"publish","type":"page","link":"https:\/\/www.bvvizela.pt\/site\/corpo-bombeiros\/constituicao-do-corpo\/quadro-de-honra\/","title":{"rendered":"Quadro de Honra"},"content":{"rendered":"<p>&nbsp;<\/p>\n<p>&nbsp;<\/p>\n<div style=\"text-align: auto;\">\n<p>&nbsp;<\/p>\n<table border=\"0\" width=\"600\" cellspacing=\"0\" cellpadding=\"0\">\n<tbody>\n<tr>\n<td width=\"127\"><strong>N\u00ba Mecanogr\u00e1fico<\/strong><\/td>\n<td width=\"272\"><strong>Nome<\/strong><\/td>\n<td width=\"95\"><strong>Data Quadro<\/strong><\/td>\n<td width=\"107\"><strong>Data Admiss\u00e3o<\/strong><\/td>\n<\/tr>\n<tr>\n<td width=\"127\">03570026<\/td>\n<td width=\"272\">Am\u00e9rico Oswaldo Marinho Fernandes<\/td>\n<td width=\"95\">20-05-2002<\/td>\n<td valign=\"bottom\" width=\"107\">13-11-1957<\/td>\n<\/tr>\n<tr>\n<td width=\"127\">03710055<\/td>\n<td width=\"272\">Jos\u00e9 Lu\u00eds Guimar\u00e3es Ribeiro da Cunha<\/td>\n<td width=\"95\">31-12-2001<\/td>\n<td valign=\"bottom\" width=\"107\">25-04-1971<\/td>\n<\/tr>\n<tr>\n<td width=\"127\">03710044<\/td>\n<td width=\"272\">Ant\u00f3nio Manuel da Fonseca Pedrosa<\/td>\n<td width=\"95\">31-03-2007<\/td>\n<td valign=\"bottom\" width=\"107\">13-04-1971<\/td>\n<\/tr>\n<tr>\n<td width=\"127\">03860001<\/td>\n<td width=\"272\">Francisco \u00c2ngelo da Silva Ferreira<\/td>\n<td width=\"95\">15-12-2008<\/td>\n<td valign=\"bottom\" width=\"107\">01-01-1986<\/td>\n<\/tr>\n<tr>\n<td width=\"127\">03860002<\/td>\n<td width=\"272\">Jos\u00e9 Eduardo Machado Leite<\/td>\n<td width=\"95\">15-12-2008<\/td>\n<td valign=\"bottom\" width=\"107\">01-01-1986<\/td>\n<\/tr>\n<tr>\n<td width=\"127\">03500018<\/td>\n<td width=\"272\">Jos\u00e9 Coelho<\/td>\n<td width=\"95\">28-12-1999<\/td>\n<td valign=\"bottom\" width=\"107\">23-04-1950<\/td>\n<\/tr>\n<tr>\n<td width=\"127\">03650062<\/td>\n<td width=\"272\">Manuel Gomes da Silva<\/td>\n<td width=\"95\">31-01-1989<\/td>\n<td valign=\"bottom\" width=\"107\">15-08-1965<\/td>\n<\/tr>\n<tr>\n<td width=\"127\">03590011<\/td>\n<td width=\"272\">Ad\u00e3o de Sousa Carvalho<\/td>\n<td width=\"95\">08-10-2001<\/td>\n<td valign=\"bottom\" width=\"107\">10-05-1959<\/td>\n<\/tr>\n<tr>\n<td width=\"127\">03500017<\/td>\n<td width=\"272\">Manuel Carvalho<\/td>\n<td width=\"95\">28-12-1999<\/td>\n<td valign=\"bottom\" width=\"107\">18-04-1950<\/td>\n<\/tr>\n<tr>\n<td width=\"127\">03590019<\/td>\n<td width=\"272\">Ant\u00f3nio Pedrosa Barbosa<\/td>\n<td width=\"95\">23-11-2002<\/td>\n<td valign=\"bottom\" width=\"107\">01-05-1959<\/td>\n<\/tr>\n<tr>\n<td width=\"127\">03830264<\/td>\n<td width=\"272\">Manuel Pereira da Costa<\/td>\n<td width=\"95\">16-01-2006<\/td>\n<td valign=\"bottom\" width=\"107\">01-09-1983<\/td>\n<\/tr>\n<tr>\n<td width=\"127\">03590024<\/td>\n<td width=\"272\">Rodrigo Alves Teixeira<\/td>\n<td width=\"95\">30-06-1982<\/td>\n<td valign=\"bottom\" width=\"107\">01-05-1959<\/td>\n<\/tr>\n<tr>\n<td width=\"127\">&nbsp;<\/td>\n<td width=\"272\">&nbsp;<\/td>\n<td width=\"95\">&nbsp;<\/td>\n<td valign=\"bottom\" width=\"107\">&nbsp;<\/td>\n<\/tr>\n<tr>\n<td width=\"127\">03590020<\/td>\n<td width=\"272\">Jo\u00e3o Baptista Novais Pinheiro<\/td>\n<td width=\"95\">15-10-1987<\/td>\n<td valign=\"bottom\" width=\"107\">15-08-1965<\/td>\n<\/tr>\n<tr>\n<td width=\"127\">03710054<\/td>\n<td width=\"272\">Jer\u00f3nimo Ribeiro Neiva<\/td>\n<td width=\"95\">25-05-1995<\/td>\n<td valign=\"bottom\" width=\"107\">15-04-1971<\/td>\n<\/tr>\n<tr>\n<td width=\"127\">03650060<\/td>\n<td width=\"272\">Jos\u00e9 Maria Machado da Costa Leite<\/td>\n<td width=\"95\">04-03-1996<\/td>\n<td valign=\"bottom\" width=\"107\">15-08-1965<\/td>\n<\/tr>\n<tr>\n<td width=\"127\">03710047<\/td>\n<td width=\"272\">Joaquim da Cunha Granja<\/td>\n<td width=\"95\">08-06-1999<\/td>\n<td valign=\"bottom\" width=\"107\">13-04-1971<\/td>\n<\/tr>\n<tr>\n<td width=\"127\">03650058<\/td>\n<td width=\"272\">Francisco Tom\u00e1z Ribeiro da Cunha<\/td>\n<td width=\"95\">10-12-1999<\/td>\n<td valign=\"bottom\" width=\"107\">15-08-1965<\/td>\n<\/tr>\n<tr>\n<td width=\"127\">03870474<\/td>\n<td width=\"272\">Ant\u00f3nio Jos\u00e9 Ferreira da Cunha<\/td>\n<td width=\"95\">23-05-2007<\/td>\n<td valign=\"bottom\" width=\"107\">20-09-1987<\/td>\n<\/tr>\n<tr>\n<td width=\"127\">03710051<\/td>\n<td width=\"272\">Justino da Silva Peixoto<\/td>\n<td width=\"95\">17-06-2009<\/td>\n<td valign=\"bottom\" width=\"107\">13-04-1971<\/td>\n<\/tr>\n<tr>\n<td width=\"127\">03750136<\/td>\n<td width=\"272\">Adriano Silva Oliveira<\/td>\n<td width=\"95\">17-06-2009<\/td>\n<td valign=\"bottom\" width=\"107\">14-08-1975<\/td>\n<\/tr>\n<tr>\n<td width=\"127\">03710052<\/td>\n<td width=\"272\">Serafim Alves Ferreira<\/td>\n<td width=\"95\">31-12-2009<\/td>\n<td valign=\"bottom\" width=\"107\">18-04-1971<\/td>\n<\/tr>\n<tr>\n<td width=\"127\">03710048<\/td>\n<td width=\"272\">Joaquim Pereira de Magalh\u00e3es<\/td>\n<td width=\"95\">31-12-2009<\/td>\n<td valign=\"bottom\" width=\"107\">13-04-1971<\/td>\n<\/tr>\n<tr>\n<td width=\"127\">03590023<\/td>\n<td width=\"272\">Joaquim Pereira de Sousa<\/td>\n<td width=\"95\">30-06-1982<\/td>\n<td valign=\"bottom\" width=\"107\">01-05-1965<\/td>\n<\/tr>\n<tr>\n<td width=\"127\">03650061<\/td>\n<td width=\"272\">Lu\u00eds de Jesus da Silva Ferreira Guimar\u00e3es<\/td>\n<td width=\"95\">31-12-1982<\/td>\n<td valign=\"bottom\" width=\"107\">15-08-1965<\/td>\n<\/tr>\n<tr>\n<td width=\"127\">03650057<\/td>\n<td width=\"272\">Ant\u00f3nio Augusto Ferreira Freitas<\/td>\n<td width=\"95\">27-06-1988<\/td>\n<td valign=\"bottom\" width=\"107\">15-08-1965<\/td>\n<\/tr>\n<tr>\n<td width=\"127\">03750138<\/td>\n<td width=\"272\">Armindo de Freitas Ribeiro Vieira<\/td>\n<td width=\"95\">17-10-1996<\/td>\n<td valign=\"bottom\" width=\"107\">14-08-1975<\/td>\n<\/tr>\n<tr>\n<td width=\"127\">03750137<\/td>\n<td width=\"272\">Ant\u00f3nio Maria Dias de Freitas<\/td>\n<td width=\"95\">17-10-1996<\/td>\n<td valign=\"bottom\" width=\"107\">14-08-1975<\/td>\n<\/tr>\n<tr>\n<td width=\"127\">03750147<\/td>\n<td width=\"272\">Manuel Font\u00e3o Machado<\/td>\n<td width=\"95\">15-05-1997<\/td>\n<td valign=\"bottom\" width=\"107\">14-08-1975<\/td>\n<\/tr>\n<tr>\n<td width=\"127\">03750143<\/td>\n<td width=\"272\">Jos\u00e9 Lu\u00eds Pedrosa<\/td>\n<td width=\"95\">08-06-1999<\/td>\n<td valign=\"bottom\" width=\"107\">14-08-1975<\/td>\n<\/tr>\n<tr>\n<td width=\"127\">03750149<\/td>\n<td width=\"272\">Manuel Pereira da Cunha<\/td>\n<td width=\"95\">13-04-2000<\/td>\n<td valign=\"bottom\" width=\"107\">14-08-1975<\/td>\n<\/tr>\n<tr>\n<td width=\"127\">03830257<\/td>\n<td width=\"272\">Bernardino da Silva<\/td>\n<td width=\"95\">29-05-2000<\/td>\n<td valign=\"bottom\" width=\"107\">01-09-1983<\/td>\n<\/tr>\n<tr>\n<td width=\"127\">03830252<\/td>\n<td width=\"272\">Ant\u00f3nio Fernando Gon\u00e7alves Ribeiro<\/td>\n<td width=\"95\">01-01-2004<\/td>\n<td valign=\"bottom\" width=\"107\">01-09-1983<\/td>\n<\/tr>\n<tr>\n<td width=\"127\">03750145<\/td>\n<td width=\"272\">Manuel da Costa Vieira<\/td>\n<td width=\"95\">01-01-2004<\/td>\n<td valign=\"bottom\" width=\"107\">14-08-1975<\/td>\n<\/tr>\n<tr>\n<td width=\"127\">03830260<\/td>\n<td width=\"272\">Henrique Moreira Dias<\/td>\n<td width=\"95\">02-01-2007<\/td>\n<td valign=\"bottom\" width=\"107\">01-09-1983<\/td>\n<\/tr>\n<tr>\n<td width=\"127\">03830255<\/td>\n<td width=\"272\">Arlindo Cardoso Pinto<\/td>\n<td width=\"95\">24-01-2007<\/td>\n<td valign=\"bottom\" width=\"107\">01-09-1983<\/td>\n<\/tr>\n<tr>\n<td width=\"127\">03870033<\/td>\n<td width=\"272\">Domingos Faria Ribeiro<\/td>\n<td width=\"95\">09-02-2001<\/td>\n<td valign=\"bottom\" width=\"107\">26-01-1987<\/td>\n<\/tr>\n<tr>\n<td width=\"127\">03830265<\/td>\n<td width=\"272\">Silv\u00e9rio Jos\u00e9 Ribeiro Barbosa<\/td>\n<td width=\"95\">02-01-2007<\/td>\n<td valign=\"bottom\" width=\"107\">01-09-1983<\/td>\n<\/tr>\n<tr>\n<td width=\"127\">03870742<\/td>\n<td width=\"272\">Alexandre Lopes Pacheco<\/td>\n<td width=\"95\">17-06-2009<\/td>\n<td valign=\"bottom\" width=\"107\">20-09-1987<\/td>\n<\/tr>\n<tr>\n<td width=\"127\">03620056<\/td>\n<td width=\"272\">Joaquim Duarte da Silva<\/td>\n<td width=\"95\">25-05-1995<\/td>\n<td valign=\"bottom\" width=\"107\">15-12-1962<\/td>\n<\/tr>\n<tr>\n<td width=\"127\">03730037<\/td>\n<td width=\"272\">Ant\u00f3nio Ferreira da Silva<\/td>\n<td width=\"95\">16-09-1996<\/td>\n<td valign=\"bottom\" width=\"107\">05-02-1973<\/td>\n<\/tr>\n<tr>\n<td width=\"127\">03590022<\/td>\n<td width=\"272\">Joaquim de Ara\u00fajo Ribeiro<\/td>\n<td width=\"95\">10-12-1999<\/td>\n<td valign=\"bottom\" width=\"107\">01-05-1959<\/td>\n<\/tr>\n<tr>\n<td width=\"127\">03830392<\/td>\n<td width=\"272\">Ant\u00f3nio Jos\u00e9 Alves Ribeiro<\/td>\n<td width=\"95\">09-02-2001<\/td>\n<td valign=\"bottom\" width=\"107\">31-12-1983<\/td>\n<\/tr>\n<tr>\n<td width=\"127\">03850089<\/td>\n<td width=\"272\">Manuel Lu\u00eds de Almeida<\/td>\n<td width=\"95\">09-02-2001<\/td>\n<td valign=\"bottom\" width=\"107\">22-03-1985<\/td>\n<\/tr>\n<tr>\n<td width=\"127\">03750140<\/td>\n<td width=\"272\">Jaime Gaspar Leite<\/td>\n<td width=\"95\">03-04-2002<\/td>\n<td valign=\"bottom\" width=\"107\">14-08-1975<\/td>\n<\/tr>\n<tr>\n<td width=\"127\">03680080<\/td>\n<td width=\"272\">Avelino Fernando da Gra\u00e7a<\/td>\n<td width=\"95\">01-01-2004<\/td>\n<td valign=\"bottom\" width=\"107\">20-11-1968<\/td>\n<\/tr>\n<tr>\n<td width=\"127\">03640007<\/td>\n<td width=\"272\">Jos\u00e9 Joquim Guimar\u00e3es Coelho<\/td>\n<td width=\"95\">01-01-2004<\/td>\n<td valign=\"bottom\" width=\"107\">10-10-1964<\/td>\n<\/tr>\n<tr>\n<td width=\"127\">03830052<\/td>\n<td width=\"272\">In\u00e1cio de Castro Baptista<\/td>\n<td width=\"95\">01-01-2004<\/td>\n<td valign=\"bottom\" width=\"107\">15-02-1983<\/td>\n<\/tr>\n<tr>\n<td width=\"127\">03570027<\/td>\n<td width=\"272\">Ismael Ferreira da Gra\u00e7a<\/td>\n<td width=\"95\">12-05-2004<\/td>\n<td valign=\"bottom\" width=\"107\">13-11-1957<\/td>\n<\/tr>\n<tr>\n<td width=\"127\">03890659<\/td>\n<td width=\"272\">Miguel da Silva Oliveira<\/td>\n<td width=\"95\">02-01-2007<\/td>\n<td valign=\"bottom\" width=\"107\">20-11-1989<\/td>\n<\/tr>\n<tr>\n<td width=\"127\">03880394<\/td>\n<td width=\"272\">Lu\u00eds Gonzaga Carneiro<\/td>\n<td width=\"95\">08-01-2008<\/td>\n<td valign=\"bottom\" width=\"107\">01-10-1988<\/td>\n<\/tr>\n<tr>\n<td width=\"127\">03730038<\/td>\n<td width=\"272\">Jos\u00e9 Teixeira da Cunha<\/td>\n<td width=\"95\">11-05-2008<\/td>\n<td valign=\"bottom\" width=\"107\">05-02-1973<\/td>\n<\/tr>\n<tr>\n<td width=\"127\">03760006<\/td>\n<td width=\"272\">Ab\u00edlio Ferreira da Silva<\/td>\n<td width=\"95\">11-05-2008<\/td>\n<td valign=\"bottom\" width=\"107\">02-01-1976<\/td>\n<\/tr>\n<tr>\n<td width=\"127\">03760007<\/td>\n<td width=\"272\">Ab\u00edlio Pedrosa Dias<\/td>\n<td width=\"95\">11-05-2008<\/td>\n<td valign=\"bottom\" width=\"107\">02-01-1976<\/td>\n<\/tr>\n<tr>\n<td width=\"127\">03870564<\/td>\n<td width=\"272\">Camilo Joquim Vieira da Gra\u00e7a<\/td>\n<td width=\"95\">23-09-2009<\/td>\n<td valign=\"bottom\" width=\"107\">10-11-1987<\/td>\n<\/tr>\n<tr>\n<td width=\"127\">03870565<\/td>\n<td width=\"272\">Manuel da Silva Vaz<\/td>\n<td width=\"95\">21-10-2009<\/td>\n<td valign=\"bottom\" width=\"107\">10-11-1987<\/td>\n<\/tr>\n<tr>\n<td width=\"127\">03770011<\/td>\n<td width=\"272\">Domingos Vieira Pedrosa<\/td>\n<td width=\"95\">10-11-2009<\/td>\n<td valign=\"bottom\" width=\"107\">02-01-1977<\/td>\n<\/tr>\n<tr>\n<td width=\"127\">03710049<\/td>\n<td width=\"272\">Jos\u00e9 Ferreira Ribeiro<\/td>\n<td width=\"95\">31-12-2009<\/td>\n<td valign=\"bottom\" width=\"107\">13-04-1971<\/td>\n<\/tr>\n<tr>\n<td width=\"127\">03710046<\/td>\n<td width=\"272\">David da Fonseca Abreu<\/td>\n<td width=\"95\">31-12-2009<\/td>\n<td valign=\"bottom\" width=\"107\">13-04-1971<\/td>\n<\/tr>\n<\/tbody>\n<\/table>\n<\/div>\n<p>&nbsp;&nbsp;<\/p>\n","protected":false},"excerpt":{"rendered":"<p>&nbsp; &nbsp; &nbsp; N\u00ba Mecanogr\u00e1fico Nome Data Quadro Data Admiss\u00e3o 03570026 Am\u00e9rico Oswaldo Marinho Fernandes 20-05-2002 13-11-1957 03710055 Jos\u00e9 Lu\u00eds Guimar\u00e3es Ribeiro da Cunha 31-12-2001 25-04-1971 03710044 Ant\u00f3nio Manuel da Fonseca Pedrosa 31-03-2007 13-04-1971 03860001 Francisco \u00c2ngelo da Silva Ferreira<\/p>\n","protected":false},"author":6,"featured_media":0,"parent":23,"menu_order":4,"comment_status":"closed","ping_status":"closed","template":"","meta":{"ngg_post_thumbnail":0,"footnotes":""},"class_list":["post-46","page","type-page","status-publish","hentry"],"_links":{"self":[{"href":"https:\/\/www.bvvizela.pt\/site\/wp-json\/wp\/v2\/pages\/46","targetHints":{"allow":["GET"]}}],"collection":[{"href":"https:\/\/www.bvvizela.pt\/site\/wp-json\/wp\/v2\/pages"}],"about":[{"href":"https:\/\/www.bvvizela.pt\/site\/wp-json\/wp\/v2\/types\/page"}],"author":[{"embeddable":true,"href":"https:\/\/www.bvvizela.pt\/site\/wp-json\/wp\/v2\/users\/6"}],"replies":[{"embeddable":true,"href":"https:\/\/www.bvvizela.pt\/site\/wp-json\/wp\/v2\/comments?post=46"}],"version-history":[{"count":28,"href":"https:\/\/www.bvvizela.pt\/site\/wp-json\/wp\/v2\/pages\/46\/revisions"}],"predecessor-version":[{"id":4604,"href":"https:\/\/www.bvvizela.pt\/site\/wp-json\/wp\/v2\/pages\/46\/revisions\/4604"}],"up":[{"embeddable":true,"href":"https:\/\/www.bvvizela.pt\/site\/wp-json\/wp\/v2\/pages\/23"}],"wp:attachment":[{"href":"https:\/\/www.bvvizela.pt\/site\/wp-json\/wp\/v2\/media?parent=46"}],"curies":[{"name":"wp","href":"https:\/\/api.w.org\/{rel}","templated":true}]}}