{"id":44,"date":"2010-04-30T16:32:02","date_gmt":"2010-04-30T15:32:02","guid":{"rendered":"http:\/\/www.bvvizela.pt\/site\/?page_id=44"},"modified":"2020-12-18T15:01:28","modified_gmt":"2020-12-18T15:01:28","slug":"quadro-activo","status":"publish","type":"page","link":"https:\/\/www.bvvizela.pt\/site\/corpo-bombeiros\/constituicao-do-corpo\/quadro-activo\/","title":{"rendered":"Quadro Activo"},"content":{"rendered":"<h4>&nbsp;<\/h4>\n<h4>ngg_shortcode_0_placeholder<span style=\"color: #000000;\"> <span style=\"color: #000000;\">Oficial Bombeiro de 2\u00aa<\/span><\/span><\/h4>\n<p>&nbsp;<\/p>\n<table style=\"height: 77px;\" width=\"750\">\n<tbody>\n<tr>\n<td width=\"148\">N. Mecanogr\u00e1fico<\/td>\n<td width=\"259\">Nome<\/td>\n<td width=\"132\">Data Admiss\u00e3o<\/td>\n<\/tr>\n<tr>\n<td>3030145<\/td>\n<td>B\u00e1rbara da Silva Ferreira<\/td>\n<td>03-06-2003<\/td>\n<\/tr>\n<tr>\n<td>3030138<\/td>\n<td>Am\u00e9lia Cec\u00edlia Alves Guimar\u00e3es<\/td>\n<td>30-06-2003<\/td>\n<\/tr>\n<\/tbody>\n<\/table>\n<h4>ngg_shortcode_1_placeholder<\/h4>\n<p>&nbsp;<\/p>\n<h4>ngg_shortcode_2_placeholder<span style=\"color: #000000;\"> Chefe<\/span><\/h4>\n<table style=\"height: 36px;\" width=\"75px\">\n<tbody>\n<tr>\n<td width=\"148\">N. Mecanogr\u00e1fico<\/td>\n<td width=\"259\">Nome<\/td>\n<td width=\"132\">Data Admiss\u00e3o<\/td>\n<\/tr>\n<tr>\n<td>3830253<\/td>\n<td>Ant\u00f3nio Lu\u00eds Ribeiro Barbosa<\/td>\n<td>01-09-1983<\/td>\n<\/tr>\n<\/tbody>\n<\/table>\n<h4>ngg_shortcode_3_placeholder<\/h4>\n<h4>ngg_shortcode_4_placeholder<span style=\"color: #000000;\"> Sub-chefe<\/span><\/h4>\n<table style=\"height: 299px;\" width=\"750\">\n<tbody>\n<tr>\n<td width=\"195\">N\u00famero Mecanogr\u00e1fico<\/td>\n<td width=\"259\">Nome<\/td>\n<td width=\"132\">Data Admiss\u00e3o<\/td>\n<\/tr>\n<tr>\n<td>3991469<\/td>\n<td>Jos\u00e9 Maciel Sousa Barroso<\/td>\n<td>15-12-1999<\/td>\n<\/tr>\n<tr>\n<td>3890656<\/td>\n<td>Deolindo Ferreira da Cunha<\/td>\n<td>20-11-1989<\/td>\n<\/tr>\n<tr>\n<td>3870473<\/td>\n<td>Ant\u00f3nio Jo\u00e3o Ribeiro Barbosa<\/td>\n<td>20-09-1987<\/td>\n<\/tr>\n<tr>\n<td>3990719<\/td>\n<td>Jos\u00e9 Emanuel Macedo Nogueira<\/td>\n<td>31-05-1999<\/td>\n<\/tr>\n<tr>\n<td>3870477<\/td>\n<td>Avelino Alves Ribeiro<\/td>\n<td>20-09-1987<\/td>\n<\/tr>\n<tr>\n<td>3950732<\/td>\n<td>Romeu Filipe da Silva Pinto<\/td>\n<td>05-07-1995<\/td>\n<\/tr>\n<tr>\n<td>3870486<\/td>\n<td>Rui Daniel Ribeiro Barbosa<\/td>\n<td>20-09-1987<\/td>\n<\/tr>\n<tr>\n<td>3990527<\/td>\n<td>Francisco Ant\u00f3nio Pedrosa Peixoto<\/td>\n<td>29-04-1999<\/td>\n<\/tr>\n<tr>\n<td>3930493<\/td>\n<td>Rog\u00e9rio Paulo Ribeiro da Gra\u00e7a<\/td>\n<td>05-08-1993<\/td>\n<\/tr>\n<\/tbody>\n<\/table>\n<h4>ngg_shortcode_5_placeholder<span style=\"color: #000000;\"> Bombeiro de 1\u00aa<\/span>ngg_shortcode_6_placeholder<\/h4>\n<h4>ngg_shortcode_7_placeholder<\/h4>\n<h4>ngg_shortcode_8_placeholder<span style=\"color: #000000;\"> <span style=\"color: #000000;\">Bombeiro de 2\u00aa<\/span><\/span><\/h4>\n<table style=\"height: 785px;\" border=\"0\" width=\"950\" cellspacing=\"0\" cellpadding=\"0\">\n<tbody>\n<tr>\n<td valign=\"bottom\" width=\"140\"><strong>N\u00ba Mecanogr\u00e1fico<\/strong><\/td>\n<td valign=\"bottom\" width=\"243\"><strong>Nome<\/strong><\/td>\n<td valign=\"bottom\" width=\"140\"><strong>Data Admiss\u00e3o<\/strong><\/td>\n<\/tr>\n<tr>\n<td valign=\"bottom\" width=\"140\">03830256<\/td>\n<td valign=\"bottom\" width=\"243\">Armando Joaquim Silva Peixoto Coelho<\/td>\n<td valign=\"bottom\" width=\"140\">01-09-1983<\/td>\n<\/tr>\n<tr>\n<td valign=\"bottom\" width=\"140\">03940157<\/td>\n<td valign=\"bottom\" width=\"243\">Jos\u00e9 Ascen\u00e7\u00e3o Marinho<\/td>\n<td valign=\"bottom\" width=\"140\">28-01-1994<\/td>\n<\/tr>\n<tr>\n<td valign=\"bottom\" width=\"140\">03991468<\/td>\n<td valign=\"bottom\" width=\"243\">H\u00e9lder de Jesus Ferreira Peixoto<\/td>\n<td valign=\"bottom\" width=\"140\">15-12-1999<\/td>\n<\/tr>\n<tr>\n<td valign=\"bottom\" width=\"140\">3010023<\/td>\n<td valign=\"bottom\" width=\"243\">Nelson Roberto Pereira Machado<\/td>\n<td valign=\"bottom\" width=\"140\">14\/02\/2001<\/td>\n<\/tr>\n<tr>\n<td valign=\"bottom\" width=\"140\">3010016<\/td>\n<td valign=\"bottom\" width=\"243\">Diogo Rafael Ferreira Carneiro<\/td>\n<td valign=\"bottom\" width=\"140\">14\/02\/2001<\/td>\n<\/tr>\n<tr>\n<td valign=\"bottom\" width=\"140\">3030177<\/td>\n<td valign=\"bottom\" width=\"243\">Carla Sofia Ribeiro Coelho<\/td>\n<td valign=\"bottom\" width=\"140\">24\/04\/2004<\/td>\n<\/tr>\n<tr>\n<td valign=\"bottom\" width=\"140\">3030144<\/td>\n<td valign=\"bottom\" width=\"243\">Ana Paula Pedrosa Coelho Ferreira<\/td>\n<td valign=\"bottom\" width=\"140\">03\/06\/2003<\/td>\n<\/tr>\n<tr>\n<td valign=\"bottom\" width=\"140\">3960802<\/td>\n<td valign=\"bottom\" width=\"243\">Manuel Leite Ribeiro<\/td>\n<td valign=\"bottom\" width=\"140\">15\/08\/1996<\/td>\n<\/tr>\n<tr>\n<td valign=\"bottom\" width=\"140\">3040269<\/td>\n<td valign=\"bottom\" width=\"243\">Alice Marcela da Silva Sousa<\/td>\n<td valign=\"bottom\" width=\"140\">05\/11\/2005<\/td>\n<\/tr>\n<tr>\n<td valign=\"bottom\" width=\"140\">3030037<\/td>\n<td valign=\"bottom\" width=\"243\">Bruno Miguel Pinto Barbosa<\/td>\n<td valign=\"bottom\" width=\"140\">26\/05\/2007<\/td>\n<\/tr>\n<tr>\n<td valign=\"bottom\" width=\"140\">20004848<\/td>\n<td valign=\"bottom\" width=\"243\">Maria de Lurdes Ribeiro Ferreira<\/td>\n<td valign=\"bottom\" width=\"140\">09\/05\/2010<\/td>\n<\/tr>\n<tr>\n<td valign=\"bottom\" width=\"140\">3030044<\/td>\n<td valign=\"bottom\" width=\"243\">Jo\u00e3o Tiago Ribeiro Faria<\/td>\n<td valign=\"bottom\" width=\"140\">02\/12\/2005<\/td>\n<\/tr>\n<tr>\n<td valign=\"bottom\" width=\"140\">3030158<\/td>\n<td valign=\"bottom\" width=\"243\">Ricardina Manuela da Cunha Moreira<\/td>\n<td valign=\"bottom\" width=\"140\">12\/07\/2004<\/td>\n<\/tr>\n<tr>\n<td valign=\"bottom\" width=\"140\">3040273<\/td>\n<td valign=\"bottom\" width=\"243\">Let\u00edcia Alexandra Ribeiro Faria da Silva<\/td>\n<td valign=\"bottom\" width=\"140\">15\/11\/2004<\/td>\n<\/tr>\n<tr>\n<td valign=\"bottom\" width=\"140\">3870476<\/td>\n<td valign=\"bottom\" width=\"243\">Arlindo Da Silva Ribeiro<\/td>\n<td valign=\"bottom\" width=\"140\">20\/09\/1987<\/td>\n<\/tr>\n<tr>\n<td valign=\"bottom\" width=\"140\">3940154<\/td>\n<td valign=\"bottom\" width=\"243\">Ant\u00f3nio Rui Ferreira Ribeiro<\/td>\n<td valign=\"bottom\" width=\"140\">18\/05\/1998<\/td>\n<\/tr>\n<tr>\n<td valign=\"bottom\" width=\"140\">3030046<\/td>\n<td valign=\"bottom\" width=\"243\">Paulo Filipe de Sousa Vale<\/td>\n<td valign=\"bottom\" width=\"140\">07\/02\/2007<\/td>\n<\/tr>\n<tr>\n<td valign=\"bottom\" width=\"140\">3030151<\/td>\n<td valign=\"bottom\" width=\"243\">Helena Fernanda Pereira Martins<\/td>\n<td valign=\"bottom\" width=\"140\">17\/08\/2004<\/td>\n<\/tr>\n<tr>\n<td valign=\"bottom\" width=\"140\">3040211<\/td>\n<td valign=\"bottom\" width=\"243\">Ad\u00e3o Carlos Ribeiro de Freitas<\/td>\n<td valign=\"bottom\" width=\"140\">08\/06\/2004<\/td>\n<\/tr>\n<tr>\n<td valign=\"bottom\" width=\"140\">3940160<\/td>\n<td valign=\"bottom\" width=\"243\">Jos\u00e9 Manuel Alves De Oliveira<\/td>\n<td valign=\"bottom\" width=\"140\">28\/01\/1994<\/td>\n<\/tr>\n<tr>\n<td valign=\"bottom\" width=\"140\">3070029<\/td>\n<td valign=\"bottom\" width=\"243\">Diogo Rafael Castro Leite<\/td>\n<td valign=\"bottom\" width=\"140\">26\/07\/2008<\/td>\n<\/tr>\n<tr>\n<td valign=\"bottom\" width=\"140\">3040056<\/td>\n<td valign=\"bottom\" width=\"243\">Manuel Fernandes de Sousa<\/td>\n<td valign=\"bottom\" width=\"140\">18\/02\/2004<\/td>\n<\/tr>\n<tr>\n<td valign=\"bottom\" width=\"140\">3870482<\/td>\n<td valign=\"bottom\" width=\"243\">Jos\u00e9 Valentim Couto da Silva<\/td>\n<td valign=\"bottom\" width=\"140\">01\/05\/1988<\/td>\n<\/tr>\n<tr>\n<td valign=\"bottom\" width=\"140\">3030176<\/td>\n<td valign=\"bottom\" width=\"243\">Davide Jos\u00e9 Sousa Silva<\/td>\n<td valign=\"bottom\" width=\"140\">09\/07\/2007<\/td>\n<\/tr>\n<\/tbody>\n<\/table>\n<h4>ngg_shortcode_9_placeholder<\/h4>\n<h4>ngg_shortcode_10_placeholder<span style=\"color: #000000;\"> <span style=\"color: #000000;\">Bombeiro de 3\u00aa<\/span><\/span><\/h4>\n<table border=\"0\" width=\"577\" cellspacing=\"0\" cellpadding=\"0\">\n<tbody>\n<tr>\n<td valign=\"bottom\" width=\"140\"><strong>N\u00ba Mecanogr\u00e1fico<\/strong><\/td>\n<td valign=\"bottom\" width=\"243\"><strong>Nome<\/strong><\/td>\n<td valign=\"bottom\" width=\"140\"><strong>Data Admiss\u00e3o<\/strong><\/td>\n<\/tr>\n<tr>\n<td valign=\"bottom\" width=\"140\">3060082<\/td>\n<td valign=\"bottom\" width=\"243\">Jorge Fernando Lopes Ferreira Alves<\/td>\n<td valign=\"bottom\" width=\"140\">09\/05\/2010<\/td>\n<\/tr>\n<tr>\n<td valign=\"bottom\" width=\"140\">3060073<\/td>\n<td valign=\"bottom\" width=\"243\">B\u00e1rbara Marta Silva Ferreira<\/td>\n<td valign=\"bottom\" width=\"140\">09\/05\/2010<\/td>\n<\/tr>\n<tr>\n<td valign=\"bottom\" width=\"140\">3030314<\/td>\n<td valign=\"bottom\" width=\"243\">Jos\u00e9 Carlos Freitas Gra\u00e7a<\/td>\n<td valign=\"bottom\" width=\"140\">04\/12\/2003<\/td>\n<\/tr>\n<tr>\n<td valign=\"bottom\" width=\"140\">20004844<\/td>\n<td valign=\"bottom\" width=\"243\">Andreia Patr\u00edcia Sousa Dias<\/td>\n<td valign=\"bottom\" width=\"140\">09\/05\/2010<\/td>\n<\/tr>\n<tr>\n<td valign=\"bottom\" width=\"140\">3040003<\/td>\n<td valign=\"bottom\" width=\"243\">Francisco Xavier Ferreira Martins<\/td>\n<td valign=\"bottom\" width=\"140\">07\/01\/2004<\/td>\n<\/tr>\n<tr>\n<td valign=\"bottom\" width=\"140\">3830263<\/td>\n<td valign=\"bottom\" width=\"243\">Jos\u00e9 Rodrigo Alves da Costa Leite<\/td>\n<td valign=\"bottom\" width=\"140\">01\/09\/1983<\/td>\n<\/tr>\n<tr>\n<td valign=\"bottom\" width=\"140\">20013704<\/td>\n<td valign=\"bottom\" width=\"243\">Nuno Tiago Teixeira Barreto Magalh\u00e3es<\/td>\n<td valign=\"bottom\" width=\"140\">04\/06\/2012<\/td>\n<\/tr>\n<tr>\n<td valign=\"bottom\" width=\"140\">20004847<\/td>\n<td valign=\"bottom\" width=\"243\">Lu\u00eds Carlos Peixoto Coelho<\/td>\n<td valign=\"bottom\" width=\"140\">17\/06\/2015<\/td>\n<\/tr>\n<tr>\n<td valign=\"bottom\" width=\"140\">20023745<\/td>\n<td valign=\"bottom\" width=\"243\">Ricardo Emanuel Rodrigues Baptista<\/td>\n<td valign=\"bottom\" width=\"140\">17\/06\/2015<\/td>\n<\/tr>\n<tr>\n<td valign=\"bottom\" width=\"140\">20007828<\/td>\n<td valign=\"bottom\" width=\"243\">Miguel \u00c2ngelo Azevedo Silva<\/td>\n<td valign=\"bottom\" width=\"140\">17\/06\/2015<\/td>\n<\/tr>\n<tr>\n<td valign=\"bottom\" width=\"140\">20005611<\/td>\n<td valign=\"bottom\" width=\"243\">Ricardo Andr\u00e9 Pereira Ribeiro<\/td>\n<td valign=\"bottom\" width=\"140\">17\/06\/2015<\/td>\n<\/tr>\n<tr>\n<td valign=\"bottom\" width=\"140\">20023728<\/td>\n<td valign=\"bottom\" width=\"243\">Fernando Samuel Silva Ara\u00fajo<\/td>\n<td valign=\"bottom\" width=\"140\">17\/06\/2015<\/td>\n<\/tr>\n<tr>\n<td valign=\"bottom\" width=\"140\">20023730<\/td>\n<td valign=\"bottom\" width=\"243\">Jos\u00e9 Ricardo Ribeiro Monteiro<\/td>\n<td valign=\"bottom\" width=\"140\">17\/06\/2015<\/td>\n<\/tr>\n<tr>\n<td valign=\"bottom\" width=\"140\">3070055<\/td>\n<td valign=\"bottom\" width=\"243\">V\u00edtor Daniel Peixoto Marinho<\/td>\n<td valign=\"bottom\" width=\"140\">17\/06\/2015<\/td>\n<\/tr>\n<tr>\n<td valign=\"bottom\" width=\"140\">20023747<\/td>\n<td valign=\"bottom\" width=\"243\">V\u00e2nia Filipa Fernandes Silva<\/td>\n<td valign=\"bottom\" width=\"140\">17\/06\/2015<\/td>\n<\/tr>\n<tr>\n<td valign=\"bottom\" width=\"140\">20023723<\/td>\n<td valign=\"bottom\" width=\"243\">Ana Catarina Silva Pedrosa<\/td>\n<td valign=\"bottom\" width=\"140\">17\/06\/2015<\/td>\n<\/tr>\n<tr>\n<td valign=\"bottom\" width=\"140\">20023727<\/td>\n<td valign=\"bottom\" width=\"243\">Eva Clarisse Coelho de Oliveira<\/td>\n<td valign=\"bottom\" width=\"140\">17\/06\/2015<\/td>\n<\/tr>\n<tr>\n<td valign=\"bottom\" width=\"140\">20008051<\/td>\n<td valign=\"bottom\" width=\"243\">Ana Rita Alves da Silva<\/td>\n<td valign=\"bottom\" width=\"140\">30\/10\/2015<\/td>\n<\/tr>\n<tr>\n<td valign=\"bottom\" width=\"140\">20023752<\/td>\n<td valign=\"bottom\" width=\"243\">Ana Raquel Cunha Barbosa<\/td>\n<td valign=\"bottom\" width=\"140\">30\/10\/2015<\/td>\n<\/tr>\n<tr>\n<td valign=\"bottom\" width=\"140\">20023738<\/td>\n<td valign=\"bottom\" width=\"243\">Nuno Miguel Fernandes Barbosa<\/td>\n<td valign=\"bottom\" width=\"140\">30\/10\/2015<\/td>\n<\/tr>\n<tr>\n<td valign=\"bottom\" width=\"140\">20023731<\/td>\n<td valign=\"bottom\" width=\"243\">L\u00e9lia Elisabete Macedo Correia<\/td>\n<td valign=\"bottom\" width=\"140\">30\/10\/2015<\/td>\n<\/tr>\n<tr>\n<td valign=\"bottom\" width=\"140\">13920384<\/td>\n<td valign=\"bottom\" width=\"243\">Sergio Jos\u00e9 Trabuco<\/td>\n<td valign=\"bottom\" width=\"140\">&nbsp;<\/td>\n<\/tr>\n<tr>\n<td valign=\"bottom\" width=\"140\">20004955<\/td>\n<td valign=\"bottom\" width=\"243\">V\u00e2nio Manuel Pereira Ferreira<\/td>\n<td valign=\"bottom\" width=\"140\">&nbsp;<\/td>\n<\/tr>\n<\/tbody>\n<\/table>\n<h4>ngg_shortcode_11_placeholder<\/h4>\n<h4><span style=\"color: #000000;\"> <span style=\"color: #ce2d2d;\">Bombeiro especialista<\/span><\/span><\/h4>\n<table border=\"0\" width=\"577\" cellspacing=\"0\" cellpadding=\"0\">\n<tbody>\n<tr>\n<td valign=\"bottom\" width=\"140\"><strong>N\u00ba Mecanogr\u00e1fico<\/strong><\/td>\n<td valign=\"bottom\" width=\"243\"><strong>Nome<\/strong><\/td>\n<td valign=\"bottom\" width=\"140\"><strong>Data Admiss\u00e3o<\/strong><\/td>\n<\/tr>\n<tr>\n<td valign=\"bottom\" width=\"140\">3750141<\/td>\n<td valign=\"bottom\" width=\"243\">Jo\u00e3o Ribeiro De Oliveira<\/td>\n<td valign=\"bottom\" width=\"140\">14\/08\/1975<\/td>\n<\/tr>\n<tr>\n<td valign=\"bottom\" width=\"140\">3870485<\/td>\n<td valign=\"bottom\" width=\"243\">Paulo Alexandre Sabino De Almeida<\/td>\n<td valign=\"bottom\" width=\"140\">20\/09\/1987<\/td>\n<\/tr>\n<tr>\n<td valign=\"bottom\" width=\"140\">3890657<\/td>\n<td valign=\"bottom\" width=\"243\">Jo\u00e3o Jorge Mendes Vaz<\/td>\n<td valign=\"bottom\" width=\"140\">20\/11\/1989<\/td>\n<\/tr>\n<tr>\n<td valign=\"bottom\" width=\"140\">3020037<\/td>\n<td valign=\"bottom\" width=\"243\">Leandro Henrique Amaral Dias<\/td>\n<td valign=\"bottom\" width=\"140\">03\/04\/2002<\/td>\n<\/tr>\n<tr>\n<td valign=\"bottom\" width=\"140\">3040096<\/td>\n<td valign=\"bottom\" width=\"243\">Joaquim Vaz Ferreira<\/td>\n<td valign=\"bottom\" width=\"140\">22\/03\/2004<\/td>\n<\/tr>\n<tr>\n<td valign=\"bottom\" width=\"140\">3040051<\/td>\n<td valign=\"bottom\" width=\"243\">Ant\u00f3nio Artur da Cunha Faria<\/td>\n<td valign=\"bottom\" width=\"140\">18\/02\/2004<\/td>\n<\/tr>\n<tr>\n<td valign=\"bottom\" width=\"140\">3040049<\/td>\n<td valign=\"bottom\" width=\"243\">Ab\u00edlio Carlos Pereira Costa Veiga<\/td>\n<td valign=\"bottom\" width=\"140\">18\/02\/2004<\/td>\n<\/tr>\n<tr>\n<td valign=\"bottom\" width=\"140\">3040055<\/td>\n<td valign=\"bottom\" width=\"243\">Manuel da Silva Ferreira<\/td>\n<td valign=\"bottom\" width=\"140\">18\/02\/2004<\/td>\n<\/tr>\n<tr>\n<td valign=\"bottom\" width=\"140\">3040094<\/td>\n<td valign=\"bottom\" width=\"243\">Carlos Alberto Salgado Barbosa<\/td>\n<td valign=\"bottom\" width=\"140\">22\/03\/2004<\/td>\n<\/tr>\n<tr>\n<td valign=\"bottom\" width=\"140\">3010021<\/td>\n<td valign=\"bottom\" width=\"243\">Marco Paulo Gon\u00e7alves Ribeiro<\/td>\n<td valign=\"bottom\" width=\"140\">14\/02\/2001<\/td>\n<\/tr>\n<tr>\n<td valign=\"bottom\" width=\"140\">3040053<\/td>\n<td valign=\"bottom\" width=\"243\">Carlos Andr\u00e9 Mendes Ferreira<\/td>\n<td valign=\"bottom\" width=\"140\">18\/02\/2004<\/td>\n<\/tr>\n<tr>\n<td valign=\"bottom\" width=\"140\">20044181<\/td>\n<td valign=\"bottom\" width=\"243\">Leandro Edgar Carneiro da Costa<\/td>\n<td valign=\"bottom\" width=\"140\">&nbsp;<\/td>\n<\/tr>\n<tr>\n<td valign=\"bottom\" width=\"140\">20046781<\/td>\n<td valign=\"bottom\" width=\"243\">Miguel Joaquim Almeida Cunha<\/td>\n<td valign=\"bottom\" width=\"140\">&nbsp;<\/td>\n<\/tr>\n<tr>\n<td valign=\"bottom\" width=\"140\">20047140<\/td>\n<td valign=\"bottom\" width=\"243\">Jos\u00e9 Maria Carneiro Azevedo<\/td>\n<td valign=\"bottom\" width=\"140\">&nbsp;<\/td>\n<\/tr>\n<tr>\n<td valign=\"bottom\" width=\"140\">20047366<\/td>\n<td valign=\"bottom\" width=\"243\">Pedro Andr\u00e9 da Silva Pereira<\/td>\n<td valign=\"bottom\" width=\"140\">&nbsp;<\/td>\n<\/tr>\n<\/tbody>\n<\/table>\n<h4>ngg_shortcode_12_placeholder<\/h4>\n<h4><span style=\"color: #000000;\"> <span style=\"color: #ce2d2d;\">Especialista\/sa\u00fade<\/span><\/span><\/h4>\n<p>20048054B\u00e1rbara Raquel Fontes Oliveira<\/p>\n<table border=\"0\" width=\"577\" cellspacing=\"0\" cellpadding=\"0\">\n<tbody>\n<tr>\n<td valign=\"bottom\" width=\"140\"><strong>N\u00ba Mecanogr\u00e1fico<\/strong><\/td>\n<td valign=\"bottom\" width=\"243\"><strong>Nome<\/strong><\/td>\n<td valign=\"bottom\" width=\"140\"><strong>Data Admiss\u00e3o<\/strong><\/td>\n<\/tr>\n<tr>\n<td valign=\"bottom\" width=\"140\">20046544<\/td>\n<td valign=\"bottom\" width=\"243\">Bebiana Francisca Alves Costa<\/td>\n<td valign=\"bottom\" width=\"140\">20046577<\/td>\n<\/tr>\n<tr>\n<td valign=\"bottom\" width=\"140\">20046577<\/td>\n<td valign=\"bottom\" width=\"243\">Ana Carolina Silva Guimar\u00e3es<\/td>\n<td valign=\"bottom\" width=\"140\">&nbsp;<\/td>\n<\/tr>\n<\/tbody>\n<\/table>\n<h4>ngg_shortcode_13_placeholder<\/h4>\n<h4><span style=\"color: #000000;\"> <span style=\"color: #ce2d2d;\">Especialista\/Fanfarra<\/span><\/span><\/h4>\n<table border=\"0\" width=\"477\" cellspacing=\"0\" cellpadding=\"0\">\n<tbody>\n<tr>\n<td valign=\"bottom\" width=\"140\"><strong>N\u00ba Mecanogr\u00e1fico<\/strong><\/td>\n<td valign=\"bottom\" width=\"243\"><strong>Nome<\/strong><\/td>\n<td valign=\"bottom\" width=\"140\"><strong>Data Admiss\u00e3o<\/strong><\/td>\n<\/tr>\n<tr>\n<td valign=\"bottom\" width=\"140\">3040212<\/td>\n<td valign=\"bottom\" width=\"243\">Artur Manuel da Silva Peixoto<\/td>\n<td valign=\"bottom\" width=\"140\">06\/08\/2004<\/td>\n<\/tr>\n<tr>\n<td valign=\"bottom\" width=\"140\">&nbsp;<\/td>\n<td valign=\"bottom\" width=\"243\">S\u00e9rgio Augusto da Silva Ribeiro<\/td>\n<td valign=\"bottom\" width=\"140\">&nbsp;<\/td>\n<\/tr>\n<tr>\n<td valign=\"bottom\" width=\"140\">30044180<\/td>\n<td valign=\"bottom\" width=\"243\">Jos\u00e9 Miguel Sousa Barbosa<\/td>\n<td valign=\"bottom\" width=\"140\">&nbsp;<\/td>\n<\/tr>\n<tr>\n<td valign=\"bottom\" width=\"140\">20044188<\/td>\n<td valign=\"bottom\" width=\"243\">Diogo Filipe Castro Pinto<\/td>\n<td valign=\"bottom\" width=\"140\">&nbsp;<\/td>\n<\/tr>\n<tr>\n<td valign=\"bottom\" width=\"140\">20044187<\/td>\n<td valign=\"bottom\" width=\"243\">Leandro Pinto Amaral Dias<\/td>\n<td valign=\"bottom\" width=\"140\">&nbsp;<\/td>\n<\/tr>\n<\/tbody>\n<\/table>\n<h4>ngg_shortcode_14_placeholder<\/h4>\n","protected":false},"excerpt":{"rendered":"<p>&nbsp; Oficial Bombeiro de 2\u00aa &nbsp; N. Mecanogr\u00e1fico Nome Data Admiss\u00e3o 3030145 B\u00e1rbara da Silva Ferreira 03-06-2003 3030138 Am\u00e9lia Cec\u00edlia Alves Guimar\u00e3es 30-06-2003 &nbsp; Chefe N. Mecanogr\u00e1fico Nome Data Admiss\u00e3o 3830253 Ant\u00f3nio Lu\u00eds Ribeiro Barbosa 01-09-1983 Sub-chefe N\u00famero Mecanogr\u00e1fico Nome<\/p>\n","protected":false},"author":6,"featured_media":0,"parent":23,"menu_order":2,"comment_status":"closed","ping_status":"closed","template":"","meta":{"ngg_post_thumbnail":0,"footnotes":""},"class_list":["post-44","page","type-page","status-publish","hentry"],"_links":{"self":[{"href":"https:\/\/www.bvvizela.pt\/site\/wp-json\/wp\/v2\/pages\/44","targetHints":{"allow":["GET"]}}],"collection":[{"href":"https:\/\/www.bvvizela.pt\/site\/wp-json\/wp\/v2\/pages"}],"about":[{"href":"https:\/\/www.bvvizela.pt\/site\/wp-json\/wp\/v2\/types\/page"}],"author":[{"embeddable":true,"href":"https:\/\/www.bvvizela.pt\/site\/wp-json\/wp\/v2\/users\/6"}],"replies":[{"embeddable":true,"href":"https:\/\/www.bvvizela.pt\/site\/wp-json\/wp\/v2\/comments?post=44"}],"version-history":[{"count":213,"href":"https:\/\/www.bvvizela.pt\/site\/wp-json\/wp\/v2\/pages\/44\/revisions"}],"predecessor-version":[{"id":6249,"href":"https:\/\/www.bvvizela.pt\/site\/wp-json\/wp\/v2\/pages\/44\/revisions\/6249"}],"up":[{"embeddable":true,"href":"https:\/\/www.bvvizela.pt\/site\/wp-json\/wp\/v2\/pages\/23"}],"wp:attachment":[{"href":"https:\/\/www.bvvizela.pt\/site\/wp-json\/wp\/v2\/media?parent=44"}],"curies":[{"name":"wp","href":"https:\/\/api.w.org\/{rel}","templated":true}]}}