{"id":42,"date":"2010-04-30T16:31:25","date_gmt":"2010-04-30T15:31:25","guid":{"rendered":"http:\/\/www.bvvizela.pt\/site\/?page_id=42"},"modified":"2020-12-04T18:22:14","modified_gmt":"2020-12-04T18:22:14","slug":"quadro-de-comando","status":"publish","type":"page","link":"https:\/\/www.bvvizela.pt\/site\/corpo-bombeiros\/constituicao-do-corpo\/quadro-de-comando\/","title":{"rendered":"Quadro de Comando"},"content":{"rendered":"\r\n<h1 class=\"has-very-dark-gray-color has-text-color has-text-align-left wp-block-heading\">ngg_shortcode_0_placeholder<span style=\"color: #000000;\"> <span style=\"color: #000000;\">Comandante<\/span><\/span><\/h1>\r\n\r\n\r\n\r\n<figure class=\"wp-block-table alignwide\">\r\n<table>\r\n<tbody>\r\n<tr>\r\n<td><strong>N\u00ba Mecanogr\u00e1fico<\/strong><\/td>\r\n<td><strong>Nome<\/strong><\/td>\r\n<td><strong>Data Admiss\u00e3o<\/strong><\/td>\r\n<\/tr>\r\n<tr>\r\n<td>&nbsp;3930490<\/td>\r\n<td>&nbsp;Ant\u00f3nio Paulo F\u00e9lix da Silva<\/td>\r\n<td>&nbsp;05-08-1993<\/td>\r\n<\/tr>\r\n<\/tbody>\r\n<\/table>\r\n<\/figure>\r\n\r\n\r\n<hr class=\"wp-block-separator has-text-color has-background has-vivid-red-background-color has-vivid-red-color is-style-wide\"\/>\r\n\r\n\r\n<h1 class=\"wp-block-heading\">ngg_shortcode_1_placeholder<span style=\"color: #000000;\"> <span style=\"color: #000000;\">Segundo Comandante<\/span><\/span><\/h1>\r\n\r\n\r\n\r\n<figure class=\"wp-block-table alignwide is-style-regular\">\r\n<table>\r\n<tbody>\r\n<tr>\r\n<td><strong>N\u00ba Mecanogr\u00e1fico<\/strong><\/td>\r\n<td><strong>Nome<\/strong><\/td>\r\n<td><strong>Data Admiss\u00e3o<\/strong><\/td>\r\n<\/tr>\r\n<tr>\r\n<td>3830251<\/td>\r\n<td>Ad\u00e3o Jos\u00e9 Machado Carvalho<\/td>\r\n<td>01-09-1983<\/td>\r\n<\/tr>\r\n<\/tbody>\r\n<\/table>\r\n<\/figure>\r\n\r\n\r\n<hr class=\"wp-block-separator has-text-color has-background has-vivid-red-background-color has-vivid-red-color is-style-wide\"\/>\r\n\r\n\r\n<h1 class=\"rich-text editor-rich-text__editable block-editor-rich-text__editable has-text-align-left has-text-color has-very-dark-gray-color wp-block-heading\">ngg_shortcode_2_placeholder Adjuntos de Comando<\/h1>\r\n\r\n\r\n\r\n<figure class=\"wp-block-table alignwide is-style-regular\">\r\n<table>\r\n<tbody>\r\n<tr>\r\n<td><strong>N\u00ba Mecanogr\u00e1fico<\/strong><\/td>\r\n<td>&nbsp;<strong>Nome<\/strong><\/td>\r\n<td>&nbsp;<strong>Data Admiss\u00e3o<\/strong><\/td>\r\n<\/tr>\r\n<tr>\r\n<td>3030311<\/td>\r\n<td>Ana Lu\u00edsa Rocha Alves<\/td>\r\n<td>04-12-2003<\/td>\r\n<\/tr>\r\n<tr>\r\n<td>3990529<\/td>\r\n<td>Jos\u00e9 Miguel Soares Ribeiro<\/td>\r\n<td>29-04-1999<\/td>\r\n<\/tr>\r\n<tr>\r\n<td>3030041<\/td>\r\n<td>Hugo Miguel Pinto Ferreira<\/td>\r\n<td>26-02-2003<\/td>\r\n<\/tr>\r\n<\/tbody>\r\n<\/table>\r\n<\/figure>\r\n","protected":false},"excerpt":{"rendered":"<p>Comandante N\u00ba Mecanogr\u00e1fico Nome Data Admiss\u00e3o &nbsp;3930490 &nbsp;Ant\u00f3nio Paulo F\u00e9lix da Silva &nbsp;05-08-1993 Segundo Comandante N\u00ba Mecanogr\u00e1fico Nome Data Admiss\u00e3o 3830251 Ad\u00e3o Jos\u00e9 Machado Carvalho 01-09-1983 Adjuntos de Comando N\u00ba Mecanogr\u00e1fico &nbsp;Nome &nbsp;Data Admiss\u00e3o 3030311 Ana Lu\u00edsa Rocha Alves 04-12-2003<\/p>\n","protected":false},"author":6,"featured_media":0,"parent":23,"menu_order":1,"comment_status":"closed","ping_status":"closed","template":"","meta":{"ngg_post_thumbnail":0,"footnotes":""},"class_list":["post-42","page","type-page","status-publish","hentry"],"_links":{"self":[{"href":"https:\/\/www.bvvizela.pt\/site\/wp-json\/wp\/v2\/pages\/42","targetHints":{"allow":["GET"]}}],"collection":[{"href":"https:\/\/www.bvvizela.pt\/site\/wp-json\/wp\/v2\/pages"}],"about":[{"href":"https:\/\/www.bvvizela.pt\/site\/wp-json\/wp\/v2\/types\/page"}],"author":[{"embeddable":true,"href":"https:\/\/www.bvvizela.pt\/site\/wp-json\/wp\/v2\/users\/6"}],"replies":[{"embeddable":true,"href":"https:\/\/www.bvvizela.pt\/site\/wp-json\/wp\/v2\/comments?post=42"}],"version-history":[{"count":63,"href":"https:\/\/www.bvvizela.pt\/site\/wp-json\/wp\/v2\/pages\/42\/revisions"}],"predecessor-version":[{"id":6219,"href":"https:\/\/www.bvvizela.pt\/site\/wp-json\/wp\/v2\/pages\/42\/revisions\/6219"}],"up":[{"embeddable":true,"href":"https:\/\/www.bvvizela.pt\/site\/wp-json\/wp\/v2\/pages\/23"}],"wp:attachment":[{"href":"https:\/\/www.bvvizela.pt\/site\/wp-json\/wp\/v2\/media?parent=42"}],"curies":[{"name":"wp","href":"https:\/\/api.w.org\/{rel}","templated":true}]}}