{"id":37,"date":"2010-04-30T16:29:20","date_gmt":"2010-04-30T15:29:20","guid":{"rendered":"http:\/\/www.bvvizela.pt\/site\/?page_id=37"},"modified":"2017-11-28T17:00:03","modified_gmt":"2017-11-28T17:00:03","slug":"gabinete-social-do-bombeiro-regulamento","status":"publish","type":"page","link":"https:\/\/www.bvvizela.pt\/site\/gabinete-social-do-bombeiro-regulamento\/","title":{"rendered":"Gabinete Social do Bombeiro &#8211; Regulamento"},"content":{"rendered":"<h1 style=\"text-align: center;\">CAP\u00cdTULO I&nbsp;<\/h1>\n<h2 style=\"text-align: center;\">Denomina\u00e7\u00e3o e \u00c2mbito<\/h2>\n<h3><span style=\"text-decoration: underline;\">&nbsp;Artigo 1\u00ba<\/span><\/h3>\n<p>Com o objectivo de promover e complementar os escassos incentivos que o Estatuto Social do Bombeiro comporta \u00e9 criado hoje, e com efeitos aplicativos a partir de 1 de Janeiro de 1999, pela Real Associa\u00e7\u00e3o Humanit\u00e1ria dos Bombeiros Volunt\u00e1rios de Vizela o Gabinete Social do Bombeiro, adiante designado por B.V.V. e G.S.B., o qual passa a reger-se pelo presente regulamento.<\/p>\n<h3><strong><span style=\"text-decoration: underline;\">Artigo 2\u00ba<\/span><\/strong><\/h3>\n<p>O G.S.B. ter\u00e1 dura\u00e7\u00e3o indeterminada.<\/p>\n<h3><strong><span style=\"text-decoration: underline;\">Artigo 3\u00ba<\/span><\/strong><\/h3>\n<p>O G.S.B. \u00e9 administrado pela B.V.V.<\/p>\n<h3><strong><span style=\"text-decoration: underline;\">Artigo 4\u00ba<\/span><\/strong><\/h3>\n<p>O G.S.B. tem como objectivo o apoio Social, m\u00e9dico, jur\u00eddico e fiscal, bem como outras regalias de caracter diverso.<\/p>\n<h3><strong><span style=\"text-decoration: underline;\">Artigo 5\u00ba<\/span><\/strong><\/h3>\n<p>Os benefici\u00e1rios do G.S.B. s\u00e3o todos os bombeiros enquanto ao servi\u00e7o da corpora\u00e7\u00e3o.<\/p>\n<h1 style=\"text-align: center;\"><strong>CAPITULO II<\/strong><\/h1>\n<h2 style=\"text-align: center;\">Benef\u00edcios<\/h2>\n<h3><span style=\"text-decoration: underline;\">Artigo 6\u00ba<\/span><\/h3>\n<p>O Gabinete Social do Bombeiro pode atribuir os seguintes benef\u00edcios:<\/p>\n<p>a) comparticipa\u00e7\u00f5es<\/p>\n<p>b) cr\u00e9ditos<\/p>\n<p>c) servi\u00e7os<\/p>\n<h2 style=\"text-align: center;\">Sec\u00e7\u00e3o I<\/h2>\n<h2 style=\"text-align: center;\">Comparticipa\u00e7\u00f5es<\/h2>\n<h3><span style=\"text-decoration: underline;\">Artigo 7\u00ba<\/span><\/h3>\n<p>S\u00e3o comparticipa\u00e7\u00f5es as import\u00e2ncias sem caracter uniforme, para situa\u00e7\u00f5es de emerg\u00eancia, consideradas caso a caso.<\/p>\n<h3><strong><span style=\"text-decoration: underline;\">Artigo 8\u00ba<\/span><\/strong><\/h3>\n<p>As comparticipa\u00e7\u00f5es a conceder ser\u00e3o sempre de car\u00e1cter econ\u00f3mico &#8211; financeiro e fora do \u00e2mbito do Regulamento do Fundo de Protec\u00e7\u00e3o Social do Bombeiro e incidir\u00e3o exclusivamente em situa\u00e7\u00f5es de extrema necessidade comprovada.<\/p>\n<h2 style=\"text-align: center;\">Sec\u00e7\u00e3o II<\/h2>\n<h2 style=\"text-align: center;\">Cr\u00e9ditos<\/h2>\n<h3><span style=\"text-decoration: underline;\">Artigo 9\u00ba<\/span><\/h3>\n<p>S\u00e3o cr\u00e9ditos as import\u00e2ncias concedidas a t\u00edtulo devolutivo, a favor de benefici\u00e1rios principais.<\/p>\n<h3><strong><span style=\"text-decoration: underline;\">Artigo 10\u00ba<\/span><\/strong><\/h3>\n<p>Os cr\u00e9ditos a conceder ter\u00e3o sempre e tamb\u00e9m um car\u00e1cter de excepcionalidade, sempre em situa\u00e7\u00f5es justificadas e comprovadas e fora do R.F.P.S.B., sempre que estejam a provocar situa\u00e7\u00f5es de car\u00eancia social, ou financeira.<\/p>\n<h2 style=\"text-align: center;\">Sec\u00e7\u00e3o III<\/h2>\n<h2 style=\"text-align: center;\">Servi\u00e7os<\/h2>\n<h3><span style=\"text-decoration: underline;\">Artigo 11\u00ba<\/span><\/h3>\n<p>S\u00e3o servi\u00e7os os benef\u00edcios a que os bombeiros podem aceder na \u00e1rea da sa\u00fade, da assist\u00eancia jur\u00eddica (civil e predial), da fiscalidade e outros.<\/p>\n<h3><span style=\"text-decoration: underline;\">Artigo 12\u00ba<\/span><\/h3>\n<p>Todos os servi\u00e7os prestados por terceiros ser\u00e3o objecto de acordos de coopera\u00e7\u00e3o, a celebrar entre a Associa\u00e7\u00e3o e as entidades em causa<\/p>\n<h3><span style=\"text-decoration: underline;\">Artigo 13\u00ba<\/span><\/h3>\n<p>Todos os acordos de coopera\u00e7\u00e3o ser\u00e3o parte integrante deste regulamento<\/p>\n<h3><span style=\"text-decoration: underline;\">Artigo 14\u00ba<\/span><\/h3>\n<p>A den\u00fancia de qualquer acordo tem de respeitar sempre as condi\u00e7\u00f5es estabelecidas no contrato.<\/p>\n<h2 style=\"text-align: center;\">CAPITULO III<\/h2>\n<h2 style=\"text-align: center;\">PROCESSO<\/h2>\n<h3><span style=\"text-decoration: underline;\">Artigo 15\u00ba<\/span><\/h3>\n<p>1 \u2013 A&nbsp; atribui\u00e7\u00e3o dos benef\u00edcios previstos neste&nbsp; regulamento&nbsp; ser\u00e1 sempre fundamentada em processo, constitu\u00eddo por documentos originais.<\/p>\n<p>2 \u2013 O processo ser\u00e1 constitu\u00eddo pelos seguintes documentos:<\/p>\n<p>a)&nbsp;&nbsp;&nbsp;&nbsp;&nbsp; Requerimento (Mod. 1 \u2013 G.S.B.) devidamente preenchido e assinado pelo interessado, dirigido o Respons\u00e1vel pelo Gabinete e entregue ao Coordenador do Corpo Activo.<\/p>\n<p>b)&nbsp;&nbsp;&nbsp;&nbsp;&nbsp; Ficha de controle dos pedidos\/requisi\u00e7\u00f5es&nbsp; (Mod. 2&nbsp; &#8211; G.S.B.) que suportar\u00e1 a gest\u00e3o inform\u00e1tica do sistema .<\/p>\n<p>c)&nbsp;&nbsp;&nbsp;&nbsp;&nbsp; Documento de autoriza\u00e7\u00e3o&nbsp; do benef\u00edcio&nbsp; (Mod. 3 \u2013 G.S.B.) e ordem de execu\u00e7\u00e3o.<\/p>\n<h2 style=\"text-align: center;\">CAPITULO IV<\/h2>\n<h2 style=\"text-align: center;\">ATRIBUI\u00c7\u00c3O DE BENEF\u00cdCIOS<\/h2>\n<h3><span style=\"text-decoration: underline;\">Artigo 16\u00ba<\/span><\/h3>\n<p>A concess\u00e3o de qualquer dos benef\u00edcios previstos neste regulamento ser\u00e1 sempre condicionada :<\/p>\n<p>1)&nbsp;&nbsp;&nbsp;&nbsp;&nbsp; \u00c0 situa\u00e7\u00e3o de efectividade no Corpo .<\/p>\n<p>2)&nbsp;&nbsp;&nbsp;&nbsp;&nbsp; \u00c0 comprova\u00e7\u00e3o de um n\u00famero m\u00ednimo de servi\u00e7os efectivos na Corpora\u00e7\u00e3o .<\/p>\n<h2 style=\"text-align: center;\">CAP\u00cdTULO V<\/h2>\n<h2 style=\"text-align: center;\">ADMINISTRA\u00c7\u00c3O E FUNCIONAMENTO<\/h2>\n<h3 style=\"text-align: left;\"><span style=\"text-decoration: underline;\">Artigo 17\u00ba<\/span><\/h3>\n<p>1)&nbsp;&nbsp;&nbsp;&nbsp;&nbsp; A administra\u00e7\u00e3o do G.S.B. \u00e9 assegurada&nbsp; pela&nbsp; Direc\u00e7\u00e3o da B.V.V.<\/p>\n<p>2)&nbsp;&nbsp;&nbsp;&nbsp;&nbsp; O respons\u00e1vel do G.S.B. \u00e9 o Vice &#8211; Presidente de Direc\u00e7\u00e3o<\/p>\n<p>3)&nbsp;&nbsp;&nbsp;&nbsp;&nbsp; O Coordenador de todos os pedidos de benef\u00edcios dos bombeiros no Corpo Activo ser\u00e1 o 2\u00ba Comandante .<\/p>\n<h3><span style=\"text-decoration: underline;\">Artigo 18\u00ba<\/span><\/h3>\n<p>Todas as semanas na reuni\u00e3o de Direc\u00e7\u00e3o ser\u00e1 feito o ponto de situa\u00e7\u00e3o e analisadas as quest\u00f5es de maior dificuldade e necessidade.<\/p>\n<h3><span style=\"text-decoration: underline;\">Artigo 19\u00ba<\/span><\/h3>\n<p>&nbsp;O&nbsp; respons\u00e1vel do G.S.B. tem compet\u00eancia&nbsp; e autoridade para decidir todos os pedidos de benef\u00edcios&nbsp; normais .<\/p>\n<h3><span style=\"text-decoration: underline;\">Artigo 20\u00ba<\/span><\/h3>\n<p>Compete \u00e0 Direc\u00e7\u00e3o&nbsp; tratar e decidir todos os pedidos de caracter excepcional .<\/p>\n<h3><span style=\"text-decoration: underline;\">Artigo 21\u00ba<\/span><\/h3>\n<p>Todos os assuntos relacionados com o G.S.B. e tratados na reuni\u00e3o de Direc\u00e7\u00e3o ser\u00e3o&nbsp; passados e lavrados em Acta.<\/p>\n<h2 style=\"text-align: center;\">CAPITULO VI<\/h2>\n<h2 style=\"text-align: center;\">Gest\u00e3o Financeira<\/h2>\n<h2 style=\"text-align: center;\">Sec\u00e7\u00e3o I<\/h2>\n<h2 style=\"text-align: center;\">Receitas<\/h2>\n<h3><span style=\"text-decoration: underline;\">Artigo 22\u00ba<\/span><\/h3>\n<p>Constituem receitas do G.S.B:<\/p>\n<p>a)&nbsp;&nbsp;&nbsp;&nbsp;&nbsp; as doa\u00e7\u00f5es ordin\u00e1rias e extraordin\u00e1rias decididas e deliberadas pela Direc\u00e7\u00e3o<\/p>\n<p>b)&nbsp;&nbsp;&nbsp;&nbsp;&nbsp; as verbas que decorrem das receitas l\u00edquidas de explora\u00e7\u00e3o de qualquer Servi\u00e7o P\u00fablico a instalar<\/p>\n<p>c)&nbsp;&nbsp;&nbsp;&nbsp;&nbsp; os donativos e subs\u00eddios financeiros concedidos para o efeito<\/p>\n<p>d)&nbsp;&nbsp;&nbsp;&nbsp; os reembolsos dos cr\u00e9ditos concedidos<\/p>\n<p>e)&nbsp;&nbsp;&nbsp;&nbsp;&nbsp; os rendimentos de aplica\u00e7\u00e3o de capitais<\/p>\n<p>f)&nbsp;&nbsp;&nbsp;&nbsp;&nbsp;&nbsp; outros rendimentos<\/p>\n<h2 style=\"text-align: center;\">Sec\u00e7\u00e3o II<\/h2>\n<h2 style=\"text-align: center;\">Despesas<\/h2>\n<h3><strong><span style=\"text-decoration: underline;\">Artigo 23\u00ba<\/span><\/strong><\/h3>\n<p>Constituem despesas do G.S.B.:<\/p>\n<p>a)&nbsp;&nbsp;&nbsp;&nbsp;&nbsp; as despesas de ac\u00e7\u00e3o<\/p>\n<p>b)&nbsp;&nbsp;&nbsp;&nbsp;&nbsp; as despesas de administra\u00e7\u00e3o<\/p>\n<h3><span style=\"text-decoration: underline;\">Artigo 24\u00ba<\/span><\/h3>\n<p>Consideram-se as despesas de ac\u00e7\u00e3o todas aquelas que se prendem com a concess\u00e3o dos benef\u00edcios previstos no Artigo 6\u00ba deste&nbsp; regulamento.<\/p>\n<h3><span style=\"text-decoration: underline;\">Artigo 25\u00ba<\/span><\/h3>\n<p>Consideram-se despesas de administra\u00e7\u00e3o todas aquelas que se prendam com a manuten\u00e7\u00e3o e gest\u00e3o do Gabinete.<\/p>\n<h2 style=\"text-align: center;\">Sec\u00e7\u00e3o III<\/h2>\n<h2 style=\"text-align: center;\">Normas Supletivas<\/h2>\n<h3><span style=\"text-decoration: underline;\">Artigo 26\u00ba<\/span><\/h3>\n<p>A concess\u00e3o dos benef\u00edcios previstos neste regulamento fica sempre condicionada aos capitais do fundo, n\u00e3o havendo, em caso algum, recurso a empr\u00e9stimos para fazer face a dificuldades financeiras.<\/p>\n<h3><span style=\"text-decoration: underline;\">Artigo 27\u00ba<\/span><\/h3>\n<p>Os caso omissos no presente regulamento e eventuais melhorias a efectuar ser\u00e3o objecto de resolu\u00e7\u00e3o pela Direc\u00e7\u00e3o da Associa\u00e7\u00e3o, mediante proposta do seu respons\u00e1vel.<\/p>\n<h3><span style=\"text-decoration: underline;\">Artigo 28\u00ba<\/span><\/h3>\n<p>As receitas afectas ao G.S.B. n\u00e3o poder\u00e3o em caso algum serem aplicadas para outras finalidades.<\/p>\n<h2 style=\"text-align: center;\">CAP\u00cdTULO VII<\/h2>\n<h2 style=\"text-align: center;\">EXTIN\u00c7\u00c3O<\/h2>\n<h3><span style=\"text-decoration: underline;\">Artigo 29\u00ba<\/span><\/h3>\n<p>Em caso de extin\u00e7\u00e3o do G.S.B., s\u00f3 em situa\u00e7\u00e3o de impossibilidade comprovada e por decis\u00e3o da Assembleia Geral&nbsp; , todos os bens afectos ao G.S.B. ser\u00e3o transferidos para as correspondentes rubricas do Activo da Associa\u00e7\u00e3o.<\/p>\n<h3>Vizela, 18&nbsp; de Dezembro de 1998<\/h3>\n","protected":false},"excerpt":{"rendered":"<p>CAP\u00cdTULO I&nbsp; Denomina\u00e7\u00e3o e \u00c2mbito &nbsp;Artigo 1\u00ba Com o objectivo de promover e complementar os escassos incentivos que o Estatuto Social do Bombeiro comporta \u00e9 criado hoje, e com efeitos aplicativos a partir de 1 de Janeiro de 1999, pela<\/p>\n","protected":false},"author":6,"featured_media":0,"parent":0,"menu_order":6,"comment_status":"closed","ping_status":"closed","template":"","meta":{"ngg_post_thumbnail":0,"footnotes":""},"class_list":["post-37","page","type-page","status-publish","hentry"],"_links":{"self":[{"href":"https:\/\/www.bvvizela.pt\/site\/wp-json\/wp\/v2\/pages\/37","targetHints":{"allow":["GET"]}}],"collection":[{"href":"https:\/\/www.bvvizela.pt\/site\/wp-json\/wp\/v2\/pages"}],"about":[{"href":"https:\/\/www.bvvizela.pt\/site\/wp-json\/wp\/v2\/types\/page"}],"author":[{"embeddable":true,"href":"https:\/\/www.bvvizela.pt\/site\/wp-json\/wp\/v2\/users\/6"}],"replies":[{"embeddable":true,"href":"https:\/\/www.bvvizela.pt\/site\/wp-json\/wp\/v2\/comments?post=37"}],"version-history":[{"count":8,"href":"https:\/\/www.bvvizela.pt\/site\/wp-json\/wp\/v2\/pages\/37\/revisions"}],"predecessor-version":[{"id":4648,"href":"https:\/\/www.bvvizela.pt\/site\/wp-json\/wp\/v2\/pages\/37\/revisions\/4648"}],"wp:attachment":[{"href":"https:\/\/www.bvvizela.pt\/site\/wp-json\/wp\/v2\/media?parent=37"}],"curies":[{"name":"wp","href":"https:\/\/api.w.org\/{rel}","templated":true}]}}