{"id":3602,"date":"2013-05-01T21:20:48","date_gmt":"2013-05-01T20:20:48","guid":{"rendered":"http:\/\/www.bvvizela.pt\/site\/"},"modified":"2021-06-14T14:08:28","modified_gmt":"2021-06-14T13:08:28","slug":"tabela-de-precos-de-servicos","status":"publish","type":"page","link":"https:\/\/www.bvvizela.pt\/site\/multimedia\/tabela-de-precos-de-servicos\/","title":{"rendered":"Tabela de Pre\u00e7os de Servi\u00e7os"},"content":{"rendered":"<p>TABELA DE PRE\u00c7OS DE SERVI\u00c7OS em vigor a partir de 01\/02\/2021<\/p>\n<p><a href=\"https:\/\/www.bvvizela.pt\/site\/wp-content\/uploads\/Tabela-Prestacao-Servicos-2021.pdf\">Tabela Presta\u00e7\u00e3o Servi\u00e7os 2021<\/a><\/p>\n<p>&nbsp;<\/p>\n","protected":false},"excerpt":{"rendered":"<p>TABELA DE PRE\u00c7OS DE SERVI\u00c7OS em vigor a partir de 01\/02\/2021 Tabela Presta\u00e7\u00e3o Servi\u00e7os 2021 &nbsp;<\/p>\n","protected":false},"author":3,"featured_media":0,"parent":9,"menu_order":0,"comment_status":"closed","ping_status":"closed","template":"","meta":{"ngg_post_thumbnail":0,"footnotes":""},"class_list":["post-3602","page","type-page","status-publish","hentry"],"_links":{"self":[{"href":"https:\/\/www.bvvizela.pt\/site\/wp-json\/wp\/v2\/pages\/3602","targetHints":{"allow":["GET"]}}],"collection":[{"href":"https:\/\/www.bvvizela.pt\/site\/wp-json\/wp\/v2\/pages"}],"about":[{"href":"https:\/\/www.bvvizela.pt\/site\/wp-json\/wp\/v2\/types\/page"}],"author":[{"embeddable":true,"href":"https:\/\/www.bvvizela.pt\/site\/wp-json\/wp\/v2\/users\/3"}],"replies":[{"embeddable":true,"href":"https:\/\/www.bvvizela.pt\/site\/wp-json\/wp\/v2\/comments?post=3602"}],"version-history":[{"count":5,"href":"https:\/\/www.bvvizela.pt\/site\/wp-json\/wp\/v2\/pages\/3602\/revisions"}],"predecessor-version":[{"id":6404,"href":"https:\/\/www.bvvizela.pt\/site\/wp-json\/wp\/v2\/pages\/3602\/revisions\/6404"}],"up":[{"embeddable":true,"href":"https:\/\/www.bvvizela.pt\/site\/wp-json\/wp\/v2\/pages\/9"}],"wp:attachment":[{"href":"https:\/\/www.bvvizela.pt\/site\/wp-json\/wp\/v2\/media?parent=3602"}],"curies":[{"name":"wp","href":"https:\/\/api.w.org\/{rel}","templated":true}]}}