{"id":2463,"date":"2012-01-05T13:04:05","date_gmt":"2012-01-05T13:04:05","guid":{"rendered":"http:\/\/www.bvvizela.pt\/site\/"},"modified":"2017-11-28T16:57:32","modified_gmt":"2017-11-28T16:57:32","slug":"regulamento-do-concurso-de-desenho","status":"publish","type":"page","link":"https:\/\/www.bvvizela.pt\/site\/multimedia\/regulamentos\/regulamento-do-concurso-de-desenho\/","title":{"rendered":"Regulamento do Concurso de Desenho"},"content":{"rendered":"<p style=\"text-align: center;\"><strong>A Real Associa\u00e7\u00e3o Humanit\u00e1ria dos Bombeiros Volunt\u00e1rios de Vizela, no \u00e2mbito do seu 135\u00ba anivers\u00e1rio promove o Concurso de Desenho \u201cDesenha os bombeiros\u201d. O presente documento visa regulamentar o Concurso de Desenho Infantil.<\/strong><\/p>\n<p><strong>&nbsp;<\/strong><\/p>\n<p><strong>Artigo 1\u00ba<\/strong><\/p>\n<p><strong>Destinat\u00e1rios<\/strong><\/p>\n<p>O concurso \u00e9 dirigido a todas as crian\u00e7as com idades compreendidas entre os 6 e 12 anos, completos \u00e1 data de encerramento do Concurso.<\/p>\n<p><strong>Artigo 2\u00ba<\/strong><\/p>\n<p><strong>Objectivos<\/strong><\/p>\n<p>S\u00e3o objectivos deste Concurso:<\/p>\n<p>Sensibilizar para a realidade dos bombeiros em Portugal e em Vizela;<\/p>\n<p>Alertar para a import\u00e2ncia da solidariedade e altru\u00edsmo na sociedade da hoje;<\/p>\n<p>Valorizar a criatividade e o imagin\u00e1rio infantil;<\/p>\n<p>Incentivar o desenvolvimento de compet\u00eancias e pr\u00e1tica da express\u00e3o art\u00edstica.<\/p>\n<p><strong>Artigo 3\u00ba<\/strong><\/p>\n<p><strong>Requisitos do Concurso<\/strong><\/p>\n<p>Os trabalhos dever\u00e3o subornar-se ao tema: Os bombeiros. . Os trabalhos dever\u00e3o ser elaborados em papel de dimens\u00e3o A3 (crian\u00e7as dos 10 aos 12 anos) ou papel A4 (crian\u00e7as 6 aos 9 anos), orienta\u00e7\u00e3o vertical. Os materiais a utilizar recomendados s\u00e3o: l\u00e1pis de cor, de carv\u00e3o, aguarelas e pastel. N\u00e3o dever\u00e3o ser utilizadas colagens que impliquem aumento substancial da espessura do papel. O concorrente e seu tutor legal, que autoriza a participa\u00e7\u00e3o do primeiro, dever\u00e3o garantir a originalidade e autoria do desenho. Cada crian\u00e7a s\u00f3 poder\u00e1 submeter a concurso um desenho.<\/p>\n<p><strong>Artigo 4\u00ba<\/strong><\/p>\n<p><strong>Formaliza\u00e7\u00e3o da Candidatura<\/strong><\/p>\n<p>1. A candidatura \u00e9 feita em nome da crian\u00e7a autora do desenho, podendo ser entregue pela escola. O desenho a concurso deve fazer-se acompanhar de um documento com as seguintes informa\u00e7\u00f5es:<\/p>\n<p>Nome da crian\u00e7a; Filia\u00e7\u00e3o; Data de nascimento; Escola que frequenta; Morada; Telefone.<\/p>\n<p>2. A candidatura e o desenho a concurso dever\u00e3o ser entregues em m\u00e3o ou enviados por correio para:<\/p>\n<p>Bombeiros Volunt\u00e1rios de Vizela<\/p>\n<p>Av. Dos Bombeiros Volunt\u00e1rios de Vizela<\/p>\n<p>4815-901 Vizela<\/p>\n<p>3. S\u00f3 ser\u00e3o aceites os desenhos que sejam enviados at\u00e9 ao dia 31 de Mar\u00e7o de 2012.<\/p>\n<p>4. Os custos associados ao envio da documenta\u00e7\u00e3o s\u00e3o da responsabilidade dos tutores legais da crian\u00e7a.<\/p>\n<p>5. A Real Associa\u00e7\u00e3o Humanit\u00e1ria dos Bombeiros Volunt\u00e1rios de Vizela n\u00e3o se responsabiliza por eventuais danos que os desenhos possam sofrer durante o transporte.<\/p>\n<p><strong>Artigo 5\u00ba<\/strong><\/p>\n<p><strong>Pr\u00e9mios<\/strong><\/p>\n<p>Ser\u00e3o atribu\u00eddos os seguintes pr\u00e9mios:<\/p>\n<p>Dos 6 aos 9 anos:<\/p>\n<p>1\u00ba Pr\u00e9mio: Vale de 125\u20ac em material escolar<\/p>\n<p>2\u00ba Pr\u00e9mio: Vale de 75\u20ac em material escolar<\/p>\n<p>3\u00ba Pr\u00e9mio: Vale de 50\u20ac em material escolar<\/p>\n<p>Dos 10 aos 12 anos:<\/p>\n<p>1\u00ba Pr\u00e9mio: Vale de 125\u20ac em material escolar<\/p>\n<p>2\u00ba Pr\u00e9mio: Vale de 75\u20ac em material escolar<\/p>\n<p>3\u00ba Pr\u00e9mio: Vale de 50\u20ac em material escolar<\/p>\n<p>Todos os participantes ter\u00e3o direito a um diploma de participa\u00e7\u00e3o.<\/p>\n<p><strong>Artigo 6\u00ba<\/strong><\/p>\n<p><strong>Constitui\u00e7\u00e3o e Compet\u00eancia do J\u00fari<\/strong><\/p>\n<p>1. O J\u00fari \u00e9 formado por 3 elementos singulares, integrando um representante dos Bombeiros Volunt\u00e1rios de Vizela e 2 professores de educa\u00e7\u00e3o visual.<\/p>\n<p><strong>Artigo 7\u00ba<\/strong><\/p>\n<p><strong>Processo de Avalia\u00e7\u00e3o<\/strong><\/p>\n<p>1. O J\u00fari baseia a sua avalia\u00e7\u00e3o nos crit\u00e9rios de criatividade e originalidade no tratamento do tema proposto, bem como na demonstra\u00e7\u00e3o de conhecimentos de express\u00e3o art\u00edstica.<\/p>\n<p>2. Ao J\u00fari reserva-se o direito de excluir da competi\u00e7\u00e3o os trabalhos que denotem a interven\u00e7\u00e3o de terceiros na sua execu\u00e7\u00e3o.<\/p>\n<p>3. Durante o per\u00edodo de aprecia\u00e7\u00e3o e avalia\u00e7\u00e3o o J\u00fari n\u00e3o ter\u00e1 acesso aos dados pessoais do concorrente ou tutor, \u00e0 excep\u00e7\u00e3o da idade do primeiro.<\/p>\n<p>4. Ao J\u00fari reserva-se o direito de n\u00e3o seleccionar um vencedor caso a falta de qualidade dos trabalhos assim o justifique.<\/p>\n<p>5. As decis\u00f5es do J\u00fari n\u00e3o s\u00e3o pass\u00edveis de recurso.<\/p>\n<p><strong>Artigo 8\u00ba<\/strong><\/p>\n<p><strong>Divulga\u00e7\u00e3o de resultados e exposi\u00e7\u00e3o<\/strong><\/p>\n<p>1. O resultado do concurso ser\u00e1 divulgado na p\u00e1gina da internet dos Bombeiros Volunt\u00e1rios de Vizela, assim como no seu Facebook, de 16 a 30 de Abril de 2012. O trabalho vencedor poder\u00e1 servir como base para a elabora\u00e7\u00e3o de material promocional da Associa\u00e7\u00e3o, ficando esta detentora de todos os direitos de utiliza\u00e7\u00e3o e reprodu\u00e7\u00e3o do trabalho.<\/p>\n<p>2. Os vencedores ser\u00e3o avisados por carta.<\/p>\n<p>3. Os desenhos vencedores assim como todos os desenhos a concurso ser\u00e3o expostos aquando da comemora\u00e7\u00e3o do 135\u00ba Anivers\u00e1rio do Real Associa\u00e7\u00e3o dos Bombeiros Volunt\u00e1rios de Vizela, em Maio de 2012.<\/p>\n<p><strong>Artigo 9\u00ba<\/strong><\/p>\n<p><strong>Devolu\u00e7\u00e3o dos trabalhos<\/strong><\/p>\n<p>Ap\u00f3s a exposi\u00e7\u00e3o os concorrentes n\u00e3o vencedores poder\u00e3o dirigir-se aos Bombeiros Volunt\u00e1rios de Vizela para levantar os seus trabalhos.<\/p>\n<p><strong>&nbsp;<\/strong><strong>Artigo 10\u00ba<\/strong><\/p>\n<p><strong>Disposi\u00e7\u00f5es finais<\/strong><\/p>\n<p>1. As situa\u00e7\u00f5es n\u00e3o previstas pelo presente Regulamento ser\u00e3o analisadas pelo J\u00fari.<\/p>\n<p>2. A participa\u00e7\u00e3o no Concurso de Desenho Infantil \u201cDesenha os Bombeiros\u201d implica a aceita\u00e7\u00e3o do presente Regulamento.<\/p>\n","protected":false},"excerpt":{"rendered":"<p>A Real Associa\u00e7\u00e3o Humanit\u00e1ria dos Bombeiros Volunt\u00e1rios de Vizela, no \u00e2mbito do seu 135\u00ba anivers\u00e1rio promove o Concurso de Desenho \u201cDesenha os bombeiros\u201d. O presente documento visa regulamentar o Concurso de Desenho Infantil. &nbsp; Artigo 1\u00ba Destinat\u00e1rios O concurso \u00e9<\/p>\n","protected":false},"author":3,"featured_media":0,"parent":134,"menu_order":0,"comment_status":"closed","ping_status":"closed","template":"","meta":{"ngg_post_thumbnail":0,"footnotes":""},"class_list":["post-2463","page","type-page","status-publish","hentry"],"_links":{"self":[{"href":"https:\/\/www.bvvizela.pt\/site\/wp-json\/wp\/v2\/pages\/2463","targetHints":{"allow":["GET"]}}],"collection":[{"href":"https:\/\/www.bvvizela.pt\/site\/wp-json\/wp\/v2\/pages"}],"about":[{"href":"https:\/\/www.bvvizela.pt\/site\/wp-json\/wp\/v2\/types\/page"}],"author":[{"embeddable":true,"href":"https:\/\/www.bvvizela.pt\/site\/wp-json\/wp\/v2\/users\/3"}],"replies":[{"embeddable":true,"href":"https:\/\/www.bvvizela.pt\/site\/wp-json\/wp\/v2\/comments?post=2463"}],"version-history":[{"count":3,"href":"https:\/\/www.bvvizela.pt\/site\/wp-json\/wp\/v2\/pages\/2463\/revisions"}],"predecessor-version":[{"id":4621,"href":"https:\/\/www.bvvizela.pt\/site\/wp-json\/wp\/v2\/pages\/2463\/revisions\/4621"}],"up":[{"embeddable":true,"href":"https:\/\/www.bvvizela.pt\/site\/wp-json\/wp\/v2\/pages\/134"}],"wp:attachment":[{"href":"https:\/\/www.bvvizela.pt\/site\/wp-json\/wp\/v2\/media?parent=2463"}],"curies":[{"name":"wp","href":"https:\/\/api.w.org\/{rel}","templated":true}]}}