{"id":2218,"date":"2011-10-12T14:38:16","date_gmt":"2011-10-12T13:38:16","guid":{"rendered":"http:\/\/www.bvvizela.pt\/site\/"},"modified":"2017-11-28T16:57:40","modified_gmt":"2017-11-28T16:57:40","slug":"concurso-arrendamento-t1-out-2011","status":"publish","type":"page","link":"https:\/\/www.bvvizela.pt\/site\/multimedia\/regulamentos\/concurso-arrendamento-t1-out-2011\/","title":{"rendered":"Concurso Arrendamento T1 &#8211; Out 2011"},"content":{"rendered":"<div><strong>&nbsp;<\/strong><\/div>\n<div>&nbsp;<\/div>\n<p>&nbsp;<\/p>\n<p style=\"text-align: center;\"><strong>CONCURSO<\/strong><\/p>\n<p style=\"text-align: center;\"><strong>PR\u00c9DIO NA RUA DR. AB\u00cdLIO TORRES<\/strong><\/p>\n<p style=\"text-align: center;\"><strong>FREGUESIA DE S. JO\u00c3O<\/strong><\/p>\n<p style=\"text-align: center;\"><strong>ARRENDAMENTO DE FRAC\u00c7\u00c3O HABITACIONAL<\/strong><\/p>\n<p>&nbsp;<\/p>\n<p>A <strong>REAL ASSOCIA\u00c7\u00c3O HUMANITARIA DOS<\/strong> <strong>BOMBEIROS VOLUNT\u00c1RIOS DE VIZELA<\/strong>, <strong>NIPC N\u00ba 500 903 808<\/strong><strong>, <\/strong>Associa\u00e7\u00e3o de Benefic\u00eancia de Utilidade P\u00fablica, com sede e quartel na Avenida dos Bombeiros Volunt\u00e1rios, da citada freguesia de S\u00e3o Miguel das Caldas, propriet\u00e1ria do pr\u00e9dio sito na Rua Dr. Ab\u00edlio Torres, na freguesia de S\u00e3o Jo\u00e3o das Caldas, vem apresentar a concurso, para a ocupa\u00e7\u00e3o em regime de arrendamento, a frac\u00e7\u00e3o que disp\u00f5e no referido pr\u00e9dio, para os fins de habita\u00e7\u00e3o, com as seguintes caracter\u00edsticas:<\/p>\n<ul>\n<li>Piso &#8211; \u00c1guas furtadas<\/li>\n<li>\u00c1rea bruta privativa &#8211; 62 m\u00b2<\/li>\n<li>Destino &#8211; Habita\u00e7\u00e3o &#8211; T1<\/li>\n<li>Valor base de renda &#8211; 210,00 \u20ac<\/li>\n<\/ul>\n<p>O concurso, de \u00e2mbito privado, possui as seguintes condi\u00e7\u00f5es:<\/p>\n<p>a)- Qualquer pessoa e\/ou entidade poder\u00e1 apresentar proposta escrita para a sua efectiva ocupa\u00e7\u00e3o;<\/p>\n<p>b)- Na proposta apresentada dever\u00e1 constar o valor de arrendamento atribu\u00eddo, nome, morada para correspond\u00eancia, fotoc\u00f3pias de Bilhete de Identidade e do Numero de Contribuinte, e telefone para contacto;<\/p>\n<p>c)- As datas de vig\u00eancia do referido concurso ser\u00e3o de 12\/Outubro\/2011 a 28\/Outubro\/2011, inclusive;<\/p>\n<p>d)- No dia 28\/Outubro\/2011, pelas 21h00, em reuni\u00e3o do Corpo da Direc\u00e7\u00e3o, ser\u00e3o abertas todas as propostas;<\/p>\n<p>e)- As plantas e descrimina\u00e7\u00e3o da frac\u00e7\u00e3o estar\u00e3o expostas na secretaria da RAHBVV, at\u00e9 ao \u00faltimo dia da apresenta\u00e7\u00e3o das propostas, no hor\u00e1rio de expediente;<\/p>\n<p>f)- A frac\u00e7\u00e3o poder\u00e1 ser visitada, ap\u00f3s pedido \u00e0 secretaria da RAHBVV, at\u00e9 ao \u00faltimo dia da apresenta\u00e7\u00e3o das propostas, no hor\u00e1rio de expediente, e sob agendamento;<\/p>\n<p>g)- Qualquer d\u00favida dever\u00e1 ser apresentada na secretaria da RAHBVV, juntamente com o contacto da pessoa e\/ou entidade, sendo a mesma esclarecida por algu\u00e9m respons\u00e1vel para o efeito, no m\u00e1ximo, no dia seguinte;<\/p>\n<p>h)- Os crit\u00e9rios de prioridade para a selec\u00e7\u00e3o da pessoa e\/ou entidade que ocupar\u00e1 a frac\u00e7\u00e3o a concurso ser\u00e3o:<\/p>\n<p>1\u00ba- A oferta de valor mais elevado;<\/p>\n<p>2\u00ba- Em igual oferta t\u00eam prioridade:<\/p>\n<p>2.1- Bombeiros e por ordem decrescente de tempo na Corpora\u00e7\u00e3o;<\/p>\n<p>2.2- Pessoa e\/ou entidade que ocupou qualquer frac\u00e7\u00e3o no pr\u00e9dio;<\/p>\n<p>2.3- Mantendo-se igual oferta fora das anteriores condi\u00e7\u00f5es, ser\u00e1 a mesma entregue \u00e0 pessoa e\/ou entidade que responda, no acto, \u00e0 chamada telef\u00f3nica, e ofere\u00e7a maior valor no acto, presencialmente licitar o maior valor;<\/p>\n<p>5\u00ba- O vencedor ser\u00e1 informado, no m\u00e1ximo no dia seguinte, ficando de entregar na secretaria da RAHBVV todos os dados para a efectiva\u00e7\u00e3o do respectivo contrato de arrendamento, no prazo m\u00e1ximo limite de 5 dias seguintes ao seu conhecimento;<\/p>\n<p>6\u00ba- O n\u00e3o cumprimento da entrega dos documentos referidos, implicar\u00e1 o desinteresse do vencedor, passando para o seguinte na hierarquia das propostas da lista do concurso, mantendo-se as mesmas condi\u00e7\u00f5es;<\/p>\n<p>7\u00ba- O valor proposto ter\u00e1 que ser, no m\u00ednimo, igual ao valor base do concurso;<\/p>\n<p>8\u00ba- Caber\u00e1 \u00e0 Direc\u00e7\u00e3o da RAHBVV decidir do interesse e validade de qualquer proposta que se apresente de valor inferior ao valor base referido;<\/p>\n<p>i)- N\u00e3o \u00e9 admitida qualquer reclama\u00e7\u00e3o apresentada baseada em crit\u00e9rios diferentes dos expostos, ou com base em desconhecimento das condi\u00e7\u00f5es aqui referidas;<\/p>\n<p>k)- N\u00e3o ser\u00e3o autorizadas quaisquer interven\u00e7\u00f5es que alterem a estrutura f\u00edsica e resistente do pr\u00e9dio.<\/p>\n<p><strong>Caldas de Vizela, 10 de Outubro de 2011<\/strong><\/p>\n<p><strong>A Direc\u00e7\u00e3o<\/strong><\/p>\n","protected":false},"excerpt":{"rendered":"<p>&nbsp; &nbsp; &nbsp; CONCURSO PR\u00c9DIO NA RUA DR. AB\u00cdLIO TORRES FREGUESIA DE S. JO\u00c3O ARRENDAMENTO DE FRAC\u00c7\u00c3O HABITACIONAL &nbsp; A REAL ASSOCIA\u00c7\u00c3O HUMANITARIA DOS BOMBEIROS VOLUNT\u00c1RIOS DE VIZELA, NIPC N\u00ba 500 903 808, Associa\u00e7\u00e3o de Benefic\u00eancia de Utilidade P\u00fablica, com<\/p>\n","protected":false},"author":3,"featured_media":0,"parent":134,"menu_order":3,"comment_status":"closed","ping_status":"closed","template":"","meta":{"ngg_post_thumbnail":0,"footnotes":""},"class_list":["post-2218","page","type-page","status-publish","hentry"],"_links":{"self":[{"href":"https:\/\/www.bvvizela.pt\/site\/wp-json\/wp\/v2\/pages\/2218","targetHints":{"allow":["GET"]}}],"collection":[{"href":"https:\/\/www.bvvizela.pt\/site\/wp-json\/wp\/v2\/pages"}],"about":[{"href":"https:\/\/www.bvvizela.pt\/site\/wp-json\/wp\/v2\/types\/page"}],"author":[{"embeddable":true,"href":"https:\/\/www.bvvizela.pt\/site\/wp-json\/wp\/v2\/users\/3"}],"replies":[{"embeddable":true,"href":"https:\/\/www.bvvizela.pt\/site\/wp-json\/wp\/v2\/comments?post=2218"}],"version-history":[{"count":5,"href":"https:\/\/www.bvvizela.pt\/site\/wp-json\/wp\/v2\/pages\/2218\/revisions"}],"predecessor-version":[{"id":4624,"href":"https:\/\/www.bvvizela.pt\/site\/wp-json\/wp\/v2\/pages\/2218\/revisions\/4624"}],"up":[{"embeddable":true,"href":"https:\/\/www.bvvizela.pt\/site\/wp-json\/wp\/v2\/pages\/134"}],"wp:attachment":[{"href":"https:\/\/www.bvvizela.pt\/site\/wp-json\/wp\/v2\/media?parent=2218"}],"curies":[{"name":"wp","href":"https:\/\/api.w.org\/{rel}","templated":true}]}}