{"id":21,"date":"2010-04-23T12:05:26","date_gmt":"2010-04-23T11:05:26","guid":{"rendered":"http:\/\/www.bvvizela.pt\/site\/?page_id=21"},"modified":"2018-11-22T16:18:45","modified_gmt":"2018-11-22T16:18:45","slug":"mensagem-do-comandante","status":"publish","type":"page","link":"https:\/\/www.bvvizela.pt\/site\/corpo-bombeiros\/mensagem-do-comandante\/","title":{"rendered":"Mensagem do Comandante"},"content":{"rendered":"<p><a href=\"http:\/\/www.bvvizela.pt\/site\/wp-content\/uploads\/CMDT.jpg\"><img loading=\"lazy\" decoding=\"async\" class=\"alignleft size-medium wp-image-5711\" src=\"http:\/\/www.bvvizela.pt\/site\/wp-content\/uploads\/CMDT-240x300.jpg\" alt=\"\" width=\"240\" height=\"300\" srcset=\"https:\/\/www.bvvizela.pt\/site\/wp-content\/uploads\/CMDT-240x300.jpg 240w, https:\/\/www.bvvizela.pt\/site\/wp-content\/uploads\/CMDT-768x960.jpg 768w, https:\/\/www.bvvizela.pt\/site\/wp-content\/uploads\/CMDT.jpg 819w\" sizes=\"auto, (max-width: 240px) 100vw, 240px\" \/><\/a><\/p>\n<p class=\"x_MsoNormal\">Caros visitantes,<\/p>\n<p class=\"x_MsoNormal\">Como comandante do Corpo de Bombeiros da Real Associa\u00e7\u00e3o Humanit\u00e1ria de Bombeiros Volunt\u00e1rios de Vizela, sa\u00fado os navegadores deste site informativo, que temos ao vosso dispor.<\/p>\n<p class=\"x_MsoNormal\">\u00c9 um desafio que se coloca, na era da globaliza\u00e7\u00e3o e comunica\u00e7\u00e3o, uma forma de chegar mais longe na divulga\u00e7\u00e3o, do que somos, e do que fazemos.<\/p>\n<p class=\"x_MsoNormal\">Com um corpo ativo de excel\u00eancia pautado por altos n\u00edveis de rigor, disciplina e de forma\u00e7\u00e3o constante, onde a for\u00e7a do voluntariado se reflete de forma quantitativa e qualitativa, e de uma disponibilidade impar de enaltecer.<\/p>\n<p class=\"x_MsoNormal\">Agrade\u00e7o a entrega e altru\u00edsmo com que o fazem, s\u00e3o verdadeiros profissionais, integrados na carreira de bombeiro volunt\u00e1rio, um exemplo a seguir, e motivo de orgulho para todos n\u00f3s.<\/p>\n<p class=\"x_MsoNormal\">Temos um corpo de bombeiros tecnicamente preparado, e com recursos materiais, ajustados \u00e0 realidade dos nossos dias.<\/p>\n<p class=\"x_MsoNormal\">Uma Associa\u00e7\u00e3o com um passado glorioso com mais de 140 anos de vida, de atividade plena, na salvaguarda de vidas e bens da popula\u00e7\u00e3o que servimos.<\/p>\n<p class=\"x_MsoNormal\">\u00c9 com os exemplos do passado, cientes dos desafios dos dias de hoje, e com os olhos postos no futuro, que todos juntos constru\u00edmos a cada dia, um dia melhor.<\/p>\n<p class=\"x_MsoNormal\">A bem da humanidade,<\/p>\n<p class=\"x_MsoNormal\">O Comandante<\/p>\n<p class=\"x_MsoNormal\">Paulo F\u00e9lix<\/p>\n","protected":false},"excerpt":{"rendered":"<p>Caros visitantes, Como comandante do Corpo de Bombeiros da Real Associa\u00e7\u00e3o Humanit\u00e1ria de Bombeiros Volunt\u00e1rios de Vizela, sa\u00fado os navegadores deste site informativo, que temos ao vosso dispor. \u00c9 um desafio que se coloca, na era da globaliza\u00e7\u00e3o e comunica\u00e7\u00e3o,<\/p>\n","protected":false},"author":6,"featured_media":0,"parent":5,"menu_order":1,"comment_status":"closed","ping_status":"closed","template":"","meta":{"ngg_post_thumbnail":0,"footnotes":""},"class_list":["post-21","page","type-page","status-publish","hentry"],"_links":{"self":[{"href":"https:\/\/www.bvvizela.pt\/site\/wp-json\/wp\/v2\/pages\/21","targetHints":{"allow":["GET"]}}],"collection":[{"href":"https:\/\/www.bvvizela.pt\/site\/wp-json\/wp\/v2\/pages"}],"about":[{"href":"https:\/\/www.bvvizela.pt\/site\/wp-json\/wp\/v2\/types\/page"}],"author":[{"embeddable":true,"href":"https:\/\/www.bvvizela.pt\/site\/wp-json\/wp\/v2\/users\/6"}],"replies":[{"embeddable":true,"href":"https:\/\/www.bvvizela.pt\/site\/wp-json\/wp\/v2\/comments?post=21"}],"version-history":[{"count":12,"href":"https:\/\/www.bvvizela.pt\/site\/wp-json\/wp\/v2\/pages\/21\/revisions"}],"predecessor-version":[{"id":5713,"href":"https:\/\/www.bvvizela.pt\/site\/wp-json\/wp\/v2\/pages\/21\/revisions\/5713"}],"up":[{"embeddable":true,"href":"https:\/\/www.bvvizela.pt\/site\/wp-json\/wp\/v2\/pages\/5"}],"wp:attachment":[{"href":"https:\/\/www.bvvizela.pt\/site\/wp-json\/wp\/v2\/media?parent=21"}],"curies":[{"name":"wp","href":"https:\/\/api.w.org\/{rel}","templated":true}]}}