{"id":1987,"date":"2011-07-05T20:19:07","date_gmt":"2011-07-05T19:19:07","guid":{"rendered":"http:\/\/www.bvvizela.pt\/site\/"},"modified":"2017-11-28T16:59:54","modified_gmt":"2017-11-28T16:59:54","slug":"materias-perigosas","status":"publish","type":"page","link":"https:\/\/www.bvvizela.pt\/site\/informacoes\/materias-perigosas\/","title":{"rendered":"Mat\u00e9rias perigosas"},"content":{"rendered":"<p>Todos os dias vemos passar ve\u00edculos na sua grande maioria pesados, a transportar mat\u00e9rias perigosas identificadas com:<\/p>\nngg_shortcode_0_placeholder\n<p>Painel laranja<\/p>\n<p><a href=\"http:\/\/www.prociv.pt\/PrevencaoProteccao\/RiscosTecnologicos\/TransporteMercadoriasPerigosas\/PublishingImages\/1968.jpg\" target=\"_blank\" rel=\"noopener\">http:\/\/www.prociv.pt\/PrevencaoProteccao\/RiscosTecnologicos\/TransporteMercadoriasPerigosas\/PublishingImages\/1968.jpg<\/a><\/p>\n<p>ou com:<\/p>\nngg_shortcode_1_placeholder\n<p>Painel laranja sem numera\u00e7\u00e3o, transporte a granel.<\/p>\n<p>Complementando a informa\u00e7\u00e3o dos riscos do produto com as varias etiquetas que pode consultar aqui:<\/p>\n<p><a href=\"http:\/\/www.prociv.pt\/PrevencaoProteccao\/RiscosTecnologicos\/TransporteMercadoriasPerigosas\/Documents\/etiquetas_TMP_web.pdf\" target=\"_blank\" rel=\"noopener\">http:\/\/www.prociv.pt\/PrevencaoProteccao\/RiscosTecnologicos\/TransporteMercadoriasPerigosas\/Documents\/etiquetas_TMP_web.pdf<\/a><\/p>\n<p>\u00c9 muito importante a visualiza\u00e7\u00e3o desta informa\u00e7\u00e3o, que tem a capacidade de resistir ao fogo durante v\u00e1rios minutos, e informar a central <strong>112<\/strong> ou aos Bombeiros atrav\u00e9s do n\u00ba <strong>253 489 100<\/strong>.<\/p>\n<p>Mantenha a dist\u00e2ncia do local e se estiver em casa feche todas as portas e janelas at\u00e9 ser abordada pelos meios de socorro.<\/p>\n","protected":false},"excerpt":{"rendered":"<p>Todos os dias vemos passar ve\u00edculos na sua grande maioria pesados, a transportar mat\u00e9rias perigosas identificadas com: Painel laranja http:\/\/www.prociv.pt\/PrevencaoProteccao\/RiscosTecnologicos\/TransporteMercadoriasPerigosas\/PublishingImages\/1968.jpg ou com: Painel laranja sem numera\u00e7\u00e3o, transporte a granel. Complementando a informa\u00e7\u00e3o dos riscos do produto com as varias etiquetas<\/p>\n","protected":false},"author":6,"featured_media":0,"parent":71,"menu_order":11,"comment_status":"closed","ping_status":"closed","template":"","meta":{"ngg_post_thumbnail":0,"footnotes":""},"class_list":["post-1987","page","type-page","status-publish","hentry"],"_links":{"self":[{"href":"https:\/\/www.bvvizela.pt\/site\/wp-json\/wp\/v2\/pages\/1987","targetHints":{"allow":["GET"]}}],"collection":[{"href":"https:\/\/www.bvvizela.pt\/site\/wp-json\/wp\/v2\/pages"}],"about":[{"href":"https:\/\/www.bvvizela.pt\/site\/wp-json\/wp\/v2\/types\/page"}],"author":[{"embeddable":true,"href":"https:\/\/www.bvvizela.pt\/site\/wp-json\/wp\/v2\/users\/6"}],"replies":[{"embeddable":true,"href":"https:\/\/www.bvvizela.pt\/site\/wp-json\/wp\/v2\/comments?post=1987"}],"version-history":[{"count":7,"href":"https:\/\/www.bvvizela.pt\/site\/wp-json\/wp\/v2\/pages\/1987\/revisions"}],"predecessor-version":[{"id":1994,"href":"https:\/\/www.bvvizela.pt\/site\/wp-json\/wp\/v2\/pages\/1987\/revisions\/1994"}],"up":[{"embeddable":true,"href":"https:\/\/www.bvvizela.pt\/site\/wp-json\/wp\/v2\/pages\/71"}],"wp:attachment":[{"href":"https:\/\/www.bvvizela.pt\/site\/wp-json\/wp\/v2\/media?parent=1987"}],"curies":[{"name":"wp","href":"https:\/\/api.w.org\/{rel}","templated":true}]}}