{"id":1985,"date":"2011-07-05T20:16:24","date_gmt":"2011-07-05T19:16:24","guid":{"rendered":"http:\/\/www.bvvizela.pt\/site\/"},"modified":"2017-11-28T16:59:48","modified_gmt":"2017-11-28T16:59:48","slug":"o-que-fazer-perante-um-acidente-de-viacao","status":"publish","type":"page","link":"https:\/\/www.bvvizela.pt\/site\/informacoes\/o-que-fazer-perante-um-acidente-de-viacao\/","title":{"rendered":"O que fazer perante um Acidente de Via\u00e7\u00e3o"},"content":{"rendered":"<p>No caso de ocorrer ou estar perante um acidente de Via\u00e7\u00e3o tome aten\u00e7\u00e3o aos seguintes pontos:<\/p>\n<ul>\n<li><strong>Tipo de acidente<\/strong> (2 carros, despiste, capotamento, cami\u00e3o contra carro, etc.)<\/li>\n<li><strong>N\u00famero prov\u00e1vel de Vitimas<\/strong> (dada a lota\u00e7\u00e3o dos ve\u00edculos)<\/li>\n<li><strong>Estado,<\/strong> mesmo que aparente <strong>das v\u00edtimas<\/strong>, e se est\u00e3o encarceradas, ou seja, n\u00e3o conseguem sair pelos pr\u00f3prios meios, quer devido ao seu estado f\u00edsico ou ao do carro.<\/li>\n<li><strong>Outros perigos <\/strong>(ru\u00eddos, risco de inc\u00eandio, fa\u00edscas, etc.)<\/li>\n<\/ul>\n<p>Com estes dados recolhidos ligue imediatamente <strong>112<\/strong>, ou como alternativa, directamente aos Bombeiros Volunt\u00e1rios de Vizela atrav\u00e9s do n\u00ba <strong>253 489 100<\/strong> e informe:<\/p>\n<ul>\n<li>A informa\u00e7\u00e3o recolhida (acima descrita)<\/li>\n<li>Indique com a maior exatid\u00e3o poss\u00edvel o local do acidente.<\/li>\n<\/ul>\n<p><strong>Nota muito importante:<\/strong><\/p>\n<ul>\n<li>Sinalize o local a fim de evitar novos acidentes;<\/li>\n<li>Afaste todos os \u201cmirones\u201d do local para melhorar o socorro e que \u00e1 chegada dos meios de socorro identifique quem s\u00e3o as v\u00edtimas.<\/li>\n<\/ul>\n","protected":false},"excerpt":{"rendered":"<p>No caso de ocorrer ou estar perante um acidente de Via\u00e7\u00e3o tome aten\u00e7\u00e3o aos seguintes pontos: Tipo de acidente (2 carros, despiste, capotamento, cami\u00e3o contra carro, etc.) N\u00famero prov\u00e1vel de Vitimas (dada a lota\u00e7\u00e3o dos ve\u00edculos) Estado, mesmo que aparente<\/p>\n","protected":false},"author":6,"featured_media":0,"parent":71,"menu_order":10,"comment_status":"closed","ping_status":"closed","template":"","meta":{"ngg_post_thumbnail":0,"footnotes":""},"class_list":["post-1985","page","type-page","status-publish","hentry"],"_links":{"self":[{"href":"https:\/\/www.bvvizela.pt\/site\/wp-json\/wp\/v2\/pages\/1985","targetHints":{"allow":["GET"]}}],"collection":[{"href":"https:\/\/www.bvvizela.pt\/site\/wp-json\/wp\/v2\/pages"}],"about":[{"href":"https:\/\/www.bvvizela.pt\/site\/wp-json\/wp\/v2\/types\/page"}],"author":[{"embeddable":true,"href":"https:\/\/www.bvvizela.pt\/site\/wp-json\/wp\/v2\/users\/6"}],"replies":[{"embeddable":true,"href":"https:\/\/www.bvvizela.pt\/site\/wp-json\/wp\/v2\/comments?post=1985"}],"version-history":[{"count":3,"href":"https:\/\/www.bvvizela.pt\/site\/wp-json\/wp\/v2\/pages\/1985\/revisions"}],"predecessor-version":[{"id":4647,"href":"https:\/\/www.bvvizela.pt\/site\/wp-json\/wp\/v2\/pages\/1985\/revisions\/4647"}],"up":[{"embeddable":true,"href":"https:\/\/www.bvvizela.pt\/site\/wp-json\/wp\/v2\/pages\/71"}],"wp:attachment":[{"href":"https:\/\/www.bvvizela.pt\/site\/wp-json\/wp\/v2\/media?parent=1985"}],"curies":[{"name":"wp","href":"https:\/\/api.w.org\/{rel}","templated":true}]}}