{"id":17,"date":"2010-04-23T12:04:59","date_gmt":"2010-04-23T11:04:59","guid":{"rendered":"http:\/\/www.bvvizela.pt\/site\/?page_id=17"},"modified":"2018-03-19T22:30:12","modified_gmt":"2018-03-19T22:30:12","slug":"mensagem-do-presidente","status":"publish","type":"page","link":"https:\/\/www.bvvizela.pt\/site\/mensagem-do-presidente\/","title":{"rendered":"Mensagem do Presidente"},"content":{"rendered":"<p><img loading=\"lazy\" decoding=\"async\" class=\"wp-image-5045 alignleft\" src=\"http:\/\/www.bvvizela.pt\/site\/wp-content\/uploads\/Jos\u00e9-M-Pires-1-228x300.jpg\" alt=\"\" width=\"155\" height=\"204\" srcset=\"https:\/\/www.bvvizela.pt\/site\/wp-content\/uploads\/Jos\u00e9-M-Pires-1-228x300.jpg 228w, https:\/\/www.bvvizela.pt\/site\/wp-content\/uploads\/Jos\u00e9-M-Pires-1-768x1011.jpg 768w, https:\/\/www.bvvizela.pt\/site\/wp-content\/uploads\/Jos\u00e9-M-Pires-1.jpg 778w\" sizes=\"auto, (max-width: 155px) 100vw, 155px\" \/>Caros S\u00f3cios e Amigos,<\/p>\n<p>Sejam bem-vindos a esta nova janela da Real Associa\u00e7\u00e3o Humanit\u00e1ria de Bombeiros Volunt\u00e1rios de Vizela.<\/p>\n<p>\u00c9 com enorme satisfa\u00e7\u00e3o e orgulho que acompanho o lan\u00e7amento desta nova imagem do seu web site oficial.<br \/>\nCom ela, pretende-se uma aproxima\u00e7\u00e3o ao convite, da inter-rela\u00e7\u00e3o, permanente, entre a Associa\u00e7\u00e3o e os seus s\u00f3cios e popula\u00e7\u00e3o.<br \/>\nMais do que a partilha de uma Hist\u00f3ria com muita vida, nomes e acontecimentos, que o tempo converteu em mem\u00f3rias, esperamos estabelecer uma comunica\u00e7\u00e3o bilateral, permanente, com os nossos s\u00f3cios e amigos.<br \/>\nAtrav\u00e9s desta ferramenta, o passado ser\u00e1 presente, o presente ser\u00e1 o que concretizarmos, e o futuro ser\u00e1 aquilo que sonharmos.<br \/>\nEsperamos corresponder \u00e0s expectativas deste tempo, sempre din\u00e2mico e exigente, certos da V\/a sempre colabora\u00e7\u00e3o, neste crescimento que se pretende m\u00fatuo.<\/p>\n<p>Este momento, espera-se ser de esperan\u00e7a, porque acreditamos, com a ajuda de todos, poderemos manter sempre viva, esta chama voluntariosa e humanit\u00e1ria que nos unir\u00e1 sempre.<\/p>\n<p>Jos\u00e9 Manuel Silva Pires<br \/>\nO Presidente da Dire\u00e7\u00e3o<\/p>\n","protected":false},"excerpt":{"rendered":"<p>Caros S\u00f3cios e Amigos, Sejam bem-vindos a esta nova janela da Real Associa\u00e7\u00e3o Humanit\u00e1ria de Bombeiros Volunt\u00e1rios de Vizela. \u00c9 com enorme satisfa\u00e7\u00e3o e orgulho que acompanho o lan\u00e7amento desta nova imagem do seu web site oficial. Com ela, pretende-se<\/p>\n","protected":false},"author":6,"featured_media":0,"parent":0,"menu_order":0,"comment_status":"closed","ping_status":"closed","template":"","meta":{"ngg_post_thumbnail":0,"footnotes":""},"class_list":["post-17","page","type-page","status-publish","hentry"],"_links":{"self":[{"href":"https:\/\/www.bvvizela.pt\/site\/wp-json\/wp\/v2\/pages\/17","targetHints":{"allow":["GET"]}}],"collection":[{"href":"https:\/\/www.bvvizela.pt\/site\/wp-json\/wp\/v2\/pages"}],"about":[{"href":"https:\/\/www.bvvizela.pt\/site\/wp-json\/wp\/v2\/types\/page"}],"author":[{"embeddable":true,"href":"https:\/\/www.bvvizela.pt\/site\/wp-json\/wp\/v2\/users\/6"}],"replies":[{"embeddable":true,"href":"https:\/\/www.bvvizela.pt\/site\/wp-json\/wp\/v2\/comments?post=17"}],"version-history":[{"count":9,"href":"https:\/\/www.bvvizela.pt\/site\/wp-json\/wp\/v2\/pages\/17\/revisions"}],"predecessor-version":[{"id":5046,"href":"https:\/\/www.bvvizela.pt\/site\/wp-json\/wp\/v2\/pages\/17\/revisions\/5046"}],"wp:attachment":[{"href":"https:\/\/www.bvvizela.pt\/site\/wp-json\/wp\/v2\/media?parent=17"}],"curies":[{"name":"wp","href":"https:\/\/api.w.org\/{rel}","templated":true}]}}