{"id":15,"date":"2010-04-23T12:04:45","date_gmt":"2010-04-23T11:04:45","guid":{"rendered":"http:\/\/www.bvvizela.pt\/site\/?page_id=15"},"modified":"2026-02-23T11:19:48","modified_gmt":"2026-02-23T11:19:48","slug":"corpos-sociais","status":"publish","type":"page","link":"https:\/\/www.bvvizela.pt\/site\/corpos-sociais\/","title":{"rendered":"Corpos Sociais"},"content":{"rendered":"<h3 style=\"text-align: center;\">\u00d3RG\u00c3OS SOCIAIS<\/h3>\n<p style=\"text-align: center;\">Para o Tri\u00e9nio 2024 \/ 2027<\/p>\n<table>\n<tbody>\n<tr>\n<td colspan=\"2\" width=\"576\">\n<p style=\"text-align: center;\"><strong>Assembleia Geral<\/strong><\/p>\n<\/td>\n<\/tr>\n<tr>\n<td width=\"392\"><strong>Nome<\/strong><\/td>\n<td width=\"184\"><strong>Cargo<\/strong><\/td>\n<\/tr>\n<tr>\n<td width=\"392\"><a href=\"https:\/\/www.bvvizela.pt\/site\/wp-content\/uploads\/FOTO-PARA-SUPLEMENTO-CORREIO-DO-MINHO.jpg\"><img loading=\"lazy\" decoding=\"async\" class=\"alignnone wp-image-6503\" src=\"https:\/\/www.bvvizela.pt\/site\/wp-content\/uploads\/FOTO-PARA-SUPLEMENTO-CORREIO-DO-MINHO-300x300.jpg\" alt=\"\" width=\"100\" height=\"100\" srcset=\"https:\/\/www.bvvizela.pt\/site\/wp-content\/uploads\/FOTO-PARA-SUPLEMENTO-CORREIO-DO-MINHO-300x300.jpg 300w, https:\/\/www.bvvizela.pt\/site\/wp-content\/uploads\/FOTO-PARA-SUPLEMENTO-CORREIO-DO-MINHO-150x150.jpg 150w, https:\/\/www.bvvizela.pt\/site\/wp-content\/uploads\/FOTO-PARA-SUPLEMENTO-CORREIO-DO-MINHO-230x230.jpg 230w, https:\/\/www.bvvizela.pt\/site\/wp-content\/uploads\/FOTO-PARA-SUPLEMENTO-CORREIO-DO-MINHO.jpg 364w\" sizes=\"auto, (max-width: 100px) 100vw, 100px\" \/><\/a>Armindo Fernando Duarte Faria<\/td>\n<td width=\"184\">Presidente<\/td>\n<\/tr>\n<tr>\n<td width=\"392\"><a href=\"https:\/\/www.bvvizela.pt\/site\/wp-content\/uploads\/Foto-Vitor-Monteiro_1.jpg\"><img loading=\"lazy\" decoding=\"async\" class=\"alignnone wp-image-6500\" src=\"https:\/\/www.bvvizela.pt\/site\/wp-content\/uploads\/Foto-Vitor-Monteiro_1-225x300.jpg\" alt=\"\" width=\"100\" height=\"133\" srcset=\"https:\/\/www.bvvizela.pt\/site\/wp-content\/uploads\/Foto-Vitor-Monteiro_1-225x300.jpg 225w, https:\/\/www.bvvizela.pt\/site\/wp-content\/uploads\/Foto-Vitor-Monteiro_1.jpg 507w\" sizes=\"auto, (max-width: 100px) 100vw, 100px\" \/><\/a>Victor Manuel Fernandes Monteiro<\/td>\n<td width=\"184\">Vice-Presidente<\/td>\n<\/tr>\n<tr>\n<td width=\"392\"><a href=\"https:\/\/www.bvvizela.pt\/site\/wp-content\/uploads\/Foto-Dra-Marta-Oliveira_2-scaled.jpg\"><img loading=\"lazy\" decoding=\"async\" class=\"alignnone wp-image-6502\" src=\"https:\/\/www.bvvizela.pt\/site\/wp-content\/uploads\/Foto-Dra-Marta-Oliveira_2-223x300.jpg\" alt=\"\" width=\"100\" height=\"135\" srcset=\"https:\/\/www.bvvizela.pt\/site\/wp-content\/uploads\/Foto-Dra-Marta-Oliveira_2-223x300.jpg 223w, https:\/\/www.bvvizela.pt\/site\/wp-content\/uploads\/Foto-Dra-Marta-Oliveira_2-scaled.jpg 760w, https:\/\/www.bvvizela.pt\/site\/wp-content\/uploads\/Foto-Dra-Marta-Oliveira_2-768x1035.jpg 768w\" sizes=\"auto, (max-width: 100px) 100vw, 100px\" \/><\/a>Marta Susana Dias Oliveira<\/td>\n<td width=\"184\">Secret\u00e1rio<\/td>\n<\/tr>\n<tr>\n<td width=\"392\"><a href=\"https:\/\/www.bvvizela.pt\/site\/wp-content\/uploads\/Antonio-Vasconcelos_1.jpg\"><img loading=\"lazy\" decoding=\"async\" class=\"alignnone wp-image-6493\" src=\"https:\/\/www.bvvizela.pt\/site\/wp-content\/uploads\/Antonio-Vasconcelos_1-243x300.jpg\" alt=\"\" width=\"100\" height=\"123\" srcset=\"https:\/\/www.bvvizela.pt\/site\/wp-content\/uploads\/Antonio-Vasconcelos_1-243x300.jpg 243w, https:\/\/www.bvvizela.pt\/site\/wp-content\/uploads\/Antonio-Vasconcelos_1-768x947.jpg 768w, https:\/\/www.bvvizela.pt\/site\/wp-content\/uploads\/Antonio-Vasconcelos_1.jpg 774w\" sizes=\"auto, (max-width: 100px) 100vw, 100px\" \/><\/a>Ant\u00f3nio Maria Almeida Vasconcelos<\/td>\n<td width=\"184\">Suplente<\/td>\n<\/tr>\n<tr>\n<td colspan=\"2\" width=\"576\">\n<p style=\"text-align: center;\"><strong>\u00a0<\/strong><strong>Direc\u00e7\u00e3o<\/strong><\/p>\n<\/td>\n<\/tr>\n<tr>\n<td width=\"392\"><strong>Nome<\/strong><\/td>\n<td width=\"184\"><strong>Cargo<\/strong><\/td>\n<\/tr>\n<tr>\n<td width=\"392\"><a href=\"https:\/\/www.bvvizela.pt\/site\/wp-content\/uploads\/JMPires_3.png\"><img loading=\"lazy\" decoding=\"async\" class=\"alignnone wp-image-6507\" src=\"https:\/\/www.bvvizela.pt\/site\/wp-content\/uploads\/JMPires_3-285x300.png\" alt=\"\" width=\"100\" height=\"105\" srcset=\"https:\/\/www.bvvizela.pt\/site\/wp-content\/uploads\/JMPires_3-285x300.png 285w, https:\/\/www.bvvizela.pt\/site\/wp-content\/uploads\/JMPires_3.png 487w\" sizes=\"auto, (max-width: 100px) 100vw, 100px\" \/><\/a>Jos\u00e9 Manuel da Silva Pires<\/td>\n<td width=\"184\">Presidente<\/td>\n<\/tr>\n<tr>\n<td width=\"392\"><a href=\"https:\/\/www.bvvizela.pt\/site\/wp-content\/uploads\/Jorge-Castro_1.jpg\"><img loading=\"lazy\" decoding=\"async\" class=\"alignnone wp-image-6508\" src=\"https:\/\/www.bvvizela.pt\/site\/wp-content\/uploads\/Jorge-Castro_1-241x300.jpg\" alt=\"\" width=\"100\" height=\"124\" srcset=\"https:\/\/www.bvvizela.pt\/site\/wp-content\/uploads\/Jorge-Castro_1-241x300.jpg 241w, https:\/\/www.bvvizela.pt\/site\/wp-content\/uploads\/Jorge-Castro_1-768x956.jpg 768w, https:\/\/www.bvvizela.pt\/site\/wp-content\/uploads\/Jorge-Castro_1.jpg 794w\" sizes=\"auto, (max-width: 100px) 100vw, 100px\" \/><\/a>Jorge Emanuel Guerra Lanhoso Coutinho de Castro<\/td>\n<td width=\"184\">Vice-Presidente<\/td>\n<\/tr>\n<tr>\n<td width=\"392\"><a href=\"https:\/\/www.bvvizela.pt\/site\/wp-content\/uploads\/Foto-Dra.-Marcia-Monteiro_1.jpg\"><img loading=\"lazy\" decoding=\"async\" class=\"alignnone wp-image-6497\" src=\"https:\/\/www.bvvizela.pt\/site\/wp-content\/uploads\/Foto-Dra.-Marcia-Monteiro_1-281x300.jpg\" alt=\"\" width=\"100\" height=\"107\" srcset=\"https:\/\/www.bvvizela.pt\/site\/wp-content\/uploads\/Foto-Dra.-Marcia-Monteiro_1-281x300.jpg 281w, https:\/\/www.bvvizela.pt\/site\/wp-content\/uploads\/Foto-Dra.-Marcia-Monteiro_1-768x819.jpg 768w, https:\/\/www.bvvizela.pt\/site\/wp-content\/uploads\/Foto-Dra.-Marcia-Monteiro_1.jpg 911w\" sizes=\"auto, (max-width: 100px) 100vw, 100px\" \/><\/a>M\u00e1rcia Andrea Lopes Monteiro de Castro<\/td>\n<td width=\"184\">Secret\u00e1rio<\/td>\n<\/tr>\n<tr>\n<td width=\"392\"><a href=\"https:\/\/www.bvvizela.pt\/site\/wp-content\/uploads\/Dr-Rodrigo-Martins_1-scaled.jpg\"><img loading=\"lazy\" decoding=\"async\" class=\"alignnone wp-image-6495\" src=\"https:\/\/www.bvvizela.pt\/site\/wp-content\/uploads\/Dr-Rodrigo-Martins_1-245x300.jpg\" alt=\"\" width=\"100\" height=\"122\" srcset=\"https:\/\/www.bvvizela.pt\/site\/wp-content\/uploads\/Dr-Rodrigo-Martins_1-245x300.jpg 245w, https:\/\/www.bvvizela.pt\/site\/wp-content\/uploads\/Dr-Rodrigo-Martins_1-scaled.jpg 837w, https:\/\/www.bvvizela.pt\/site\/wp-content\/uploads\/Dr-Rodrigo-Martins_1-768x940.jpg 768w\" sizes=\"auto, (max-width: 100px) 100vw, 100px\" \/><\/a>Armindo Rodrigo Pinto Martins<\/td>\n<td width=\"184\">Tesoureiro<\/td>\n<\/tr>\n<tr>\n<td width=\"392\"><a href=\"https:\/\/www.bvvizela.pt\/site\/wp-content\/uploads\/Ana-Paula_1.jpg\"><img loading=\"lazy\" decoding=\"async\" class=\"alignnone wp-image-6492\" src=\"https:\/\/www.bvvizela.pt\/site\/wp-content\/uploads\/Ana-Paula_1-243x300.jpg\" alt=\"\" width=\"100\" height=\"124\" srcset=\"https:\/\/www.bvvizela.pt\/site\/wp-content\/uploads\/Ana-Paula_1-243x300.jpg 243w, https:\/\/www.bvvizela.pt\/site\/wp-content\/uploads\/Ana-Paula_1-768x950.jpg 768w, https:\/\/www.bvvizela.pt\/site\/wp-content\/uploads\/Ana-Paula_1.jpg 789w\" sizes=\"auto, (max-width: 100px) 100vw, 100px\" \/><\/a>Ana Paula Freitas Pinheiro<\/td>\n<td width=\"184\">Vogal<\/td>\n<\/tr>\n<tr>\n<td width=\"392\"><a href=\"https:\/\/www.bvvizela.pt\/site\/wp-content\/uploads\/WhatsApp-Image-2026-02-12-at-16.42.45.jpeg\"><img loading=\"lazy\" decoding=\"async\" class=\" wp-image-6964 alignnone\" src=\"https:\/\/www.bvvizela.pt\/site\/wp-content\/uploads\/WhatsApp-Image-2026-02-12-at-16.42.45-150x150.jpeg\" alt=\"\" width=\"103\" height=\"103\" srcset=\"https:\/\/www.bvvizela.pt\/site\/wp-content\/uploads\/WhatsApp-Image-2026-02-12-at-16.42.45-150x150.jpeg 150w, https:\/\/www.bvvizela.pt\/site\/wp-content\/uploads\/WhatsApp-Image-2026-02-12-at-16.42.45-300x300.jpeg 300w, https:\/\/www.bvvizela.pt\/site\/wp-content\/uploads\/WhatsApp-Image-2026-02-12-at-16.42.45-230x230.jpeg 230w, https:\/\/www.bvvizela.pt\/site\/wp-content\/uploads\/WhatsApp-Image-2026-02-12-at-16.42.45-365x365.jpeg 365w, https:\/\/www.bvvizela.pt\/site\/wp-content\/uploads\/WhatsApp-Image-2026-02-12-at-16.42.45.jpeg 640w\" sizes=\"auto, (max-width: 103px) 100vw, 103px\" \/><\/a>J\u00falio Cristiano Ferreira Brito<\/td>\n<td width=\"184\">Vogal<\/td>\n<\/tr>\n<tr>\n<td width=\"392\"><a href=\"https:\/\/www.bvvizela.pt\/site\/wp-content\/uploads\/foto_02_b-scaled.jpg\"><img loading=\"lazy\" decoding=\"async\" class=\"alignnone wp-image-6504\" src=\"https:\/\/www.bvvizela.pt\/site\/wp-content\/uploads\/foto_02_b-233x300.jpg\" alt=\"\" width=\"100\" height=\"128\" srcset=\"https:\/\/www.bvvizela.pt\/site\/wp-content\/uploads\/foto_02_b-233x300.jpg 233w, https:\/\/www.bvvizela.pt\/site\/wp-content\/uploads\/foto_02_b-scaled.jpg 797w, https:\/\/www.bvvizela.pt\/site\/wp-content\/uploads\/foto_02_b-768x987.jpg 768w\" sizes=\"auto, (max-width: 100px) 100vw, 100px\" \/><\/a>Filipe E. M. da Costa<\/td>\n<td width=\"184\">Vogal<\/td>\n<\/tr>\n<tr>\n<td width=\"392\"><a href=\"https:\/\/www.bvvizela.pt\/site\/wp-content\/uploads\/Foto-Xavier-de-Freitas_1.jpg\"><img loading=\"lazy\" decoding=\"async\" class=\"alignnone wp-image-6501\" src=\"https:\/\/www.bvvizela.pt\/site\/wp-content\/uploads\/Foto-Xavier-de-Freitas_1-249x300.jpg\" alt=\"\" width=\"100\" height=\"121\" srcset=\"https:\/\/www.bvvizela.pt\/site\/wp-content\/uploads\/Foto-Xavier-de-Freitas_1-249x300.jpg 249w, https:\/\/www.bvvizela.pt\/site\/wp-content\/uploads\/Foto-Xavier-de-Freitas_1-768x926.jpg 768w, https:\/\/www.bvvizela.pt\/site\/wp-content\/uploads\/Foto-Xavier-de-Freitas_1.jpg 812w\" sizes=\"auto, (max-width: 100px) 100vw, 100px\" \/><\/a>Domingos Xavier Mendes de Freitas<\/td>\n<td width=\"184\">1\u00ba suplente<\/td>\n<\/tr>\n<tr>\n<td width=\"392\"><a href=\"https:\/\/www.bvvizela.pt\/site\/wp-content\/uploads\/foto_03_b-scaled.jpg\"><img loading=\"lazy\" decoding=\"async\" class=\"alignnone wp-image-6505\" src=\"https:\/\/www.bvvizela.pt\/site\/wp-content\/uploads\/foto_03_b-233x300.jpg\" alt=\"\" width=\"100\" height=\"128\" srcset=\"https:\/\/www.bvvizela.pt\/site\/wp-content\/uploads\/foto_03_b-233x300.jpg 233w, https:\/\/www.bvvizela.pt\/site\/wp-content\/uploads\/foto_03_b-scaled.jpg 797w, https:\/\/www.bvvizela.pt\/site\/wp-content\/uploads\/foto_03_b-768x987.jpg 768w\" sizes=\"auto, (max-width: 100px) 100vw, 100px\" \/><\/a>Jos\u00e9 Armando Ferreira Branco<\/td>\n<td width=\"184\">2\u00ba suplente<\/td>\n<\/tr>\n<tr>\n<td colspan=\"2\" width=\"576\">\n<p style=\"text-align: center;\"><strong>\u00a0<\/strong><strong>Conselho Fiscal<\/strong><\/p>\n<\/td>\n<\/tr>\n<tr>\n<td width=\"392\"><strong>Nome<\/strong><\/td>\n<td width=\"184\"><strong>Cargo<\/strong><\/td>\n<\/tr>\n<tr>\n<td width=\"392\"><a href=\"https:\/\/www.bvvizela.pt\/site\/wp-content\/uploads\/Foto_Presidente-Conselho-Fiscal.jpg\"><img loading=\"lazy\" decoding=\"async\" class=\"alignnone wp-image-6506\" src=\"https:\/\/www.bvvizela.pt\/site\/wp-content\/uploads\/Foto_Presidente-Conselho-Fiscal-233x300.jpg\" alt=\"\" width=\"100\" height=\"129\" srcset=\"https:\/\/www.bvvizela.pt\/site\/wp-content\/uploads\/Foto_Presidente-Conselho-Fiscal-233x300.jpg 233w, https:\/\/www.bvvizela.pt\/site\/wp-content\/uploads\/Foto_Presidente-Conselho-Fiscal.jpg 413w\" sizes=\"auto, (max-width: 100px) 100vw, 100px\" \/><\/a>Jo\u00e3o Salgado Barbosa<\/td>\n<td width=\"184\">Presidente<\/td>\n<\/tr>\n<tr>\n<td width=\"392\"><a href=\"https:\/\/www.bvvizela.pt\/site\/wp-content\/uploads\/Bento-Antunes.jpg\"><img loading=\"lazy\" decoding=\"async\" class=\"alignnone wp-image-6494\" src=\"https:\/\/www.bvvizela.pt\/site\/wp-content\/uploads\/Bento-Antunes-234x300.jpg\" alt=\"\" width=\"100\" height=\"128\" srcset=\"https:\/\/www.bvvizela.pt\/site\/wp-content\/uploads\/Bento-Antunes-234x300.jpg 234w, https:\/\/www.bvvizela.pt\/site\/wp-content\/uploads\/Bento-Antunes.jpg 345w\" sizes=\"auto, (max-width: 100px) 100vw, 100px\" \/><\/a>Bento Jos\u00e9 Pinto Antunes<\/td>\n<td width=\"184\">Vice-Presidente<\/td>\n<\/tr>\n<tr>\n<td width=\"392\"><a href=\"https:\/\/www.bvvizela.pt\/site\/wp-content\/uploads\/Foto-Dra-Carina_1.jpg\"><img loading=\"lazy\" decoding=\"async\" class=\"alignnone wp-image-6496\" src=\"https:\/\/www.bvvizela.pt\/site\/wp-content\/uploads\/Foto-Dra-Carina_1.jpg\" alt=\"\" width=\"100\" height=\"159\" \/><\/a>Carina Raquel Pinto Vieira<\/td>\n<td width=\"184\">Secret\u00e1rio-relator<\/td>\n<\/tr>\n<tr>\n<td width=\"392\"><a href=\"https:\/\/www.bvvizela.pt\/site\/wp-content\/uploads\/536272485_3250902505073959_6597515362570698156_n-scaled.jpg\"><img loading=\"lazy\" decoding=\"async\" class=\" wp-image-6962 alignnone\" src=\"https:\/\/www.bvvizela.pt\/site\/wp-content\/uploads\/536272485_3250902505073959_6597515362570698156_n-150x150.jpg\" alt=\"\" width=\"101\" height=\"101\" srcset=\"https:\/\/www.bvvizela.pt\/site\/wp-content\/uploads\/536272485_3250902505073959_6597515362570698156_n-150x150.jpg 150w, https:\/\/www.bvvizela.pt\/site\/wp-content\/uploads\/536272485_3250902505073959_6597515362570698156_n-230x230.jpg 230w, https:\/\/www.bvvizela.pt\/site\/wp-content\/uploads\/536272485_3250902505073959_6597515362570698156_n-365x365.jpg 365w\" sizes=\"auto, (max-width: 101px) 100vw, 101px\" \/><\/a>Paulo Jorge da Silva Lopes<\/td>\n<td width=\"184\">Secret\u00e1rio suplente<\/td>\n<\/tr>\n<\/tbody>\n<\/table>\n","protected":false},"excerpt":{"rendered":"<p>\u00d3RG\u00c3OS SOCIAIS Para o Tri\u00e9nio 2024 \/ 2027 Assembleia Geral Nome Cargo Armindo Fernando Duarte Faria Presidente Victor Manuel Fernandes Monteiro Vice-Presidente Marta Susana Dias Oliveira Secret\u00e1rio Ant\u00f3nio Maria Almeida Vasconcelos Suplente \u00a0Direc\u00e7\u00e3o Nome Cargo Jos\u00e9 Manuel da Silva Pires<\/p>\n","protected":false},"author":6,"featured_media":0,"parent":0,"menu_order":2,"comment_status":"closed","ping_status":"closed","template":"","meta":{"ngg_post_thumbnail":0,"footnotes":""},"class_list":["post-15","page","type-page","status-publish","hentry"],"_links":{"self":[{"href":"https:\/\/www.bvvizela.pt\/site\/wp-json\/wp\/v2\/pages\/15","targetHints":{"allow":["GET"]}}],"collection":[{"href":"https:\/\/www.bvvizela.pt\/site\/wp-json\/wp\/v2\/pages"}],"about":[{"href":"https:\/\/www.bvvizela.pt\/site\/wp-json\/wp\/v2\/types\/page"}],"author":[{"embeddable":true,"href":"https:\/\/www.bvvizela.pt\/site\/wp-json\/wp\/v2\/users\/6"}],"replies":[{"embeddable":true,"href":"https:\/\/www.bvvizela.pt\/site\/wp-json\/wp\/v2\/comments?post=15"}],"version-history":[{"count":34,"href":"https:\/\/www.bvvizela.pt\/site\/wp-json\/wp\/v2\/pages\/15\/revisions"}],"predecessor-version":[{"id":6487,"href":"https:\/\/www.bvvizela.pt\/site\/wp-json\/wp\/v2\/pages\/15\/revisions\/6487"}],"wp:attachment":[{"href":"https:\/\/www.bvvizela.pt\/site\/wp-json\/wp\/v2\/media?parent=15"}],"curies":[{"name":"wp","href":"https:\/\/api.w.org\/{rel}","templated":true}]}}