{"id":13,"date":"2010-04-23T12:04:24","date_gmt":"2010-04-23T11:04:24","guid":{"rendered":"http:\/\/www.bvvizela.pt\/site\/?page_id=13"},"modified":"2020-11-27T09:52:11","modified_gmt":"2020-11-27T09:52:11","slug":"contactos","status":"publish","type":"page","link":"https:\/\/www.bvvizela.pt\/site\/contactos\/","title":{"rendered":"Contactos"},"content":{"rendered":"<div>Real Associa\u00e7\u00e3o Humanit\u00e1ria de Bombeiros Volunt\u00e1rios de Vizela<\/div>\n<div>Avenida dos Bombeiros Volunt\u00e1rios, n.\u00ba 336<\/div>\n<div>\n<p>4815-394 Vizela<\/p>\n<\/div>\n<div>\n<p>Localiza\u00e7\u00e3o: 41\u00ba22&#8217;34.2&#8243; N 8\u00ba18&#8217;42.9&#8243; W<\/p>\n<p><strong><span style=\"color: #ff0000;\">TELEFONE : <a href=\"tel:253489100\">253 489 100<\/a><\/span><\/strong><\/p>\n<\/div>\n<p>FAX: 253 489 109<\/p>\n<p>Secretaria:&nbsp; <a href=\"mailto:secretaria@bvvizela.pt\" target=\"_blank\" rel=\"noopener noreferrer\">secretaria@bvvizela.pt<\/a><\/p>\n<p>Comando: <a href=\"mailto:bvv.comando@bvvizela.pt\" target=\"_blank\" rel=\"noopener noreferrer\">bvv.comando@bvvizela.pt<\/a><\/p>\n<p>Secretaria Comando: <a href=\"mailto:secretaria.comando@bvvizela.pt\" target=\"_blank\" rel=\"noopener noreferrer\"><span style=\"text-decoration: underline;\">secretaria.comando@bvvizela.pt<\/span><\/a><\/p>\n","protected":false},"excerpt":{"rendered":"<p>Real Associa\u00e7\u00e3o Humanit\u00e1ria de Bombeiros Volunt\u00e1rios de Vizela Avenida dos Bombeiros Volunt\u00e1rios, n.\u00ba 336 4815-394 Vizela Localiza\u00e7\u00e3o: 41\u00ba22&#8217;34.2&#8243; N 8\u00ba18&#8217;42.9&#8243; W TELEFONE : 253 489 100 FAX: 253 489 109 Secretaria:&nbsp; secretaria@bvvizela.pt Comando: bvv.comando@bvvizela.pt Secretaria Comando: secretaria.comando@bvvizela.pt<\/p>\n","protected":false},"author":6,"featured_media":0,"parent":0,"menu_order":6,"comment_status":"closed","ping_status":"closed","template":"","meta":{"ngg_post_thumbnail":0,"footnotes":""},"class_list":["post-13","page","type-page","status-publish","hentry"],"_links":{"self":[{"href":"https:\/\/www.bvvizela.pt\/site\/wp-json\/wp\/v2\/pages\/13","targetHints":{"allow":["GET"]}}],"collection":[{"href":"https:\/\/www.bvvizela.pt\/site\/wp-json\/wp\/v2\/pages"}],"about":[{"href":"https:\/\/www.bvvizela.pt\/site\/wp-json\/wp\/v2\/types\/page"}],"author":[{"embeddable":true,"href":"https:\/\/www.bvvizela.pt\/site\/wp-json\/wp\/v2\/users\/6"}],"replies":[{"embeddable":true,"href":"https:\/\/www.bvvizela.pt\/site\/wp-json\/wp\/v2\/comments?post=13"}],"version-history":[{"count":23,"href":"https:\/\/www.bvvizela.pt\/site\/wp-json\/wp\/v2\/pages\/13\/revisions"}],"predecessor-version":[{"id":6195,"href":"https:\/\/www.bvvizela.pt\/site\/wp-json\/wp\/v2\/pages\/13\/revisions\/6195"}],"wp:attachment":[{"href":"https:\/\/www.bvvizela.pt\/site\/wp-json\/wp\/v2\/media?parent=13"}],"curies":[{"name":"wp","href":"https:\/\/api.w.org\/{rel}","templated":true}]}}