{"id":1248,"date":"2011-01-05T10:10:40","date_gmt":"2011-01-05T10:10:40","guid":{"rendered":"http:\/\/www.bvvizela.pt\/site\/"},"modified":"2017-11-28T16:59:12","modified_gmt":"2017-11-28T16:59:12","slug":"intoxicacoes","status":"publish","type":"page","link":"https:\/\/www.bvvizela.pt\/site\/informacoes\/intoxicacoes\/","title":{"rendered":"Intoxica\u00e7\u00f5es"},"content":{"rendered":"<p>Seguindo a c\u00e9lere frase \u201cTudo \u00e9 veneno e Nada \u00e9 Veneno\u201d especifica muito bem a maioria das intoxica\u00e7\u00f5es.<\/p>\n<p>O corpo\/organismo humano consegue tratar e eliminar grande parte dos t\u00f3xicos que todos os dias absorvemos, quer por medica\u00e7\u00e3o, alimenta\u00e7\u00e3o, inala\u00e7\u00e3o e at\u00e9 mesmo por absor\u00e7\u00e3o pela pele.<\/p>\n<p>Quando o agente t\u00f3xico entra no corpo em excesso, quer por forma volunt\u00e1ria ou acidental o organismo n\u00e3o consegue expulsar ou tratar do excedente e estamos desta forma com uma intoxica\u00e7\u00e3o (entrada de um t\u00f3xico no organismo), que produz alguns efeitos que por vezes acabam por ser fatais para o ser humano.<\/p>\n<p>A gravidade da intoxica\u00e7\u00e3o depende da capacidade de absor\u00e7\u00e3o do organismo, do produto em causa, do local e das condi\u00e7\u00f5es ambientais. Existem t\u00f3xicos que s\u00e3o fatais mesmo em pequena quantidade, outros \u00e9 pela sua toma em grandes quantidades, outros s\u00e3o pela sua toma prolongada. Os locais de entrada do t\u00f3xico tamb\u00e9m podem ser muito graves se afectarem as vias a\u00e9reas (respira\u00e7\u00e3o) e mucosas (\u00f3rg\u00e3os genitais e aparelho digestivo) pelo seu grande poder de absor\u00e7\u00e3o.<\/p>\n<p>Em todo o caso s\u00f3 tomando medidas preventivas \u00e9 que se podem evitar alguns acidentes e a toma volunt\u00e1ria dos produtos potencialmente mal\u00e9ficos.<\/p>\n<p>Contudo em caso de intoxica\u00e7\u00e3o ligue de imediato 112 ou para o <strong>Centro de Informa\u00e7\u00e3o Anti-Venenos<\/strong> pelo<\/p>\n<h1 style=\"text-align: center;\"><strong>808 250 143<\/strong><\/h1>\n<p>\u00c9 um servi\u00e7o m\u00e9dico a funcionar 24 horas todos os dias do ano.<\/p>\n<p>Quais as informa\u00e7\u00f5es que ter\u00e1 de informar?<\/p>\n<ul>\n<li>Quem? \u2013 Idade, sexo, se est\u00e1 gr\u00e1vida, etc.<\/li>\n<li>O qu\u00ea? \u2013 Produto, animal, planta, cogumelo, etc.<\/li>\n<li>Quanto? \u2013 Quantidade de produto ou tempo de exposi\u00e7\u00e3o ao produto.<\/li>\n<li>Quando? \u2013 H\u00e1 quanto tempo.<\/li>\n<li>Onde? \u2013 Casa, trabalho, rua, etc.<\/li>\n<li>Como? \u2013 Na comida, se est\u00e1 em jejum, com bebidas, etc.<\/li>\n<\/ul>\n<p style=\"text-align: center;\"><strong>A sua colabora\u00e7\u00e3o \u00e9 fundamental<\/strong><strong><br \/>\n<\/strong><strong>Preste aten\u00e7\u00e3o \u00e0s perguntas efectuadas<\/strong><strong><br \/>\n<\/strong><strong>Siga as instru\u00e7\u00f5es indicadas.<\/strong><\/p>\n<p>Lembre-se que este servi\u00e7o est\u00e1 ao dispor dos servi\u00e7os m\u00e9dicos e \u00e1 popula\u00e7\u00e3o em geral. Se voc\u00ea \u00e9 o primeiro a ter contacto pode ter uma ac\u00e7\u00e3o positiva no salvamento de vidas humanas.<\/p>\n","protected":false},"excerpt":{"rendered":"<p>Seguindo a c\u00e9lere frase \u201cTudo \u00e9 veneno e Nada \u00e9 Veneno\u201d especifica muito bem a maioria das intoxica\u00e7\u00f5es. O corpo\/organismo humano consegue tratar e eliminar grande parte dos t\u00f3xicos que todos os dias absorvemos, quer por medica\u00e7\u00e3o, alimenta\u00e7\u00e3o, inala\u00e7\u00e3o e<\/p>\n","protected":false},"author":2,"featured_media":0,"parent":71,"menu_order":0,"comment_status":"closed","ping_status":"closed","template":"","meta":{"ngg_post_thumbnail":0,"footnotes":""},"class_list":["post-1248","page","type-page","status-publish","hentry"],"_links":{"self":[{"href":"https:\/\/www.bvvizela.pt\/site\/wp-json\/wp\/v2\/pages\/1248","targetHints":{"allow":["GET"]}}],"collection":[{"href":"https:\/\/www.bvvizela.pt\/site\/wp-json\/wp\/v2\/pages"}],"about":[{"href":"https:\/\/www.bvvizela.pt\/site\/wp-json\/wp\/v2\/types\/page"}],"author":[{"embeddable":true,"href":"https:\/\/www.bvvizela.pt\/site\/wp-json\/wp\/v2\/users\/2"}],"replies":[{"embeddable":true,"href":"https:\/\/www.bvvizela.pt\/site\/wp-json\/wp\/v2\/comments?post=1248"}],"version-history":[{"count":4,"href":"https:\/\/www.bvvizela.pt\/site\/wp-json\/wp\/v2\/pages\/1248\/revisions"}],"predecessor-version":[{"id":4640,"href":"https:\/\/www.bvvizela.pt\/site\/wp-json\/wp\/v2\/pages\/1248\/revisions\/4640"}],"up":[{"embeddable":true,"href":"https:\/\/www.bvvizela.pt\/site\/wp-json\/wp\/v2\/pages\/71"}],"wp:attachment":[{"href":"https:\/\/www.bvvizela.pt\/site\/wp-json\/wp\/v2\/media?parent=1248"}],"curies":[{"name":"wp","href":"https:\/\/api.w.org\/{rel}","templated":true}]}}