{"id":1244,"date":"2010-12-24T11:13:08","date_gmt":"2010-12-24T11:13:08","guid":{"rendered":"http:\/\/www.bvvizela.pt\/site\/"},"modified":"2017-11-28T16:59:06","modified_gmt":"2017-11-28T16:59:06","slug":"golpe-de-frio-enregelamento","status":"publish","type":"page","link":"https:\/\/www.bvvizela.pt\/site\/informacoes\/golpe-de-frio-enregelamento\/","title":{"rendered":"Golpe de Frio (Enregelamento)"},"content":{"rendered":"<p><strong><br \/>\n<\/strong><\/p>\n<p>O golpe de frio\/ enregelamento \u00e9 uma situa\u00e7\u00e3o resultante da exposi\u00e7\u00e3o excessiva ao frio; existe uma evolu\u00e7\u00e3o progressiva que vai do torpor ao enregelamento constitu\u00eddo e, por \u00faltimo, \u00e0 gangrena e mesmo \u00e0 morte.<\/p>\n<p><strong>Sinais e Sintomas:<\/strong><\/p>\n<p>Deve-se pensar na possibilidade de golpe de frio ou enregelamento sempre que haja um ou mais dos seguintes sinais e sintomas, vari\u00e1veis com a gravidade da situa\u00e7\u00e3o:<\/p>\n<p>&#8211; Arrepios.<\/p>\n<p>&#8211; Torpor (sensa\u00e7\u00e3o de formigueiro e adormecimento dos p\u00e9s, m\u00e3os e orelhas).<\/p>\n<p>&#8211; C\u00e3ibras.<\/p>\n<p>&#8211; Baixa progressiva da temperatura, extremidades geladas.<\/p>\n<p>&#8211; Insensibilidade \u00e0s les\u00f5es<\/p>\n<p>&#8211; Dor intensa nas zonas enregeladas.<\/p>\n<p>&#8211; Gangrena.<\/p>\n<p>&#8211; Estado de choque.<\/p>\n<p>&#8211; Coma.<\/p>\n<p><strong>O que deve fazer:<\/strong><\/p>\n<p>Depende do grau de gravidade do estado da v\u00edtima. Deve:<\/p>\n<p>&#8211; Desapertar os sapatos e pedir \u00e0 v\u00edtima que bata com os p\u00e9s no ch\u00e3o e as m\u00e3os uma na outra para reactivar a circula\u00e7\u00e3o.<\/p>\n<p>&#8211; Envolver a v\u00edtima em cobertores.<\/p>\n<p>&#8211; Dar bebidas quentes e a\u00e7ucaradas.<\/p>\n<p>Nos casos mais graves, a situa\u00e7\u00e3o pode evoluir para o estado de choque; deve ent\u00e3o proceder de acordo com o indicado na respectiva p\u00e1gina.<\/p>\n<p>\u00c9 uma situa\u00e7\u00e3o grave que necessita de transporte para o Hospital.<\/p>\n<p>&nbsp;<\/p>\n<p><strong>O que n\u00e3o deve fazer:<\/strong><\/p>\n<p>&#8211; Mexer nas zonas do corpo congeladas.<\/p>\n<p>&#8211; Iniciar o aquecimento por um banho quente.<\/p>\n<p>&#8211; Dar a beber bebidas alco\u00f3licas.<\/p>\n<p>Note bem:<\/p>\n<p>O enregelamento \u00e9 agravado pelo frio h\u00famido, cal\u00e7ado apertado, fadiga, posi\u00e7\u00e3o de p\u00e9 e ingest\u00e3o de bebidas alco\u00f3licas.<\/p>\n<p><strong>Previne-se:<\/strong><\/p>\n<p>&#8211; Evitando a imobilidade e o excesso de cansa\u00e7o.<\/p>\n<p>&#8211; Habituando-se progressivamente ao frio e \u00e0 altitude.<\/p>\n<p>&#8211; Fazendo uma alimenta\u00e7\u00e3o com refei\u00e7\u00f5es quentes e ricas em hidratos de carbono.<\/p>\n<p>&#8211; N\u00e3o ingerindo bebidas alco\u00f3licas.<\/p>\n<p>&#8211; Utilizando roupas amplas e quentes, cal\u00e7ando largo e duas meias, uma espessa e outra fina.<\/p>\n","protected":false},"excerpt":{"rendered":"<p>O golpe de frio\/ enregelamento \u00e9 uma situa\u00e7\u00e3o resultante da exposi\u00e7\u00e3o excessiva ao frio; existe uma evolu\u00e7\u00e3o progressiva que vai do torpor ao enregelamento constitu\u00eddo e, por \u00faltimo, \u00e0 gangrena e mesmo \u00e0 morte. Sinais e Sintomas: Deve-se pensar na<\/p>\n","protected":false},"author":2,"featured_media":0,"parent":71,"menu_order":0,"comment_status":"closed","ping_status":"closed","template":"","meta":{"ngg_post_thumbnail":0,"footnotes":""},"class_list":["post-1244","page","type-page","status-publish","hentry"],"_links":{"self":[{"href":"https:\/\/www.bvvizela.pt\/site\/wp-json\/wp\/v2\/pages\/1244","targetHints":{"allow":["GET"]}}],"collection":[{"href":"https:\/\/www.bvvizela.pt\/site\/wp-json\/wp\/v2\/pages"}],"about":[{"href":"https:\/\/www.bvvizela.pt\/site\/wp-json\/wp\/v2\/types\/page"}],"author":[{"embeddable":true,"href":"https:\/\/www.bvvizela.pt\/site\/wp-json\/wp\/v2\/users\/2"}],"replies":[{"embeddable":true,"href":"https:\/\/www.bvvizela.pt\/site\/wp-json\/wp\/v2\/comments?post=1244"}],"version-history":[{"count":3,"href":"https:\/\/www.bvvizela.pt\/site\/wp-json\/wp\/v2\/pages\/1244\/revisions"}],"predecessor-version":[{"id":4639,"href":"https:\/\/www.bvvizela.pt\/site\/wp-json\/wp\/v2\/pages\/1244\/revisions\/4639"}],"up":[{"embeddable":true,"href":"https:\/\/www.bvvizela.pt\/site\/wp-json\/wp\/v2\/pages\/71"}],"wp:attachment":[{"href":"https:\/\/www.bvvizela.pt\/site\/wp-json\/wp\/v2\/media?parent=1244"}],"curies":[{"name":"wp","href":"https:\/\/api.w.org\/{rel}","templated":true}]}}