{"id":1090,"date":"2010-11-30T15:46:49","date_gmt":"2010-11-30T15:46:49","guid":{"rendered":"http:\/\/www.bvvizela.pt\/site\/"},"modified":"2017-11-28T16:59:15","modified_gmt":"2017-11-28T16:59:15","slug":"queimaduras","status":"publish","type":"page","link":"https:\/\/www.bvvizela.pt\/site\/informacoes\/queimaduras\/","title":{"rendered":"Queimaduras"},"content":{"rendered":"<h1><span style=\"font-weight: normal; font-size: 13px;\">As queimaduras s\u00e3o um dos acidentes pessoais que mais sofremos. Na sua maioria s\u00e3o dolorosas e sem gravidade, contudo existem algumas em que a nossa actua\u00e7\u00e3o prim\u00e1ria deve \u00e9 essencial para evitar o seu agravamento.<\/span><\/h1>\n<p>A gravidade das queimaduras tem a ver com v\u00e1rios factores:<\/p>\n<ul>\n<li>A causa<\/li>\n<li>O local<\/li>\n<li>Extens\u00e3o<\/li>\n<li>Profundidade.<\/li>\n<\/ul>\n<p>A <strong>Causa<\/strong> das queimaduras podem ser por:<\/p>\n<ul>\n<li>Calor<\/li>\n<li>Frio<\/li>\n<li>Electricidade<\/li>\n<li>Produtos qu\u00edmicos.<\/li>\n<\/ul>\n<p>Quanto ao <strong>Local<\/strong> da queimadura, estas s\u00e3o graves se forem:<\/p>\n<ul>\n<li>Na face<\/li>\n<li>Na via a\u00e9rea (boca, nariz ou estoma [garganta])<\/li>\n<li>Nos \u00f3rg\u00e3os genitais.<\/li>\n<\/ul>\n<p>Pela sua <strong>Extens\u00e3o<\/strong>, isto \u00e9 a percentagem do corpo que est\u00e1 queimada dependem em muito do local e da profundidade, <span style=\"text-decoration: underline;\">sendo que 1% \u00e9 o equivalente a 1 m\u00e3o da V\u00edtima<\/span>.<\/p>\n<p>Quanto \u00e1<strong> Profundidade<\/strong> das queimaduras dependem das caracter\u00edsticas que apresentam e da profundidade da pele e outros tecidos abaixo que foram queimados. Assim:<\/p>\n<p>1\u00ba Grau \u2013 afecta apenas a superf\u00edcie de pele, que fica dolorosa, vermelha e muito sens\u00edvel.<\/p>\n<p>2\u00ba Grau \u2013 afecta toda a pele, \u00e9 bastante dolorosa e aparecem bolhas de plasma (flictenas).<\/p>\n<p>3\u00ba Grau \u2013 afecta j\u00e1 os tecidos abaixo da pele, que entretanto j\u00e1 n\u00e3o existe e fica com uma colora\u00e7\u00e3o de acastanhado\/negra\/esbranqui\u00e7ada e quase sempre sem dor por destrui\u00e7\u00e3o dos terminais nervosos.<\/p>\n<p>4\u00ba Grau \u2013 considera-se, em diversas bibliografias, como sendo destrui\u00e7\u00e3o total da \u00e1rea afectada de forma a diferenciar do 3\u00ba Grau.<\/p>\n<p><span style=\"font-weight: normal;\"><strong><span style=\"text-decoration: underline;\">*Actua\u00e7\u00e3o*<\/span><\/strong><\/span><\/p>\n<p>A actua\u00e7\u00e3o para a maioria das queimaduras \u00e9:<\/p>\n<ul>\n<li>Aplica\u00e7\u00e3o de \u00e1gua fria ou temperatura ambiente, mas nunca gelada, (prefer\u00eancia soro fisiol\u00f3gico) em abund\u00e2ncia, nos membros devem ser mergulhados em \u00e1gua.<\/li>\n<li>As roupas e adornos devem ser retirados e proteger a v\u00edtima com um len\u00e7ol para queimados ou um len\u00e7ol limpo de algod\u00e3o (100%).<\/li>\n<li>Irrigando na zona afectada para prevenir a desidrata\u00e7\u00e3o (sem pele), e diminuir a dor (sempre deitar \u00e1gua at\u00e9 deixar de doer quando n\u00e3o esta com \u00e1gua).<\/li>\n<li>Muita aten\u00e7\u00e3o ao material usado que deve ser o mais limpo poss\u00edvel e se poss\u00edvel usar material esterilizado.<\/li>\n<\/ul>\n<p>Situa\u00e7\u00f5es espec\u00edficas:<\/p>\n<ul>\n<li>Electricidade: deve-se primeiro certificar que a corrente foi desligada e aguardar que toda a electricidade que possa ter acumulado saia, e s\u00f3 depois devemos actuar.<\/li>\n<li>Produtos qu\u00edmicos: toda a roupa deve ser retirada e deve estar a ser lavada a zona durante 15 minutos com \u00e1gua corrente. Nos casos de reac\u00e7\u00f5es qu\u00edmicas com \u00e1gua conv\u00e9m verificar as fichas de seguran\u00e7a do produto para aplicar o ant\u00eddoto ou se a extens\u00e3o for pequena deve-se limpar com panos h\u00famidos com uso \u00fanico de cada vez que se utiliza (v\u00e1rios numa queimadura), com o objectivo de diminuir a concentra\u00e7\u00e3o do qu\u00edmico.<\/li>\n<li>Queimaduras por Frio: muito cuidado com a abordagem e \u00e1 temperatura do material de socorro, que devem estar \u00e1 temperatura ambiente e s\u00f3 depois ir aquecendo gradualmente a v\u00edtima.<\/li>\n<\/ul>\n<p><span style=\"font-weight: normal;\"><strong><span style=\"text-decoration: underline;\">*O que n\u00e3o deve fazer*<\/span><\/strong><\/span><\/p>\n<p><span style=\"text-decoration: underline;\">Chegar gorduras<\/span>: porque evitam o calor de sair dos tecidos e agravam a les\u00e3o (ex. vaselina, manteigas, margarinas, pomadas)<\/p>\n<p><span style=\"text-decoration: underline;\">Usar pomadas e cremes como socorro inicial<\/span>: deve-se em primeiro lugar deixar sair toda a energia (at\u00e9 deixar de doer) e s\u00f3 depois aplicar as pomadas e cremes apropriados para queimaduras e hidratantes da pele.<\/p>\n<p><span style=\"text-decoration: underline;\">\u00c1lcool e pasta dos dentes<\/span>: d\u00e1 a sensa\u00e7\u00e3o de frescura mas est\u00e1 a lesionar as c\u00e9lulas que ainda tinham resistido \u00e1 queimadura.<\/p>\n","protected":false},"excerpt":{"rendered":"<p>As queimaduras s\u00e3o um dos acidentes pessoais que mais sofremos. Na sua maioria s\u00e3o dolorosas e sem gravidade, contudo existem algumas em que a nossa actua\u00e7\u00e3o prim\u00e1ria deve \u00e9 essencial para evitar o seu agravamento. A gravidade das queimaduras tem<\/p>\n","protected":false},"author":2,"featured_media":0,"parent":71,"menu_order":0,"comment_status":"closed","ping_status":"closed","template":"","meta":{"ngg_post_thumbnail":0,"footnotes":""},"class_list":["post-1090","page","type-page","status-publish","hentry"],"_links":{"self":[{"href":"https:\/\/www.bvvizela.pt\/site\/wp-json\/wp\/v2\/pages\/1090","targetHints":{"allow":["GET"]}}],"collection":[{"href":"https:\/\/www.bvvizela.pt\/site\/wp-json\/wp\/v2\/pages"}],"about":[{"href":"https:\/\/www.bvvizela.pt\/site\/wp-json\/wp\/v2\/types\/page"}],"author":[{"embeddable":true,"href":"https:\/\/www.bvvizela.pt\/site\/wp-json\/wp\/v2\/users\/2"}],"replies":[{"embeddable":true,"href":"https:\/\/www.bvvizela.pt\/site\/wp-json\/wp\/v2\/comments?post=1090"}],"version-history":[{"count":15,"href":"https:\/\/www.bvvizela.pt\/site\/wp-json\/wp\/v2\/pages\/1090\/revisions"}],"predecessor-version":[{"id":4641,"href":"https:\/\/www.bvvizela.pt\/site\/wp-json\/wp\/v2\/pages\/1090\/revisions\/4641"}],"up":[{"embeddable":true,"href":"https:\/\/www.bvvizela.pt\/site\/wp-json\/wp\/v2\/pages\/71"}],"wp:attachment":[{"href":"https:\/\/www.bvvizela.pt\/site\/wp-json\/wp\/v2\/media?parent=1090"}],"curies":[{"name":"wp","href":"https:\/\/api.w.org\/{rel}","templated":true}]}}