{"id":1045,"date":"2010-11-23T14:11:47","date_gmt":"2010-11-23T14:11:47","guid":{"rendered":"http:\/\/www.bvvizela.pt\/site\/"},"modified":"2017-11-28T16:59:02","modified_gmt":"2017-11-28T16:59:02","slug":"enfarte","status":"publish","type":"page","link":"https:\/\/www.bvvizela.pt\/site\/informacoes\/enfarte\/","title":{"rendered":"Enfarte Agudo do Mioc\u00e1rdio"},"content":{"rendered":"<p>Quando se tem uma dor no peito \u00e9 muito natural ficarmos preocupados e a raz\u00e3o \u00e9 que o cora\u00e7\u00e3o e os pulm\u00f5es, ambos \u00f3rg\u00e3os nobres, se alojam por debaixo da grelha costal.<\/p>\n<p>Existem dois tipos de dor, a de <strong>Origem Card\u00edaca<\/strong> e <strong>Origem N\u00e3o Card\u00edaca<\/strong><\/p>\n<p><strong>Origem card\u00edaca <\/strong><\/p>\n<p>A dor de origem card\u00edaca surge quando existe a falta de aporte de oxig\u00e9nio causada pela diminui\u00e7\u00e3o do di\u00e2metro dos vasos sangu\u00edneos ou o colapso deste, que por sua vez pode ser causada pelo processo de aterosclerose (acumulo de gordura nas paredes das art\u00e9rias) ou pelo enfraquecimento das paredes que colapsam (aneurisma).<\/p>\n<p>Perante os sinais e sintomas:<\/p>\n<ul>\n<li>Dor forte do tipo \u201cfacada\u201d, \u201copress\u00e3o\u201d, \u201cc\u00e3o a ferrar\u201d, na sua maioria desencadeada em repouso ou ap\u00f3s alguma emo\u00e7\u00e3o forte;<\/li>\n<li>Dor n\u00e3o abranda, mesmo adoptando posi\u00e7\u00f5es mais confort\u00e1veis;<\/li>\n<li>A dor \u00e9 persistente e aloja-se na mand\u00edbula ou membros superiores, principalmente o esquerdo;<\/li>\n<li>Apresenta uma \u201cfalta de ar\u201d associada (edema agudo do pulm\u00e3o);<\/li>\n<li>Sente-se cansado e esta a suar bastante.<\/li>\n<\/ul>\n<p>N\u00e3o hesite em ligar <strong>112<\/strong> ou directamente aos BVV (253 489 100) que transferem a chamada ao CODU e transmitir:<\/p>\n<ul>\n<li>Local onde est\u00e1, com pontos de refer\u00eancia (ex. caf\u00e9, cruzamento, igreja)<\/li>\n<li>O que se passa com a v\u00edtima<\/li>\n<li>Aguarde instru\u00e7\u00f5es pois o m\u00e9dico do CODU pode dar-lhe ac\u00e7\u00f5es para fazer enquanto n\u00e3o chega o socorro e pode querer perguntar informa\u00e7\u00f5es para tentar excluir outro tipo de doen\u00e7a.<\/li>\n<\/ul>\n<p>Lembre-se que voc\u00ea \u00e9 o primeiro elo da cadeia que ir\u00e1 desencadear no socorro a essa v\u00edtima e por isso \u00e9 muito importante. Mantenha a calma para poder responder \u00e0s quest\u00f5es e principalmente para poder efectuar um <strong>pr\u00e9-socorro.<\/strong><\/p>\n<p>Se n\u00e3o \u00e9 o primeiro epis\u00f3dio, ou seja, se alguma vez j\u00e1 teve um enfarte, deve indicar ao CODU e aos socorristas. Se tiver os comprimidos para SOS (vasodilatadores) \u00e9 altura de os tomar.<\/p>\n<p>S\u00f3 no hospital \u00e9 que se consegue fazer o diagn\u00f3stico, <strong>n\u00e3o facilite<\/strong> para bem da sua sa\u00fade.<\/p>\n<p><strong>Origem N\u00e3o Card\u00edaca<\/strong><\/p>\n<p>&nbsp;<\/p>\n<p>A dor que sentimos no peito pode tamb\u00e9m ter origem nos m\u00fasculos ou nos pulm\u00f5es quer por ruptura ou infec\u00e7\u00e3o. Horas ap\u00f3s um grande esfor\u00e7o f\u00edsico, \u201cmau jeito\u201d, uma pancada, uma pneumonia, ou outra infec\u00e7\u00e3o na via a\u00e9rea ou nas membranas envolventes aos \u00f3rg\u00e3os, podem causar estas dores que nada t\u00eam a ver com o cora\u00e7\u00e3o. Apesar de aparentemente n\u00e3o serem t\u00e3o graves como as de origem card\u00edaca, devemos sempre seguir ao hospital\/unidade de sa\u00fade para termos um diagn\u00f3stico.<\/p>\n","protected":false},"excerpt":{"rendered":"<p>Quando se tem uma dor no peito \u00e9 muito natural ficarmos preocupados e a raz\u00e3o \u00e9 que o cora\u00e7\u00e3o e os pulm\u00f5es, ambos \u00f3rg\u00e3os nobres, se alojam por debaixo da grelha costal. Existem dois tipos de dor, a de Origem<\/p>\n","protected":false},"author":2,"featured_media":0,"parent":71,"menu_order":0,"comment_status":"closed","ping_status":"closed","template":"","meta":{"ngg_post_thumbnail":0,"footnotes":""},"class_list":["post-1045","page","type-page","status-publish","hentry"],"_links":{"self":[{"href":"https:\/\/www.bvvizela.pt\/site\/wp-json\/wp\/v2\/pages\/1045","targetHints":{"allow":["GET"]}}],"collection":[{"href":"https:\/\/www.bvvizela.pt\/site\/wp-json\/wp\/v2\/pages"}],"about":[{"href":"https:\/\/www.bvvizela.pt\/site\/wp-json\/wp\/v2\/types\/page"}],"author":[{"embeddable":true,"href":"https:\/\/www.bvvizela.pt\/site\/wp-json\/wp\/v2\/users\/2"}],"replies":[{"embeddable":true,"href":"https:\/\/www.bvvizela.pt\/site\/wp-json\/wp\/v2\/comments?post=1045"}],"version-history":[{"count":4,"href":"https:\/\/www.bvvizela.pt\/site\/wp-json\/wp\/v2\/pages\/1045\/revisions"}],"predecessor-version":[{"id":4637,"href":"https:\/\/www.bvvizela.pt\/site\/wp-json\/wp\/v2\/pages\/1045\/revisions\/4637"}],"up":[{"embeddable":true,"href":"https:\/\/www.bvvizela.pt\/site\/wp-json\/wp\/v2\/pages\/71"}],"wp:attachment":[{"href":"https:\/\/www.bvvizela.pt\/site\/wp-json\/wp\/v2\/media?parent=1045"}],"curies":[{"name":"wp","href":"https:\/\/api.w.org\/{rel}","templated":true}]}}